{"id":10878,"date":"2025-10-09T00:00:00","date_gmt":"2025-10-08T22:00:00","guid":{"rendered":"https:\/\/yotavis.ch\/product\/it8424-600-600\/"},"modified":"2026-04-24T13:45:48","modified_gmt":"2026-04-24T11:45:48","slug":"it8424-600-600","status":"publish","type":"product","link":"https:\/\/yotavis.ch\/fr\/produit\/it8424-600-600\/","title":{"rendered":"IT8424-600-600"},"content":{"rendered":"<p>L'ITECH IT8424-600-600 est une charge \u00e9lectronique DC con\u00e7ue pour g\u00e9rer jusqu'\u00e0 600 volts et 600 amp\u00e8res, d\u00e9livrant une puissance maximale de 24 000 watts. Il est dot\u00e9 d'un ch\u00e2ssis de taille 27U et comprend un seul canal de sortie. Ce mod\u00e8le prend en charge la fonctionnalit\u00e9 de commande \u00e0 distance, ce qui permet un fonctionnement flexible dans divers environnements de test. Les options de connectivit\u00e9 sont compl\u00e8tes, avec des interfaces LAN, USB, RS232, GPIB, CAN et analogiques standard pour faciliter l'int\u00e9gration avec diff\u00e9rents syst\u00e8mes. L'appareil est con\u00e7u pour fournir des performances fiables pour les applications exigeantes n\u00e9cessitant des charges de tension et de courant \u00e9lev\u00e9es. Sa conception permet un contr\u00f4le et une mesure pr\u00e9cis, ce qui le rend adapt\u00e9 aux sc\u00e9narios de recherche, de d\u00e9veloppement et de test de production. L'inclusion de plusieurs interfaces de communication garantit la compatibilit\u00e9 avec une large gamme de configurations de contr\u00f4le et de surveillance, ce qui renforce sa polyvalence dans les environnements professionnels.<\/p>","protected":false},"excerpt":{"rendered":"<p>DC E-load 600V\/600A\/24kW, 27U, LAN standard, USB, RS232, GPIB, CAN et interface analogique<\/p>","protected":false},"featured_media":12382,"comment_status":"closed","ping_status":"closed","template":"","meta":{"_acf_changed":false,"slim_seo":{"title":"IT8424-600-600 - YOTAVIS AG","description":"DC E-load 600V\/600A\/24kW, 27U, LAN standard, USB, RS232, GPIB, CAN et interface analogique"}},"product_brand":[822],"product_cat":[517,515],"product_tag":[],"class_list":{"0":"post-10878","1":"product","2":"type-product","3":"status-publish","4":"has-post-thumbnail","6":"product_brand-itech","7":"product_cat-dc-load-en","8":"product_cat-power-en","9":"pa_current-a-0-25","10":"pa_output-number-146","11":"pa_power-w-633","12":"pa_remote-control-yes","13":"pa_voltage-v-920","15":"first","16":"instock","17":"taxable","18":"shipping-taxable","19":"product-type-simple"},"acf":[],"_links":{"self":[{"href":"https:\/\/yotavis.ch\/fr\/wp-json\/wp\/v2\/product\/10878","targetHints":{"allow":["GET"]}}],"collection":[{"href":"https:\/\/yotavis.ch\/fr\/wp-json\/wp\/v2\/product"}],"about":[{"href":"https:\/\/yotavis.ch\/fr\/wp-json\/wp\/v2\/types\/product"}],"replies":[{"embeddable":true,"href":"https:\/\/yotavis.ch\/fr\/wp-json\/wp\/v2\/comments?post=10878"}],"wp:featuredmedia":[{"embeddable":true,"href":"https:\/\/yotavis.ch\/fr\/wp-json\/wp\/v2\/media\/12382"}],"wp:attachment":[{"href":"https:\/\/yotavis.ch\/fr\/wp-json\/wp\/v2\/media?parent=10878"}],"wp:term":[{"taxonomy":"product_brand","embeddable":true,"href":"https:\/\/yotavis.ch\/fr\/wp-json\/wp\/v2\/product_brand?post=10878"},{"taxonomy":"product_cat","embeddable":true,"href":"https:\/\/yotavis.ch\/fr\/wp-json\/wp\/v2\/product_cat?post=10878"},{"taxonomy":"product_tag","embeddable":true,"href":"https:\/\/yotavis.ch\/fr\/wp-json\/wp\/v2\/product_tag?post=10878"}],"curies":[{"name":"wp","href":"https:\/\/api.w.org\/{rel}","templated":true}]}}