{"id":10880,"date":"2025-10-09T00:00:00","date_gmt":"2025-10-08T22:00:00","guid":{"rendered":"https:\/\/yotavis.ch\/product\/it8430-600-750\/"},"modified":"2026-04-24T13:45:49","modified_gmt":"2026-04-24T11:45:49","slug":"it8430-600-750","status":"publish","type":"product","link":"https:\/\/yotavis.ch\/fr\/produit\/it8430-600-750\/","title":{"rendered":"IT8430-600-750"},"content":{"rendered":"<p>L'IT8430-600-750 est une charge \u00e9lectronique CC con\u00e7ue pour g\u00e9rer jusqu'\u00e0 600 volts et 750 amp\u00e8res, d\u00e9livrant une puissance maximale de 30 000 watts. Il est dot\u00e9 d'un ch\u00e2ssis de 27U et comprend un seul canal de sortie. L'appareil est dot\u00e9 d'une fonction de commande \u00e0 distance, ce qui permet de l'utiliser facilement \u00e0 distance. Les options de connectivit\u00e9 sont compl\u00e8tes, avec des interfaces standard LAN, USB, RS232, GPIB, CAN et analogiques disponibles pour l'int\u00e9gration dans divers environnements de test. Cette charge \u00e9lectronique est fabriqu\u00e9e par ITECH, une marque connue pour ses instruments de pr\u00e9cision. La combinaison d'une tension \u00e9lev\u00e9e, d'une capacit\u00e9 de courant et d'interfaces de communication multiples la rend adapt\u00e9e aux applications exigeantes n\u00e9cessitant des tests de charge CC fiables.<\/p>","protected":false},"excerpt":{"rendered":"<p>DC E-load 600V\/750A\/30kW, 27U, LAN standard, USB, RS232, GPIB, CAN et interface analogique<\/p>","protected":false},"featured_media":12382,"comment_status":"closed","ping_status":"closed","template":"","meta":{"_acf_changed":false,"slim_seo":{"title":"IT8430-600-750 - YOTAVIS AG","description":"DC E-load 600V\/750A\/30kW, 27U, LAN standard, USB, RS232, GPIB, CAN et interface analogique"}},"product_brand":[822],"product_cat":[517,515],"product_tag":[],"class_list":{"0":"post-10880","1":"product","2":"type-product","3":"status-publish","4":"has-post-thumbnail","6":"product_brand-itech","7":"product_cat-dc-load-en","8":"product_cat-power-en","9":"pa_current-a-982","10":"pa_output-number-146","11":"pa_power-w-635","12":"pa_remote-control-yes","13":"pa_voltage-v-920","15":"first","16":"instock","17":"taxable","18":"shipping-taxable","19":"product-type-simple"},"acf":[],"_links":{"self":[{"href":"https:\/\/yotavis.ch\/fr\/wp-json\/wp\/v2\/product\/10880","targetHints":{"allow":["GET"]}}],"collection":[{"href":"https:\/\/yotavis.ch\/fr\/wp-json\/wp\/v2\/product"}],"about":[{"href":"https:\/\/yotavis.ch\/fr\/wp-json\/wp\/v2\/types\/product"}],"replies":[{"embeddable":true,"href":"https:\/\/yotavis.ch\/fr\/wp-json\/wp\/v2\/comments?post=10880"}],"wp:featuredmedia":[{"embeddable":true,"href":"https:\/\/yotavis.ch\/fr\/wp-json\/wp\/v2\/media\/12382"}],"wp:attachment":[{"href":"https:\/\/yotavis.ch\/fr\/wp-json\/wp\/v2\/media?parent=10880"}],"wp:term":[{"taxonomy":"product_brand","embeddable":true,"href":"https:\/\/yotavis.ch\/fr\/wp-json\/wp\/v2\/product_brand?post=10880"},{"taxonomy":"product_cat","embeddable":true,"href":"https:\/\/yotavis.ch\/fr\/wp-json\/wp\/v2\/product_cat?post=10880"},{"taxonomy":"product_tag","embeddable":true,"href":"https:\/\/yotavis.ch\/fr\/wp-json\/wp\/v2\/product_tag?post=10880"}],"curies":[{"name":"wp","href":"https:\/\/api.w.org\/{rel}","templated":true}]}}