{"id":10894,"date":"2025-10-09T00:00:00","date_gmt":"2025-10-08T22:00:00","guid":{"rendered":"https:\/\/yotavis.ch\/product\/it8902a-1200-80\/"},"modified":"2026-04-24T13:45:56","modified_gmt":"2026-04-24T11:45:56","slug":"it8902a-1200-80","status":"publish","type":"product","link":"https:\/\/yotavis.ch\/fr\/produit\/it8902a-1200-80\/","title":{"rendered":"IT8902A-1200-80"},"content":{"rendered":"<p>L'ITECH IT8902A-1200-80 est une charge \u00e9lectronique DC con\u00e7ue pour g\u00e9rer une tension maximale de 1200V et un courant allant jusqu'\u00e0 80A, d\u00e9livrant une capacit\u00e9 de puissance de 2000W. Ce mod\u00e8le dispose d'un seul canal de sortie et supporte la fonctionnalit\u00e9 de contr\u00f4le \u00e0 distance, ce qui permet un fonctionnement polyvalent dans divers environnements de test. Il est log\u00e9 dans un ch\u00e2ssis 4U et comprend plusieurs interfaces de communication standard telles que LAN, USB, RS232, GPIB, CAN, ainsi qu'une interface de contr\u00f4le analogique externe. Ces interfaces facilitent l'int\u00e9gration avec d'autres \u00e9quipements et permettent un contr\u00f4le et une surveillance pr\u00e9cis. L'appareil convient aux applications n\u00e9cessitant des tests de charge CC stables et fiables avec des tensions et des courants nominaux \u00e9lev\u00e9s. Ses nombreuses options de connectivit\u00e9 lui permettent de s'adapter aux syst\u00e8mes d'essai automatis\u00e9s et aux installations de laboratoire. La combinaison d'une puissance \u00e9lev\u00e9e et d'interfaces de contr\u00f4le \u00e9tendues fait de l'IT8902A-1200-80 une solution robuste pour les exigences \u00e9lev\u00e9es en mati\u00e8re de charge \u00e9lectronique.<\/p>","protected":false},"excerpt":{"rendered":"<p>DC E-load 1200V \/ 80A \/ 2kW ,4U  (Standard LAN, USB, RS232, GPIB, CAN, external analog control interface)<\/p>","protected":false},"featured_media":11933,"comment_status":"closed","ping_status":"closed","template":"","meta":{"_acf_changed":false,"slim_seo":{"title":"IT8902A-1200-80 - YOTAVIS AG","description":"DC E-load 1200V \/ 80A \/ 2kW ,4U (Standard LAN, USB, RS232, GPIB, CAN, interface de contr\u00f4le analogique externe)"}},"product_brand":[822],"product_cat":[517,515],"product_tag":[],"class_list":{"0":"post-10894","1":"product","2":"type-product","3":"status-publish","4":"has-post-thumbnail","6":"product_brand-itech","7":"product_cat-dc-load-en","8":"product_cat-power-en","9":"pa_current-a-557","10":"pa_output-number-146","11":"pa_power-w-561","12":"pa_remote-control-yes","13":"pa_voltage-v-922","15":"first","16":"instock","17":"taxable","18":"shipping-taxable","19":"product-type-simple"},"acf":[],"_links":{"self":[{"href":"https:\/\/yotavis.ch\/fr\/wp-json\/wp\/v2\/product\/10894","targetHints":{"allow":["GET"]}}],"collection":[{"href":"https:\/\/yotavis.ch\/fr\/wp-json\/wp\/v2\/product"}],"about":[{"href":"https:\/\/yotavis.ch\/fr\/wp-json\/wp\/v2\/types\/product"}],"replies":[{"embeddable":true,"href":"https:\/\/yotavis.ch\/fr\/wp-json\/wp\/v2\/comments?post=10894"}],"wp:featuredmedia":[{"embeddable":true,"href":"https:\/\/yotavis.ch\/fr\/wp-json\/wp\/v2\/media\/11933"}],"wp:attachment":[{"href":"https:\/\/yotavis.ch\/fr\/wp-json\/wp\/v2\/media?parent=10894"}],"wp:term":[{"taxonomy":"product_brand","embeddable":true,"href":"https:\/\/yotavis.ch\/fr\/wp-json\/wp\/v2\/product_brand?post=10894"},{"taxonomy":"product_cat","embeddable":true,"href":"https:\/\/yotavis.ch\/fr\/wp-json\/wp\/v2\/product_cat?post=10894"},{"taxonomy":"product_tag","embeddable":true,"href":"https:\/\/yotavis.ch\/fr\/wp-json\/wp\/v2\/product_tag?post=10894"}],"curies":[{"name":"wp","href":"https:\/\/api.w.org\/{rel}","templated":true}]}}