{"id":10903,"date":"2025-10-09T00:00:00","date_gmt":"2025-10-08T22:00:00","guid":{"rendered":"https:\/\/yotavis.ch\/product\/it8906e-150-600\/"},"modified":"2026-04-24T13:45:59","modified_gmt":"2026-04-24T11:45:59","slug":"it8906e-150-600","status":"publish","type":"product","link":"https:\/\/yotavis.ch\/fr\/produit\/it8906e-150-600\/","title":{"rendered":"IT8906E-150-600"},"content":{"rendered":"<p>L'IT8906E-150-600 est une charge \u00e9lectronique DC con\u00e7ue pour g\u00e9rer jusqu'\u00e0 150 volts et 600 amp\u00e8res, d\u00e9livrant une puissance maximale de 6000 watts. Il dispose d'un seul canal de sortie et est log\u00e9 dans un ch\u00e2ssis 4U. Ce mod\u00e8le prend en charge les capacit\u00e9s de contr\u00f4le \u00e0 distance, permettant un fonctionnement via LAN standard, USB, RS232, GPIB, CAN et une interface de contr\u00f4le analogique externe. L'appareil est con\u00e7u pour fournir des tests et des mesures de charge pr\u00e9cis pour diverses applications n\u00e9cessitant un courant et une tension \u00e9lev\u00e9s. Ses options de connectivit\u00e9 garantissent la compatibilit\u00e9 avec une large gamme de syst\u00e8mes de contr\u00f4le et d'automatisation. Sa conception robuste et ses multiples options d'interface permettent de l'int\u00e9grer dans des environnements de test complexes o\u00f9 la fiabilit\u00e9 et la pr\u00e9cision des performances des charges en courant continu sont essentielles.<\/p>","protected":false},"excerpt":{"rendered":"<p>DC E-load 150V \/ 600A \/ 6kW, 4U  (Standard LAN, USB, RS232, GPIB, CAN, external analog control interface)<\/p>","protected":false},"featured_media":11933,"comment_status":"closed","ping_status":"closed","template":"","meta":{"_acf_changed":false,"slim_seo":{"title":"IT8906E-150-600 - YOTAVIS AG","description":"DC E-load 150V \/ 600A \/ 6kW, 4U (Standard LAN, USB, RS232, GPIB, CAN, interface de contr\u00f4le analogique externe)"}},"product_brand":[822],"product_cat":[517,515],"product_tag":[],"class_list":{"0":"post-10903","1":"product","2":"type-product","3":"status-publish","4":"has-post-thumbnail","6":"product_brand-itech","7":"product_cat-dc-load-en","8":"product_cat-power-en","9":"pa_current-a-0-25","10":"pa_output-number-146","11":"pa_power-w-626","12":"pa_remote-control-yes","13":"pa_voltage-v-150","15":"first","16":"instock","17":"taxable","18":"shipping-taxable","19":"product-type-simple"},"acf":[],"_links":{"self":[{"href":"https:\/\/yotavis.ch\/fr\/wp-json\/wp\/v2\/product\/10903","targetHints":{"allow":["GET"]}}],"collection":[{"href":"https:\/\/yotavis.ch\/fr\/wp-json\/wp\/v2\/product"}],"about":[{"href":"https:\/\/yotavis.ch\/fr\/wp-json\/wp\/v2\/types\/product"}],"replies":[{"embeddable":true,"href":"https:\/\/yotavis.ch\/fr\/wp-json\/wp\/v2\/comments?post=10903"}],"wp:featuredmedia":[{"embeddable":true,"href":"https:\/\/yotavis.ch\/fr\/wp-json\/wp\/v2\/media\/11933"}],"wp:attachment":[{"href":"https:\/\/yotavis.ch\/fr\/wp-json\/wp\/v2\/media?parent=10903"}],"wp:term":[{"taxonomy":"product_brand","embeddable":true,"href":"https:\/\/yotavis.ch\/fr\/wp-json\/wp\/v2\/product_brand?post=10903"},{"taxonomy":"product_cat","embeddable":true,"href":"https:\/\/yotavis.ch\/fr\/wp-json\/wp\/v2\/product_cat?post=10903"},{"taxonomy":"product_tag","embeddable":true,"href":"https:\/\/yotavis.ch\/fr\/wp-json\/wp\/v2\/product_tag?post=10903"}],"curies":[{"name":"wp","href":"https:\/\/api.w.org\/{rel}","templated":true}]}}