{"id":10908,"date":"2025-10-09T00:00:00","date_gmt":"2025-10-08T22:00:00","guid":{"rendered":"https:\/\/yotavis.ch\/product\/it8908a-600-560\/"},"modified":"2026-04-24T13:46:03","modified_gmt":"2026-04-24T11:46:03","slug":"it8908a-600-560","status":"publish","type":"product","link":"https:\/\/yotavis.ch\/fr\/produit\/it8908a-600-560\/","title":{"rendered":"IT8908A-600-560"},"content":{"rendered":"<p>L'ITECH IT8908A-600-560 est une charge \u00e9lectronique DC con\u00e7ue pour g\u00e9rer jusqu'\u00e0 600 volts et 560 amp\u00e8res, d\u00e9livrant une puissance maximale de 8 000 watts. Il dispose d'un seul canal de sortie et supporte la fonctionnalit\u00e9 de contr\u00f4le \u00e0 distance, ce qui permet un fonctionnement flexible dans divers environnements de test. L'appareil est log\u00e9 dans un bo\u00eetier 8U et comprend plusieurs interfaces de communication standard telles que LAN, USB, RS232, GPIB, CAN, ainsi qu'une interface de contr\u00f4le analogique externe. Ces interfaces permettent une int\u00e9gration transparente avec d'autres \u00e9quipements et facilitent les processus de test automatis\u00e9s. La combinaison d'une tension et d'un courant nominaux \u00e9lev\u00e9s rend cette charge \u00e9lectronique adapt\u00e9e aux applications exigeantes n\u00e9cessitant une simulation de charge pr\u00e9cise. Ses options de connectivit\u00e9 compl\u00e8tes garantissent la compatibilit\u00e9 avec une large gamme de syst\u00e8mes de contr\u00f4le et de plates-formes logicielles. La conception robuste et les capacit\u00e9s de contr\u00f4le \u00e9tendues font de l'IT8908A-600-560 un outil polyvalent pour les tests \u00e9lectriques et les t\u00e2ches d'\u00e9valuation.<\/p>","protected":false},"excerpt":{"rendered":"<p>DC E-load 600V \/ 560A \/ 8kW, 8U (Standard LAN, USB, RS232, GPIB, CAN, interface de contr\u00f4le analogique externe)<\/p>","protected":false},"featured_media":11934,"comment_status":"closed","ping_status":"closed","template":"","meta":{"_acf_changed":false,"slim_seo":{"title":"IT8908A-600-560 - YOTAVIS AG","description":"DC E-load 600V \/ 560A \/ 8kW, 8U (Standard LAN, USB, RS232, GPIB, CAN, interface de contr\u00f4le analogique externe)"}},"product_brand":[822],"product_cat":[517,515],"product_tag":[],"class_list":{"0":"post-10908","1":"product","2":"type-product","3":"status-publish","4":"has-post-thumbnail","6":"product_brand-itech","7":"product_cat-dc-load-en","8":"product_cat-power-en","9":"pa_current-a-5-55","10":"pa_output-number-146","11":"pa_power-w-994","12":"pa_remote-control-yes","13":"pa_voltage-v-920","15":"first","16":"instock","17":"taxable","18":"shipping-taxable","19":"product-type-simple"},"acf":[],"_links":{"self":[{"href":"https:\/\/yotavis.ch\/fr\/wp-json\/wp\/v2\/product\/10908","targetHints":{"allow":["GET"]}}],"collection":[{"href":"https:\/\/yotavis.ch\/fr\/wp-json\/wp\/v2\/product"}],"about":[{"href":"https:\/\/yotavis.ch\/fr\/wp-json\/wp\/v2\/types\/product"}],"replies":[{"embeddable":true,"href":"https:\/\/yotavis.ch\/fr\/wp-json\/wp\/v2\/comments?post=10908"}],"wp:featuredmedia":[{"embeddable":true,"href":"https:\/\/yotavis.ch\/fr\/wp-json\/wp\/v2\/media\/11934"}],"wp:attachment":[{"href":"https:\/\/yotavis.ch\/fr\/wp-json\/wp\/v2\/media?parent=10908"}],"wp:term":[{"taxonomy":"product_brand","embeddable":true,"href":"https:\/\/yotavis.ch\/fr\/wp-json\/wp\/v2\/product_brand?post=10908"},{"taxonomy":"product_cat","embeddable":true,"href":"https:\/\/yotavis.ch\/fr\/wp-json\/wp\/v2\/product_cat?post=10908"},{"taxonomy":"product_tag","embeddable":true,"href":"https:\/\/yotavis.ch\/fr\/wp-json\/wp\/v2\/product_tag?post=10908"}],"curies":[{"name":"wp","href":"https:\/\/api.w.org\/{rel}","templated":true}]}}