{"id":10911,"date":"2025-10-09T00:00:00","date_gmt":"2025-10-08T22:00:00","guid":{"rendered":"https:\/\/yotavis.ch\/product\/it8912e-150-1200\/"},"modified":"2026-04-24T13:46:05","modified_gmt":"2026-04-24T11:46:05","slug":"it8912e-150-1200","status":"publish","type":"product","link":"https:\/\/yotavis.ch\/fr\/produit\/it8912e-150-1200\/","title":{"rendered":"IT8912E-150-1200"},"content":{"rendered":"<p>L'IT8912E-150-1200 est une charge \u00e9lectronique DC avec une tension maximale de 150V et un courant maximal de 1200A, d\u00e9livrant une capacit\u00e9 de puissance de 12kW. Il dispose d'un seul canal de sortie et prend en charge la fonctionnalit\u00e9 de contr\u00f4le \u00e0 distance. L'appareil est log\u00e9 dans un bo\u00eetier 8U et comprend plusieurs interfaces de communication standard telles que LAN, USB, RS232, GPIB, CAN, ainsi qu'une interface de contr\u00f4le analogique externe. Ces interfaces permettent des options de connectivit\u00e9 polyvalentes pour l'int\u00e9gration dans divers environnements de test. La charge \u00e9lectronique est con\u00e7ue pour g\u00e9rer des applications de haute puissance avec des capacit\u00e9s de contr\u00f4le et de surveillance pr\u00e9cises. Son ensemble complet d'interfaces permet un fonctionnement flexible et une gestion \u00e0 distance, ce qui la rend adapt\u00e9e aux syst\u00e8mes de test automatis\u00e9s. La combinaison d'un courant et d'une tension nominaux \u00e9lev\u00e9s garantit la compatibilit\u00e9 avec une large gamme de sources d'alimentation et d'appareils test\u00e9s.<\/p>","protected":false},"excerpt":{"rendered":"<p>DC E-load 150V \/ 1200A \/ 12kW , 8U  (Standard LAN, USB, RS232, GPIB, CAN, external analog control interface)<\/p>","protected":false},"featured_media":11934,"comment_status":"closed","ping_status":"closed","template":"","meta":{"_acf_changed":false,"slim_seo":{"title":"IT8912E-150-1200 - YOTAVIS AG","description":"DC E-load 150V \/ 1200A \/ 12kW , 8U (Standard LAN, USB, RS232, GPIB, CAN, interface de contr\u00f4le analogique externe)"}},"product_brand":[822],"product_cat":[517,515],"product_tag":[],"class_list":{"0":"post-10911","1":"product","2":"type-product","3":"status-publish","4":"has-post-thumbnail","6":"product_brand-itech","7":"product_cat-dc-load-en","8":"product_cat-power-en","9":"pa_current-a-988","10":"pa_output-number-146","11":"pa_power-w-628","12":"pa_remote-control-yes","13":"pa_voltage-v-150","15":"first","16":"instock","17":"taxable","18":"shipping-taxable","19":"product-type-simple"},"acf":[],"_links":{"self":[{"href":"https:\/\/yotavis.ch\/fr\/wp-json\/wp\/v2\/product\/10911","targetHints":{"allow":["GET"]}}],"collection":[{"href":"https:\/\/yotavis.ch\/fr\/wp-json\/wp\/v2\/product"}],"about":[{"href":"https:\/\/yotavis.ch\/fr\/wp-json\/wp\/v2\/types\/product"}],"replies":[{"embeddable":true,"href":"https:\/\/yotavis.ch\/fr\/wp-json\/wp\/v2\/comments?post=10911"}],"wp:featuredmedia":[{"embeddable":true,"href":"https:\/\/yotavis.ch\/fr\/wp-json\/wp\/v2\/media\/11934"}],"wp:attachment":[{"href":"https:\/\/yotavis.ch\/fr\/wp-json\/wp\/v2\/media?parent=10911"}],"wp:term":[{"taxonomy":"product_brand","embeddable":true,"href":"https:\/\/yotavis.ch\/fr\/wp-json\/wp\/v2\/product_brand?post=10911"},{"taxonomy":"product_cat","embeddable":true,"href":"https:\/\/yotavis.ch\/fr\/wp-json\/wp\/v2\/product_cat?post=10911"},{"taxonomy":"product_tag","embeddable":true,"href":"https:\/\/yotavis.ch\/fr\/wp-json\/wp\/v2\/product_tag?post=10911"}],"curies":[{"name":"wp","href":"https:\/\/api.w.org\/{rel}","templated":true}]}}