{"id":10912,"date":"2025-10-09T00:00:00","date_gmt":"2025-10-08T22:00:00","guid":{"rendered":"https:\/\/yotavis.ch\/product\/it8912a-600-840\/"},"modified":"2026-04-24T13:46:06","modified_gmt":"2026-04-24T11:46:06","slug":"it8912a-600-840","status":"publish","type":"product","link":"https:\/\/yotavis.ch\/fr\/produit\/it8912a-600-840\/","title":{"rendered":"IT8912A-600-840"},"content":{"rendered":"<p>L'IT8912A-600-840 est une charge \u00e9lectronique \u00e0 courant continu con\u00e7ue pour g\u00e9rer jusqu'\u00e0 600 volts et 840 amp\u00e8res, d\u00e9livrant une puissance maximale de 12 000 watts. Elle dispose d'un seul canal de sortie et prend en charge la fonctionnalit\u00e9 de contr\u00f4le \u00e0 distance, ce qui permet un fonctionnement pr\u00e9cis et flexible. L'appareil est log\u00e9 dans un bo\u00eetier 8U et comprend plusieurs interfaces de communication standard telles que LAN, USB, RS232, GPIB, CAN, ainsi qu'une interface de contr\u00f4le analogique externe. Ces options de connectivit\u00e9 facilitent l'int\u00e9gration dans divers environnements de test et permettent un \u00e9change de donn\u00e9es efficace. La charge \u00e9lectronique est fabriqu\u00e9e par ITECH, une marque connue pour ses \u00e9quipements de test \u00e9lectroniques sp\u00e9cialis\u00e9s. Ce mod\u00e8le convient aux applications n\u00e9cessitant une dissipation de puissance \u00e9lev\u00e9e et des capacit\u00e9s de contr\u00f4le robustes, ce qui en fait un outil polyvalent pour tester les blocs d'alimentation, les batteries et d'autres dispositifs \u00e0 courant \u00e9lev\u00e9.<\/p>","protected":false},"excerpt":{"rendered":"<p>DC E-load 600V \/ 840A \/ 12kW, 8U  (Standard LAN, USB, RS232, GPIB, CAN, external analog control interface)<\/p>","protected":false},"featured_media":11934,"comment_status":"closed","ping_status":"closed","template":"","meta":{"_acf_changed":false,"slim_seo":{"title":"IT8912A-600-840 - YOTAVIS AG","description":"DC E-load 600V \/ 840A \/ 12kW, 8U (Standard LAN, USB, RS232, GPIB, CAN, interface de contr\u00f4le analogique externe)"}},"product_brand":[822],"product_cat":[517,515],"product_tag":[],"class_list":{"0":"post-10912","1":"product","2":"type-product","3":"status-publish","4":"has-post-thumbnail","6":"product_brand-itech","7":"product_cat-dc-load-en","8":"product_cat-power-en","9":"pa_current-a-995","10":"pa_output-number-146","11":"pa_power-w-628","12":"pa_remote-control-yes","13":"pa_voltage-v-920","15":"first","16":"instock","17":"taxable","18":"shipping-taxable","19":"product-type-simple"},"acf":[],"_links":{"self":[{"href":"https:\/\/yotavis.ch\/fr\/wp-json\/wp\/v2\/product\/10912","targetHints":{"allow":["GET"]}}],"collection":[{"href":"https:\/\/yotavis.ch\/fr\/wp-json\/wp\/v2\/product"}],"about":[{"href":"https:\/\/yotavis.ch\/fr\/wp-json\/wp\/v2\/types\/product"}],"replies":[{"embeddable":true,"href":"https:\/\/yotavis.ch\/fr\/wp-json\/wp\/v2\/comments?post=10912"}],"wp:featuredmedia":[{"embeddable":true,"href":"https:\/\/yotavis.ch\/fr\/wp-json\/wp\/v2\/media\/11934"}],"wp:attachment":[{"href":"https:\/\/yotavis.ch\/fr\/wp-json\/wp\/v2\/media?parent=10912"}],"wp:term":[{"taxonomy":"product_brand","embeddable":true,"href":"https:\/\/yotavis.ch\/fr\/wp-json\/wp\/v2\/product_brand?post=10912"},{"taxonomy":"product_cat","embeddable":true,"href":"https:\/\/yotavis.ch\/fr\/wp-json\/wp\/v2\/product_cat?post=10912"},{"taxonomy":"product_tag","embeddable":true,"href":"https:\/\/yotavis.ch\/fr\/wp-json\/wp\/v2\/product_tag?post=10912"}],"curies":[{"name":"wp","href":"https:\/\/api.w.org\/{rel}","templated":true}]}}