{"id":10913,"date":"2025-10-09T00:00:00","date_gmt":"2025-10-08T22:00:00","guid":{"rendered":"https:\/\/yotavis.ch\/product\/it8912e-600-840\/"},"modified":"2026-04-24T13:46:07","modified_gmt":"2026-04-24T11:46:07","slug":"it8912e-600-840","status":"publish","type":"product","link":"https:\/\/yotavis.ch\/fr\/produit\/it8912e-600-840\/","title":{"rendered":"IT8912E-600-840"},"content":{"rendered":"<p>L'IT8912E-600-840 est une charge \u00e9lectronique \u00e0 courant continu con\u00e7ue pour g\u00e9rer jusqu'\u00e0 600 volts et 840 amp\u00e8res, d\u00e9livrant une puissance maximale de 12 000 watts. Il dispose d'un seul canal de sortie et prend en charge la fonctionnalit\u00e9 de contr\u00f4le \u00e0 distance, ce qui permet un fonctionnement flexible dans divers environnements de test. L'appareil est log\u00e9 dans un ch\u00e2ssis 8U et comprend plusieurs interfaces de communication standard telles que LAN, USB, RS232, GPIB, CAN et une interface de contr\u00f4le analogique externe. Ces options de connectivit\u00e9 facilitent l'int\u00e9gration avec diff\u00e9rents syst\u00e8mes et permettent un contr\u00f4le et une surveillance pr\u00e9cis. Fabriqu\u00e9 par ITECH, ce mod\u00e8le convient aux applications n\u00e9cessitant une dissipation de puissance \u00e9lev\u00e9e et des performances fiables. La combinaison de ses valeurs nominales de tension, de courant et de puissance le rend capable de g\u00e9rer des t\u00e2ches de test de charge \u00e9lectronique exigeantes.<\/p>","protected":false},"excerpt":{"rendered":"<p>DC E-load 600V \/ 840A \/ 12kW, 8U  (Standard LAN, USB, RS232, GPIB, CAN, external analog control interface)<\/p>","protected":false},"featured_media":11934,"comment_status":"closed","ping_status":"closed","template":"","meta":{"_acf_changed":false,"slim_seo":{"title":"IT8912E-600-840 - YOTAVIS AG","description":"DC E-load 600V \/ 840A \/ 12kW, 8U (Standard LAN, USB, RS232, GPIB, CAN, interface de contr\u00f4le analogique externe)"}},"product_brand":[822],"product_cat":[517,515],"product_tag":[],"class_list":{"0":"post-10913","1":"product","2":"type-product","3":"status-publish","4":"has-post-thumbnail","6":"product_brand-itech","7":"product_cat-dc-load-en","8":"product_cat-power-en","9":"pa_current-a-995","10":"pa_output-number-146","11":"pa_power-w-628","12":"pa_remote-control-yes","13":"pa_voltage-v-920","15":"first","16":"instock","17":"taxable","18":"shipping-taxable","19":"product-type-simple"},"acf":[],"_links":{"self":[{"href":"https:\/\/yotavis.ch\/fr\/wp-json\/wp\/v2\/product\/10913","targetHints":{"allow":["GET"]}}],"collection":[{"href":"https:\/\/yotavis.ch\/fr\/wp-json\/wp\/v2\/product"}],"about":[{"href":"https:\/\/yotavis.ch\/fr\/wp-json\/wp\/v2\/types\/product"}],"replies":[{"embeddable":true,"href":"https:\/\/yotavis.ch\/fr\/wp-json\/wp\/v2\/comments?post=10913"}],"wp:featuredmedia":[{"embeddable":true,"href":"https:\/\/yotavis.ch\/fr\/wp-json\/wp\/v2\/media\/11934"}],"wp:attachment":[{"href":"https:\/\/yotavis.ch\/fr\/wp-json\/wp\/v2\/media?parent=10913"}],"wp:term":[{"taxonomy":"product_brand","embeddable":true,"href":"https:\/\/yotavis.ch\/fr\/wp-json\/wp\/v2\/product_brand?post=10913"},{"taxonomy":"product_cat","embeddable":true,"href":"https:\/\/yotavis.ch\/fr\/wp-json\/wp\/v2\/product_cat?post=10913"},{"taxonomy":"product_tag","embeddable":true,"href":"https:\/\/yotavis.ch\/fr\/wp-json\/wp\/v2\/product_tag?post=10913"}],"curies":[{"name":"wp","href":"https:\/\/api.w.org\/{rel}","templated":true}]}}