{"id":10914,"date":"2025-10-09T00:00:00","date_gmt":"2025-10-08T22:00:00","guid":{"rendered":"https:\/\/yotavis.ch\/product\/it8912a-1200-480\/"},"modified":"2026-04-24T13:46:07","modified_gmt":"2026-04-24T11:46:07","slug":"it8912a-1200-480","status":"publish","type":"product","link":"https:\/\/yotavis.ch\/fr\/produit\/it8912a-1200-480\/","title":{"rendered":"IT8912A-1200-480"},"content":{"rendered":"<p>L'IT8912A-1200-480 est une charge \u00e9lectronique \u00e0 courant continu con\u00e7ue pour g\u00e9rer une tension maximale de 1200 V et un courant de 480 A, d\u00e9livrant une puissance de 12 kW. Il dispose d'un seul canal de sortie et prend en charge la fonctionnalit\u00e9 de contr\u00f4le \u00e0 distance, ce qui permet un fonctionnement flexible dans divers environnements de test. L'appareil est log\u00e9 dans un bo\u00eetier 8U et comprend plusieurs interfaces de communication standard telles que LAN, USB, RS232, GPIB, CAN, ainsi qu'une interface de contr\u00f4le analogique externe. Ces options de connectivit\u00e9 facilitent l'int\u00e9gration avec diff\u00e9rents syst\u00e8mes et permettent un contr\u00f4le et une surveillance pr\u00e9cis. La charge \u00e9lectronique est fabriqu\u00e9e par ITECH, une marque connue pour ses \u00e9quipements de test et de mesure. Elle est con\u00e7ue pour les applications \u00e0 haute puissance n\u00e9cessitant des conditions de charge fiables et stables. La combinaison d'une tension \u00e9lev\u00e9e, de courants nominaux et d'options d'interface compl\u00e8tes rend ce mod\u00e8le adapt\u00e9 aux sc\u00e9narios de test \u00e9lectronique exigeants.<\/p>","protected":false},"excerpt":{"rendered":"<p>DC E-load 1200V \/ 480A \/ 12kW, 8U  (Standard LAN, USB, RS232, GPIB, CAN, external analog control interface)<\/p>","protected":false},"featured_media":11934,"comment_status":"closed","ping_status":"closed","template":"","meta":{"_acf_changed":false,"slim_seo":{"title":"IT8912A-1200-480 - YOTAVIS AG","description":"DC E-load 1200V \/ 480A \/ 12kW, 8U (Standard LAN, USB, RS232, GPIB, CAN, interface de contr\u00f4le analogique externe)"}},"product_brand":[822],"product_cat":[517,515],"product_tag":[],"class_list":{"0":"post-10914","1":"product","2":"type-product","3":"status-publish","4":"has-post-thumbnail","6":"product_brand-itech","7":"product_cat-dc-load-en","8":"product_cat-power-en","9":"pa_current-a-480","10":"pa_output-number-146","11":"pa_power-w-628","12":"pa_remote-control-yes","13":"pa_voltage-v-922","15":"first","16":"instock","17":"taxable","18":"shipping-taxable","19":"product-type-simple"},"acf":[],"_links":{"self":[{"href":"https:\/\/yotavis.ch\/fr\/wp-json\/wp\/v2\/product\/10914","targetHints":{"allow":["GET"]}}],"collection":[{"href":"https:\/\/yotavis.ch\/fr\/wp-json\/wp\/v2\/product"}],"about":[{"href":"https:\/\/yotavis.ch\/fr\/wp-json\/wp\/v2\/types\/product"}],"replies":[{"embeddable":true,"href":"https:\/\/yotavis.ch\/fr\/wp-json\/wp\/v2\/comments?post=10914"}],"wp:featuredmedia":[{"embeddable":true,"href":"https:\/\/yotavis.ch\/fr\/wp-json\/wp\/v2\/media\/11934"}],"wp:attachment":[{"href":"https:\/\/yotavis.ch\/fr\/wp-json\/wp\/v2\/media?parent=10914"}],"wp:term":[{"taxonomy":"product_brand","embeddable":true,"href":"https:\/\/yotavis.ch\/fr\/wp-json\/wp\/v2\/product_brand?post=10914"},{"taxonomy":"product_cat","embeddable":true,"href":"https:\/\/yotavis.ch\/fr\/wp-json\/wp\/v2\/product_cat?post=10914"},{"taxonomy":"product_tag","embeddable":true,"href":"https:\/\/yotavis.ch\/fr\/wp-json\/wp\/v2\/product_tag?post=10914"}],"curies":[{"name":"wp","href":"https:\/\/api.w.org\/{rel}","templated":true}]}}