{"id":10930,"date":"2025-10-09T00:00:00","date_gmt":"2025-10-08T22:00:00","guid":{"rendered":"https:\/\/yotavis.ch\/product\/it8930a-600-2100\/"},"modified":"2026-04-24T13:46:17","modified_gmt":"2026-04-24T11:46:17","slug":"it8930a-600-2100","status":"publish","type":"product","link":"https:\/\/yotavis.ch\/fr\/produit\/it8930a-600-2100\/","title":{"rendered":"IT8930A-600-2100"},"content":{"rendered":"<p>L'IT8930A-600-2100 est une charge \u00e9lectronique \u00e0 courant continu d'une tension maximale de 600V et d'un courant maximal de 2100A, d\u00e9livrant une puissance de 30kW. Il dispose d'un seul canal de sortie et prend en charge la fonctionnalit\u00e9 de contr\u00f4le \u00e0 distance. L'appareil est log\u00e9 dans un bo\u00eetier 27U et comprend des interfaces de communication standard telles que LAN, USB, RS232, GPIB, CAN, ainsi qu'une interface de contr\u00f4le analogique externe. Cette gamme d'options de connectivit\u00e9 permet une int\u00e9gration polyvalente dans diverses configurations de test et de mesure. La charge \u00e9lectronique est con\u00e7ue pour g\u00e9rer des applications \u00e0 haute puissance, ce qui la rend adapt\u00e9e aux environnements de test \u00e9lectrique exigeants. Ses options d'interface compl\u00e8tes facilitent un contr\u00f4le et une surveillance pr\u00e9cis pendant le fonctionnement.<\/p>","protected":false},"excerpt":{"rendered":"<p>DC E-load 600V \/ 2100A \/ 30kW, 27U  (Standard LAN, USB, RS232, GPIB, CAN, external analog control interface)<\/p>","protected":false},"featured_media":12377,"comment_status":"closed","ping_status":"closed","template":"","meta":{"_acf_changed":false,"slim_seo":{"title":"IT8930A-600-2100 - YOTAVIS AG","description":"DC E-load 600V \/ 2100A \/ 30kW, 27U (Standard LAN, USB, RS232, GPIB, CAN, interface de contr\u00f4le analogique externe)"}},"product_brand":[822],"product_cat":[517,515],"product_tag":[],"class_list":{"0":"post-10930","1":"product","2":"type-product","3":"status-publish","4":"has-post-thumbnail","6":"product_brand-itech","7":"product_cat-dc-load-en","8":"product_cat-power-en","9":"pa_current-a-999","10":"pa_output-number-146","11":"pa_power-w-635","12":"pa_remote-control-yes","13":"pa_voltage-v-920","15":"first","16":"instock","17":"taxable","18":"shipping-taxable","19":"product-type-simple"},"acf":[],"_links":{"self":[{"href":"https:\/\/yotavis.ch\/fr\/wp-json\/wp\/v2\/product\/10930","targetHints":{"allow":["GET"]}}],"collection":[{"href":"https:\/\/yotavis.ch\/fr\/wp-json\/wp\/v2\/product"}],"about":[{"href":"https:\/\/yotavis.ch\/fr\/wp-json\/wp\/v2\/types\/product"}],"replies":[{"embeddable":true,"href":"https:\/\/yotavis.ch\/fr\/wp-json\/wp\/v2\/comments?post=10930"}],"wp:featuredmedia":[{"embeddable":true,"href":"https:\/\/yotavis.ch\/fr\/wp-json\/wp\/v2\/media\/12377"}],"wp:attachment":[{"href":"https:\/\/yotavis.ch\/fr\/wp-json\/wp\/v2\/media?parent=10930"}],"wp:term":[{"taxonomy":"product_brand","embeddable":true,"href":"https:\/\/yotavis.ch\/fr\/wp-json\/wp\/v2\/product_brand?post=10930"},{"taxonomy":"product_cat","embeddable":true,"href":"https:\/\/yotavis.ch\/fr\/wp-json\/wp\/v2\/product_cat?post=10930"},{"taxonomy":"product_tag","embeddable":true,"href":"https:\/\/yotavis.ch\/fr\/wp-json\/wp\/v2\/product_tag?post=10930"}],"curies":[{"name":"wp","href":"https:\/\/api.w.org\/{rel}","templated":true}]}}