{"id":10931,"date":"2025-10-09T00:00:00","date_gmt":"2025-10-08T22:00:00","guid":{"rendered":"https:\/\/yotavis.ch\/product\/it8930e-600-2100\/"},"modified":"2026-04-24T13:46:17","modified_gmt":"2026-04-24T11:46:17","slug":"it8930e-600-2100","status":"publish","type":"product","link":"https:\/\/yotavis.ch\/fr\/produit\/it8930e-600-2100\/","title":{"rendered":"IT8930E-600-2100"},"content":{"rendered":"<p>L'IT8930E-600-2100 est une charge \u00e9lectronique \u00e0 courant continu con\u00e7ue pour g\u00e9rer une tension maximale de 600 volts et un courant allant jusqu'\u00e0 2100 amp\u00e8res, offrant une capacit\u00e9 de puissance de 30 000 watts. Ce mod\u00e8le est dot\u00e9 d'un seul canal de sortie et d'une fonction de commande \u00e0 distance, ce qui permet un fonctionnement polyvalent dans divers environnements de test. L'appareil est log\u00e9 dans un ch\u00e2ssis 27U et comprend des interfaces de communication standard telles que LAN, USB, RS232, GPIB, CAN, ainsi qu'une interface de contr\u00f4le analogique externe, facilitant l'int\u00e9gration avec diff\u00e9rents syst\u00e8mes de contr\u00f4le. Fabriqu\u00e9 par ITECH, l'IT8930E-600-2100 est con\u00e7u pour fournir des performances fiables pour les applications exigeantes n\u00e9cessitant une dissipation de puissance \u00e9lev\u00e9e. Ses options de connectivit\u00e9 compl\u00e8tes permettent un contr\u00f4le et une surveillance pr\u00e9cis, ce qui le rend adapt\u00e9 aux installations de test automatis\u00e9es. La combinaison d'une tension, d'un courant et d'une puissance nominaux \u00e9lev\u00e9s fait de cette charge \u00e9lectronique une solution robuste pour tester les blocs d'alimentation, les batteries et d'autres composants de forte puissance.<\/p>","protected":false},"excerpt":{"rendered":"<p>DC E-load 600V \/ 2100A \/ 30kW, 27U  (Standard LAN, USB, RS232, GPIB, CAN, external analog control interface)<\/p>","protected":false},"featured_media":12377,"comment_status":"closed","ping_status":"closed","template":"","meta":{"_acf_changed":false,"slim_seo":{"title":"IT8930E-600-2100 - YOTAVIS AG","description":"DC E-load 600V \/ 2100A \/ 30kW, 27U (Standard LAN, USB, RS232, GPIB, CAN, interface de contr\u00f4le analogique externe)"}},"product_brand":[822],"product_cat":[517,515],"product_tag":[],"class_list":{"0":"post-10931","1":"product","2":"type-product","3":"status-publish","4":"has-post-thumbnail","6":"product_brand-itech","7":"product_cat-dc-load-en","8":"product_cat-power-en","9":"pa_current-a-999","10":"pa_output-number-146","11":"pa_power-w-635","12":"pa_remote-control-yes","13":"pa_voltage-v-920","15":"first","16":"instock","17":"taxable","18":"shipping-taxable","19":"product-type-simple"},"acf":[],"_links":{"self":[{"href":"https:\/\/yotavis.ch\/fr\/wp-json\/wp\/v2\/product\/10931","targetHints":{"allow":["GET"]}}],"collection":[{"href":"https:\/\/yotavis.ch\/fr\/wp-json\/wp\/v2\/product"}],"about":[{"href":"https:\/\/yotavis.ch\/fr\/wp-json\/wp\/v2\/types\/product"}],"replies":[{"embeddable":true,"href":"https:\/\/yotavis.ch\/fr\/wp-json\/wp\/v2\/comments?post=10931"}],"wp:featuredmedia":[{"embeddable":true,"href":"https:\/\/yotavis.ch\/fr\/wp-json\/wp\/v2\/media\/12377"}],"wp:attachment":[{"href":"https:\/\/yotavis.ch\/fr\/wp-json\/wp\/v2\/media?parent=10931"}],"wp:term":[{"taxonomy":"product_brand","embeddable":true,"href":"https:\/\/yotavis.ch\/fr\/wp-json\/wp\/v2\/product_brand?post=10931"},{"taxonomy":"product_cat","embeddable":true,"href":"https:\/\/yotavis.ch\/fr\/wp-json\/wp\/v2\/product_cat?post=10931"},{"taxonomy":"product_tag","embeddable":true,"href":"https:\/\/yotavis.ch\/fr\/wp-json\/wp\/v2\/product_tag?post=10931"}],"curies":[{"name":"wp","href":"https:\/\/api.w.org\/{rel}","templated":true}]}}