{"id":10933,"date":"2025-10-09T00:00:00","date_gmt":"2025-10-08T22:00:00","guid":{"rendered":"https:\/\/yotavis.ch\/product\/it8930e-1200-1200\/"},"modified":"2026-04-24T13:46:18","modified_gmt":"2026-04-24T11:46:18","slug":"it8930e-1200-1200","status":"publish","type":"product","link":"https:\/\/yotavis.ch\/fr\/produit\/it8930e-1200-1200\/","title":{"rendered":"IT8930E-1200-1200"},"content":{"rendered":"<p>L'IT8930E-1200-1200 est une charge \u00e9lectronique \u00e0 courant continu con\u00e7ue pour g\u00e9rer jusqu'\u00e0 1 200 volts et 1 200 amp\u00e8res, d\u00e9livrant une puissance maximale de 30 000 watts. Il dispose d'un seul canal de sortie et prend en charge la fonctionnalit\u00e9 de contr\u00f4le \u00e0 distance, ce qui permet un fonctionnement flexible dans divers environnements de test. L'appareil est log\u00e9 dans un ch\u00e2ssis 27U et comprend plusieurs interfaces de communication standard telles que LAN, USB, RS232, GPIB, CAN, ainsi qu'une interface de contr\u00f4le analogique externe. Ces interfaces permettent une int\u00e9gration transparente avec d'autres \u00e9quipements et facilitent un contr\u00f4le et une surveillance pr\u00e9cis. Fabriqu\u00e9e par ITECH, cette charge \u00e9lectronique convient aux applications n\u00e9cessitant une dissipation de puissance \u00e9lev\u00e9e et des performances \u00e9lectriques robustes. La combinaison d'une tension et d'un courant nominaux \u00e9lev\u00e9s lui permet de tester les grandes alimentations, les batteries et d'autres sources d'\u00e9nergie de grande capacit\u00e9. Ses options de connectivit\u00e9 compl\u00e8tes garantissent la compatibilit\u00e9 avec une large gamme de syst\u00e8mes de contr\u00f4le et de configurations d'automatisation.<\/p>","protected":false},"excerpt":{"rendered":"<p>DC E-load 1,200V \/ 1200A \/ 30kW, 27U  (Standard LAN, USB, RS232, GPIB, CAN, external analog control interface)<\/p>","protected":false},"featured_media":12377,"comment_status":"closed","ping_status":"closed","template":"","meta":{"_acf_changed":false,"slim_seo":{"title":"IT8930E-1200-1200 - YOTAVIS AG","description":"DC E-load 1 200V \/ 1200A \/ 30kW, 27U (Standard LAN, USB, RS232, GPIB, CAN, interface de contr\u00f4le analogique externe)"}},"product_brand":[822],"product_cat":[517,515],"product_tag":[],"class_list":{"0":"post-10933","1":"product","2":"type-product","3":"status-publish","4":"has-post-thumbnail","6":"product_brand-itech","7":"product_cat-dc-load-en","8":"product_cat-power-en","9":"pa_current-a-1000","10":"pa_output-number-146","11":"pa_power-w-635","12":"pa_remote-control-yes","13":"pa_voltage-v-922","15":"first","16":"instock","17":"taxable","18":"shipping-taxable","19":"product-type-simple"},"acf":[],"_links":{"self":[{"href":"https:\/\/yotavis.ch\/fr\/wp-json\/wp\/v2\/product\/10933","targetHints":{"allow":["GET"]}}],"collection":[{"href":"https:\/\/yotavis.ch\/fr\/wp-json\/wp\/v2\/product"}],"about":[{"href":"https:\/\/yotavis.ch\/fr\/wp-json\/wp\/v2\/types\/product"}],"replies":[{"embeddable":true,"href":"https:\/\/yotavis.ch\/fr\/wp-json\/wp\/v2\/comments?post=10933"}],"wp:featuredmedia":[{"embeddable":true,"href":"https:\/\/yotavis.ch\/fr\/wp-json\/wp\/v2\/media\/12377"}],"wp:attachment":[{"href":"https:\/\/yotavis.ch\/fr\/wp-json\/wp\/v2\/media?parent=10933"}],"wp:term":[{"taxonomy":"product_brand","embeddable":true,"href":"https:\/\/yotavis.ch\/fr\/wp-json\/wp\/v2\/product_brand?post=10933"},{"taxonomy":"product_cat","embeddable":true,"href":"https:\/\/yotavis.ch\/fr\/wp-json\/wp\/v2\/product_cat?post=10933"},{"taxonomy":"product_tag","embeddable":true,"href":"https:\/\/yotavis.ch\/fr\/wp-json\/wp\/v2\/product_tag?post=10933"}],"curies":[{"name":"wp","href":"https:\/\/api.w.org\/{rel}","templated":true}]}}