{"id":10937,"date":"2025-10-09T00:00:00","date_gmt":"2025-10-08T22:00:00","guid":{"rendered":"https:\/\/yotavis.ch\/product\/it8936e-600-2400\/"},"modified":"2026-04-24T13:46:19","modified_gmt":"2026-04-24T11:46:19","slug":"it8936e-600-2400","status":"publish","type":"product","link":"https:\/\/yotavis.ch\/fr\/produit\/it8936e-600-2400\/","title":{"rendered":"IT8936E-600-2400"},"content":{"rendered":"<p>L'IT8936E-600-2400 est une charge \u00e9lectronique \u00e0 courant continu d'une tension maximale de 600 V et d'un courant maximal de 2400 A, d\u00e9livrant une puissance de 36 kW. Il dispose d'un seul canal de sortie et prend en charge la fonctionnalit\u00e9 de contr\u00f4le \u00e0 distance, ce qui permet un fonctionnement flexible dans divers environnements de test. L'appareil est log\u00e9 dans un ch\u00e2ssis 27U et comprend plusieurs interfaces de communication standard telles que LAN, USB, RS232, GPIB, CAN, ainsi qu'une interface de contr\u00f4le analogique externe. Ces interfaces permettent une int\u00e9gration transparente avec d'autres \u00e9quipements et facilitent un contr\u00f4le et une surveillance pr\u00e9cis. La charge \u00e9lectronique est con\u00e7ue pour g\u00e9rer des applications \u00e0 haute puissance, ce qui la rend adapt\u00e9e \u00e0 des sc\u00e9narios de test \u00e9lectrique exigeants. Ses options de connectivit\u00e9 compl\u00e8tes garantissent la compatibilit\u00e9 avec un large \u00e9ventail de syst\u00e8mes de contr\u00f4le et de plates-formes logicielles. L'inclusion d'interfaces de contr\u00f4le num\u00e9riques et analogiques offre une grande polyvalence dans les m\u00e9thodes de fonctionnement et de contr\u00f4le. Ce mod\u00e8le est fabriqu\u00e9 par ITECH, une marque connue pour ses \u00e9quipements de test \u00e9lectronique.<\/p>","protected":false},"excerpt":{"rendered":"<p>DC E-load 600V \/ 2400A \/ 36kW, 27U  (Standard LAN, USB, RS232, GPIB, CAN, external analog control interface)<\/p>","protected":false},"featured_media":12377,"comment_status":"closed","ping_status":"closed","template":"","meta":{"_acf_changed":false,"slim_seo":{"title":"IT8936E-600-2400 - YOTAVIS AG","description":"DC E-load 600V \/ 2400A \/ 36kW, 27U (Standard LAN, USB, RS232, GPIB, CAN, interface de contr\u00f4le analogique externe)"}},"product_brand":[822],"product_cat":[517,515],"product_tag":[],"class_list":{"0":"post-10937","1":"product","2":"type-product","3":"status-publish","4":"has-post-thumbnail","6":"product_brand-itech","7":"product_cat-dc-load-en","8":"product_cat-power-en","9":"pa_current-a-997","10":"pa_output-number-146","11":"pa_power-w-637","12":"pa_remote-control-yes","13":"pa_voltage-v-920","15":"first","16":"instock","17":"taxable","18":"shipping-taxable","19":"product-type-simple"},"acf":[],"_links":{"self":[{"href":"https:\/\/yotavis.ch\/fr\/wp-json\/wp\/v2\/product\/10937","targetHints":{"allow":["GET"]}}],"collection":[{"href":"https:\/\/yotavis.ch\/fr\/wp-json\/wp\/v2\/product"}],"about":[{"href":"https:\/\/yotavis.ch\/fr\/wp-json\/wp\/v2\/types\/product"}],"replies":[{"embeddable":true,"href":"https:\/\/yotavis.ch\/fr\/wp-json\/wp\/v2\/comments?post=10937"}],"wp:featuredmedia":[{"embeddable":true,"href":"https:\/\/yotavis.ch\/fr\/wp-json\/wp\/v2\/media\/12377"}],"wp:attachment":[{"href":"https:\/\/yotavis.ch\/fr\/wp-json\/wp\/v2\/media?parent=10937"}],"wp:term":[{"taxonomy":"product_brand","embeddable":true,"href":"https:\/\/yotavis.ch\/fr\/wp-json\/wp\/v2\/product_brand?post=10937"},{"taxonomy":"product_cat","embeddable":true,"href":"https:\/\/yotavis.ch\/fr\/wp-json\/wp\/v2\/product_cat?post=10937"},{"taxonomy":"product_tag","embeddable":true,"href":"https:\/\/yotavis.ch\/fr\/wp-json\/wp\/v2\/product_tag?post=10937"}],"curies":[{"name":"wp","href":"https:\/\/api.w.org\/{rel}","templated":true}]}}