{"id":10943,"date":"2025-10-09T00:00:00","date_gmt":"2025-10-08T22:00:00","guid":{"rendered":"https:\/\/yotavis.ch\/product\/it8942e-600-2400\/"},"modified":"2026-04-24T13:46:21","modified_gmt":"2026-04-24T11:46:21","slug":"it8942e-600-2400","status":"publish","type":"product","link":"https:\/\/yotavis.ch\/fr\/produit\/it8942e-600-2400\/","title":{"rendered":"IT8942E-600-2400"},"content":{"rendered":"<p>L'IT8942E-600-2400 est une charge \u00e9lectronique \u00e0 courant continu con\u00e7ue pour g\u00e9rer une tension maximale de 600 V et un courant allant jusqu'\u00e0 2400 A, offrant une capacit\u00e9 de puissance de 42 kW. Ce mod\u00e8le dispose d'un seul canal de sortie et prend en charge la fonctionnalit\u00e9 de contr\u00f4le \u00e0 distance, ce qui permet un fonctionnement flexible dans divers environnements de test. Il est log\u00e9 dans un ch\u00e2ssis de 37U et comprend plusieurs interfaces de communication standard telles que LAN, USB, RS232, GPIB, CAN et une interface de contr\u00f4le analogique externe. Ces interfaces facilitent l'int\u00e9gration avec d'autres \u00e9quipements et permettent un contr\u00f4le et une surveillance pr\u00e9cis. L'appareil est fabriqu\u00e9 par ITECH, une marque connue pour ses instruments de test \u00e9lectroniques. La combinaison d'une tension, d'un courant et d'une puissance nominaux \u00e9lev\u00e9s rend cette charge \u00e9lectronique adapt\u00e9e aux applications exigeantes n\u00e9cessitant des capacit\u00e9s de test de charge CC robustes et fiables.<\/p>","protected":false},"excerpt":{"rendered":"<p>DC E-load 600V \/ 2400A \/ 42kW, 37U  (Standard LAN, USB, RS232, GPIB, CAN, external analog control interface)<\/p>","protected":false},"featured_media":12379,"comment_status":"closed","ping_status":"closed","template":"","meta":{"_acf_changed":false,"slim_seo":{"title":"IT8942E-600-2400 - YOTAVIS AG","description":"DC E-load 600V \/ 2400A \/ 42kW, 37U (Standard LAN, USB, RS232, GPIB, CAN, interface de contr\u00f4le analogique externe)"}},"product_brand":[822],"product_cat":[517,515],"product_tag":[],"class_list":{"0":"post-10943","1":"product","2":"type-product","3":"status-publish","4":"has-post-thumbnail","6":"product_brand-itech","7":"product_cat-dc-load-en","8":"product_cat-power-en","9":"pa_current-a-997","10":"pa_output-number-146","11":"pa_power-w-985","12":"pa_remote-control-yes","13":"pa_voltage-v-920","15":"first","16":"instock","17":"taxable","18":"shipping-taxable","19":"product-type-simple"},"acf":[],"_links":{"self":[{"href":"https:\/\/yotavis.ch\/fr\/wp-json\/wp\/v2\/product\/10943","targetHints":{"allow":["GET"]}}],"collection":[{"href":"https:\/\/yotavis.ch\/fr\/wp-json\/wp\/v2\/product"}],"about":[{"href":"https:\/\/yotavis.ch\/fr\/wp-json\/wp\/v2\/types\/product"}],"replies":[{"embeddable":true,"href":"https:\/\/yotavis.ch\/fr\/wp-json\/wp\/v2\/comments?post=10943"}],"wp:featuredmedia":[{"embeddable":true,"href":"https:\/\/yotavis.ch\/fr\/wp-json\/wp\/v2\/media\/12379"}],"wp:attachment":[{"href":"https:\/\/yotavis.ch\/fr\/wp-json\/wp\/v2\/media?parent=10943"}],"wp:term":[{"taxonomy":"product_brand","embeddable":true,"href":"https:\/\/yotavis.ch\/fr\/wp-json\/wp\/v2\/product_brand?post=10943"},{"taxonomy":"product_cat","embeddable":true,"href":"https:\/\/yotavis.ch\/fr\/wp-json\/wp\/v2\/product_cat?post=10943"},{"taxonomy":"product_tag","embeddable":true,"href":"https:\/\/yotavis.ch\/fr\/wp-json\/wp\/v2\/product_tag?post=10943"}],"curies":[{"name":"wp","href":"https:\/\/api.w.org\/{rel}","templated":true}]}}