{"id":10953,"date":"2025-10-09T00:00:00","date_gmt":"2025-10-08T22:00:00","guid":{"rendered":"https:\/\/yotavis.ch\/product\/it8954e-150-2400\/"},"modified":"2026-04-24T13:46:27","modified_gmt":"2026-04-24T11:46:27","slug":"it8954e-150-2400","status":"publish","type":"product","link":"https:\/\/yotavis.ch\/fr\/produit\/it8954e-150-2400\/","title":{"rendered":"IT8954E-150-2400"},"content":{"rendered":"<p>L'IT8954E-150-2400 est une charge \u00e9lectronique CC avec une tension maximale de 150V et un courant maximal de 2400A, d\u00e9livrant une capacit\u00e9 de puissance de 54kW. Il dispose d'un seul canal de sortie et prend en charge la fonctionnalit\u00e9 de contr\u00f4le \u00e0 distance. L'appareil est log\u00e9 dans un ch\u00e2ssis 37U et comprend plusieurs interfaces de communication standard telles que LAN, USB, RS232, GPIB, CAN, ainsi qu'une interface de contr\u00f4le analogique externe. Ces interfaces permettent des options de connectivit\u00e9 polyvalentes pour l'int\u00e9gration dans divers environnements de test. La charge \u00e9lectronique est con\u00e7ue pour g\u00e9rer des applications de haute puissance avec des capacit\u00e9s de contr\u00f4le et de surveillance pr\u00e9cises. Son ensemble complet d'interfaces permet un fonctionnement flexible et une gestion \u00e0 distance, ce qui la rend adapt\u00e9e aux sc\u00e9narios de test \u00e9lectrique exigeants.<\/p>","protected":false},"excerpt":{"rendered":"<p>DC E-load 150V \/ 2400A \/ 54kW, 37U  (Standard LAN, USB, RS232, GPIB, CAN, external analog control interface)<\/p>","protected":false},"featured_media":12379,"comment_status":"closed","ping_status":"closed","template":"","meta":{"_acf_changed":false,"slim_seo":{"title":"IT8954E-150-2400 - YOTAVIS AG","description":"DC E-load 150V \/ 2400A \/ 54kW, 37U (Standard LAN, USB, RS232, GPIB, CAN, interface de contr\u00f4le analogique externe)"}},"product_brand":[822],"product_cat":[517,515],"product_tag":[],"class_list":{"0":"post-10953","1":"product","2":"type-product","3":"status-publish","4":"has-post-thumbnail","6":"product_brand-itech","7":"product_cat-dc-load-en","8":"product_cat-power-en","9":"pa_current-a-997","10":"pa_output-number-146","11":"pa_power-w-989","12":"pa_remote-control-yes","13":"pa_voltage-v-150","15":"first","16":"instock","17":"taxable","18":"shipping-taxable","19":"product-type-simple"},"acf":[],"_links":{"self":[{"href":"https:\/\/yotavis.ch\/fr\/wp-json\/wp\/v2\/product\/10953","targetHints":{"allow":["GET"]}}],"collection":[{"href":"https:\/\/yotavis.ch\/fr\/wp-json\/wp\/v2\/product"}],"about":[{"href":"https:\/\/yotavis.ch\/fr\/wp-json\/wp\/v2\/types\/product"}],"replies":[{"embeddable":true,"href":"https:\/\/yotavis.ch\/fr\/wp-json\/wp\/v2\/comments?post=10953"}],"wp:featuredmedia":[{"embeddable":true,"href":"https:\/\/yotavis.ch\/fr\/wp-json\/wp\/v2\/media\/12379"}],"wp:attachment":[{"href":"https:\/\/yotavis.ch\/fr\/wp-json\/wp\/v2\/media?parent=10953"}],"wp:term":[{"taxonomy":"product_brand","embeddable":true,"href":"https:\/\/yotavis.ch\/fr\/wp-json\/wp\/v2\/product_brand?post=10953"},{"taxonomy":"product_cat","embeddable":true,"href":"https:\/\/yotavis.ch\/fr\/wp-json\/wp\/v2\/product_cat?post=10953"},{"taxonomy":"product_tag","embeddable":true,"href":"https:\/\/yotavis.ch\/fr\/wp-json\/wp\/v2\/product_tag?post=10953"}],"curies":[{"name":"wp","href":"https:\/\/api.w.org\/{rel}","templated":true}]}}