{"id":10955,"date":"2025-10-09T00:00:00","date_gmt":"2025-10-08T22:00:00","guid":{"rendered":"https:\/\/yotavis.ch\/product\/it8954e-600-2400\/"},"modified":"2026-04-24T13:46:27","modified_gmt":"2026-04-24T11:46:27","slug":"it8954e-600-2400","status":"publish","type":"product","link":"https:\/\/yotavis.ch\/fr\/produit\/it8954e-600-2400\/","title":{"rendered":"IT8954E-600-2400"},"content":{"rendered":"<p>L'IT8954E-600-2400 est une charge \u00e9lectronique \u00e0 courant continu d'une puissance maximale de 54 000 watts, con\u00e7ue pour g\u00e9rer des tensions jusqu'\u00e0 600 volts et des courants jusqu'\u00e0 2 400 amp\u00e8res. Elle dispose d'un seul canal de sortie et prend en charge la fonctionnalit\u00e9 de contr\u00f4le \u00e0 distance, ce qui permet un fonctionnement flexible dans divers environnements de test. L'appareil est log\u00e9 dans un bo\u00eetier 37U et comprend plusieurs interfaces de communication standard telles que LAN, USB, RS232, GPIB, CAN, ainsi qu'une interface de contr\u00f4le analogique externe. Ces options de connectivit\u00e9 facilitent l'int\u00e9gration avec diff\u00e9rents syst\u00e8mes et permettent un contr\u00f4le et une surveillance pr\u00e9cis. La charge \u00e9lectronique est con\u00e7ue pour r\u00e9pondre \u00e0 des exigences de test de puissance \u00e9lev\u00e9es, ce qui la rend adapt\u00e9e aux applications exigeantes qui requi\u00e8rent des conditions de charge CC stables et fiables. Ses options d'interface compl\u00e8tes garantissent la compatibilit\u00e9 avec une large gamme de configurations de contr\u00f4le et d'automatisation, am\u00e9liorant ainsi sa polyvalence en laboratoire ou en milieu industriel.<\/p>","protected":false},"excerpt":{"rendered":"<p>DC E-load 600V \/ 2400A \/ 54kW, 37U  (Standard LAN, USB, RS232, GPIB, CAN, external analog control interface)<\/p>","protected":false},"featured_media":12379,"comment_status":"closed","ping_status":"closed","template":"","meta":{"_acf_changed":false,"slim_seo":{"title":"IT8954E-600-2400 - YOTAVIS AG","description":"DC E-load 600V \/ 2400A \/ 54kW, 37U (Standard LAN, USB, RS232, GPIB, CAN, interface de contr\u00f4le analogique externe)"}},"product_brand":[822],"product_cat":[517,515],"product_tag":[],"class_list":{"0":"post-10955","1":"product","2":"type-product","3":"status-publish","4":"has-post-thumbnail","6":"product_brand-itech","7":"product_cat-dc-load-en","8":"product_cat-power-en","9":"pa_current-a-997","10":"pa_output-number-146","11":"pa_power-w-989","12":"pa_remote-control-yes","13":"pa_voltage-v-920","15":"first","16":"instock","17":"taxable","18":"shipping-taxable","19":"product-type-simple"},"acf":[],"_links":{"self":[{"href":"https:\/\/yotavis.ch\/fr\/wp-json\/wp\/v2\/product\/10955","targetHints":{"allow":["GET"]}}],"collection":[{"href":"https:\/\/yotavis.ch\/fr\/wp-json\/wp\/v2\/product"}],"about":[{"href":"https:\/\/yotavis.ch\/fr\/wp-json\/wp\/v2\/types\/product"}],"replies":[{"embeddable":true,"href":"https:\/\/yotavis.ch\/fr\/wp-json\/wp\/v2\/comments?post=10955"}],"wp:featuredmedia":[{"embeddable":true,"href":"https:\/\/yotavis.ch\/fr\/wp-json\/wp\/v2\/media\/12379"}],"wp:attachment":[{"href":"https:\/\/yotavis.ch\/fr\/wp-json\/wp\/v2\/media?parent=10955"}],"wp:term":[{"taxonomy":"product_brand","embeddable":true,"href":"https:\/\/yotavis.ch\/fr\/wp-json\/wp\/v2\/product_brand?post=10955"},{"taxonomy":"product_cat","embeddable":true,"href":"https:\/\/yotavis.ch\/fr\/wp-json\/wp\/v2\/product_cat?post=10955"},{"taxonomy":"product_tag","embeddable":true,"href":"https:\/\/yotavis.ch\/fr\/wp-json\/wp\/v2\/product_tag?post=10955"}],"curies":[{"name":"wp","href":"https:\/\/api.w.org\/{rel}","templated":true}]}}