{"id":10959,"date":"2025-10-09T00:00:00","date_gmt":"2025-10-08T22:00:00","guid":{"rendered":"https:\/\/yotavis.ch\/product\/it7322\/"},"modified":"2026-04-24T13:46:29","modified_gmt":"2026-04-24T11:46:29","slug":"it7322","status":"publish","type":"product","link":"https:\/\/yotavis.ch\/fr\/produit\/it7322\/","title":{"rendered":"IT7322"},"content":{"rendered":"<p>L'ITECH IT7322 est un bloc d'alimentation CA capable de d\u00e9livrer jusqu'\u00e0 750VA avec une tension maximale de 300V et un courant de 6A. Il supporte un seul canal de sortie et fonctionne dans une plage de fr\u00e9quence de 45 \u00e0 500Hz. Ce mod\u00e8le est dot\u00e9 d'interfaces de communication standard, notamment RS232, USB et LAN, ce qui permet des options de connectivit\u00e9 polyvalentes. La fonctionnalit\u00e9 de contr\u00f4le \u00e0 distance est incluse, permettant aux utilisateurs de g\u00e9rer l'appareil \u00e0 distance. L'alimentation est con\u00e7ue pour un fonctionnement monophas\u00e9 et peut g\u00e9rer des courants de 6A ou 3A en fonction du niveau de tension. Sa capacit\u00e9 de fr\u00e9quence maximale atteint 500 Hz, ce qui la rend adapt\u00e9e \u00e0 diverses applications d'alimentation en courant alternatif. Les sp\u00e9cifications de l'unit\u00e9 garantissent qu'elle peut fournir une puissance de sortie stable et fiable dans les limites des param\u00e8tres indiqu\u00e9s.<\/p>","protected":false},"excerpt":{"rendered":"<p>Alimentation AC 150V\/300V, 6A\/3A, 750VA 1\u03c6 ; Standard RS232\/USB\/LAN ; 45-500Hz<\/p>","protected":false},"featured_media":11951,"comment_status":"closed","ping_status":"closed","template":"","meta":{"_acf_changed":false,"slim_seo":{"title":"IT7322 - YOTAVIS AG","description":"Alimentation AC 150V\/300V, 6A\/3A, 750VA 1\u03c6 ; Standard RS232\/USB\/LAN ; 45-500Hz"}},"product_brand":[822],"product_cat":[609,515],"product_tag":[],"class_list":{"0":"post-10959","1":"product","2":"type-product","3":"status-publish","4":"has-post-thumbnail","6":"product_brand-itech","7":"product_cat-ac-source-en","8":"product_cat-power-en","9":"pa_current-a-399","10":"pa_max-frequency-hz-1020","11":"pa_output-number-146","12":"pa_power-w-564","13":"pa_remote-control-yes","14":"pa_voltage-v-624","16":"first","17":"instock","18":"taxable","19":"shipping-taxable","20":"product-type-simple"},"acf":[],"_links":{"self":[{"href":"https:\/\/yotavis.ch\/fr\/wp-json\/wp\/v2\/product\/10959","targetHints":{"allow":["GET"]}}],"collection":[{"href":"https:\/\/yotavis.ch\/fr\/wp-json\/wp\/v2\/product"}],"about":[{"href":"https:\/\/yotavis.ch\/fr\/wp-json\/wp\/v2\/types\/product"}],"replies":[{"embeddable":true,"href":"https:\/\/yotavis.ch\/fr\/wp-json\/wp\/v2\/comments?post=10959"}],"wp:featuredmedia":[{"embeddable":true,"href":"https:\/\/yotavis.ch\/fr\/wp-json\/wp\/v2\/media\/11951"}],"wp:attachment":[{"href":"https:\/\/yotavis.ch\/fr\/wp-json\/wp\/v2\/media?parent=10959"}],"wp:term":[{"taxonomy":"product_brand","embeddable":true,"href":"https:\/\/yotavis.ch\/fr\/wp-json\/wp\/v2\/product_brand?post=10959"},{"taxonomy":"product_cat","embeddable":true,"href":"https:\/\/yotavis.ch\/fr\/wp-json\/wp\/v2\/product_cat?post=10959"},{"taxonomy":"product_tag","embeddable":true,"href":"https:\/\/yotavis.ch\/fr\/wp-json\/wp\/v2\/product_tag?post=10959"}],"curies":[{"name":"wp","href":"https:\/\/api.w.org\/{rel}","templated":true}]}}