{"id":10971,"date":"2025-10-09T00:00:00","date_gmt":"2025-10-08T22:00:00","guid":{"rendered":"https:\/\/yotavis.ch\/product\/it7622\/"},"modified":"2026-04-24T13:46:40","modified_gmt":"2026-04-24T11:46:40","slug":"it7622","status":"publish","type":"product","link":"https:\/\/yotavis.ch\/fr\/produit\/it7622\/","title":{"rendered":"IT7622"},"content":{"rendered":"<p>L'IT7622 est un bloc d'alimentation CA d'une tension nominale de 300V et d'une capacit\u00e9 de courant de 6A, d\u00e9livrant une puissance de sortie de 750VA. Il dispose d'un seul canal de sortie et fonctionne sur un syst\u00e8me d'alimentation monophas\u00e9 (1\u03c6) avec un facteur de forme 3U. L'appareil prend en charge une gamme de fr\u00e9quences de 10Hz \u00e0 5kHz, avec une fr\u00e9quence maximale de 5000Hz. Il comprend plusieurs interfaces de communication standard telles que RS232, LAN, USB, CAN, ainsi qu'un port USB suppl\u00e9mentaire en face avant pour une connectivit\u00e9 pratique. La fonctionnalit\u00e9 de commande \u00e0 distance est disponible, ce qui permet un fonctionnement flexible et une int\u00e9gration dans divers environnements de test. L'alimentation est fabriqu\u00e9e par ITECH, une marque connue pour ses \u00e9quipements de test \u00e9lectroniques. Ce mod\u00e8le est con\u00e7u pour fournir une alimentation CA fiable avec un contr\u00f4le pr\u00e9cis des param\u00e8tres de tension et de courant.<\/p>","protected":false},"excerpt":{"rendered":"<p>AC PSU 300V\/6A\/750VA, 1\u03c6 , 3U; Standard RS232\/  LAN\/ USB\/ CAN and front panel USB port; 10-5kHz<\/p>","protected":false},"featured_media":11959,"comment_status":"closed","ping_status":"closed","template":"","meta":{"_acf_changed":false,"slim_seo":{"title":"IT7622 - YOTAVIS AG","description":"Alimentation AC 300V\/6A\/750VA, 1\u03c6, 3U ; Standard RS232\/ LAN\/ USB\/ CAN et port USB en face avant ; 10-5kHz"}},"product_brand":[822],"product_cat":[609,515],"product_tag":[],"class_list":{"0":"post-10971","1":"product","2":"type-product","3":"status-publish","4":"has-post-thumbnail","6":"product_brand-itech","7":"product_cat-ac-source-en","8":"product_cat-power-en","9":"pa_current-a-399","10":"pa_max-frequency-hz-1022","11":"pa_output-number-146","12":"pa_power-w-564","13":"pa_remote-control-yes","14":"pa_voltage-v-624","16":"first","17":"instock","18":"taxable","19":"shipping-taxable","20":"product-type-simple"},"acf":[],"_links":{"self":[{"href":"https:\/\/yotavis.ch\/fr\/wp-json\/wp\/v2\/product\/10971","targetHints":{"allow":["GET"]}}],"collection":[{"href":"https:\/\/yotavis.ch\/fr\/wp-json\/wp\/v2\/product"}],"about":[{"href":"https:\/\/yotavis.ch\/fr\/wp-json\/wp\/v2\/types\/product"}],"replies":[{"embeddable":true,"href":"https:\/\/yotavis.ch\/fr\/wp-json\/wp\/v2\/comments?post=10971"}],"wp:featuredmedia":[{"embeddable":true,"href":"https:\/\/yotavis.ch\/fr\/wp-json\/wp\/v2\/media\/11959"}],"wp:attachment":[{"href":"https:\/\/yotavis.ch\/fr\/wp-json\/wp\/v2\/media?parent=10971"}],"wp:term":[{"taxonomy":"product_brand","embeddable":true,"href":"https:\/\/yotavis.ch\/fr\/wp-json\/wp\/v2\/product_brand?post=10971"},{"taxonomy":"product_cat","embeddable":true,"href":"https:\/\/yotavis.ch\/fr\/wp-json\/wp\/v2\/product_cat?post=10971"},{"taxonomy":"product_tag","embeddable":true,"href":"https:\/\/yotavis.ch\/fr\/wp-json\/wp\/v2\/product_tag?post=10971"}],"curies":[{"name":"wp","href":"https:\/\/api.w.org\/{rel}","templated":true}]}}