{"id":10972,"date":"2025-10-09T00:00:00","date_gmt":"2025-10-08T22:00:00","guid":{"rendered":"https:\/\/yotavis.ch\/product\/it7624\/"},"modified":"2026-04-24T13:46:41","modified_gmt":"2026-04-24T11:46:41","slug":"it7624","status":"publish","type":"product","link":"https:\/\/yotavis.ch\/fr\/produit\/it7624\/","title":{"rendered":"IT7624"},"content":{"rendered":"<p>L'IT7624 est un bloc d'alimentation CA avec une tension de sortie maximale de 300V et une capacit\u00e9 de courant de 12A, d\u00e9livrant une puissance de 1500VA. Il fonctionne sur un syst\u00e8me monophas\u00e9 (1\u03c6) et pr\u00e9sente un facteur de forme 3U. L'appareil prend en charge une gamme de fr\u00e9quences de 10Hz \u00e0 5kHz, avec une fr\u00e9quence maximale de 5000Hz. Il comprend un canal de sortie et offre des capacit\u00e9s de contr\u00f4le \u00e0 distance pour un fonctionnement pratique. L'appareil est \u00e9quip\u00e9 d'interfaces de communication standard, notamment RS232, LAN, USB et CAN, ainsi que d'un port USB en face avant pour faciliter la connectivit\u00e9. Gr\u00e2ce \u00e0 cette combinaison de caract\u00e9ristiques, l'IT7624 convient aux applications n\u00e9cessitant un contr\u00f4le pr\u00e9cis de l'alimentation en courant alternatif et des options de communication polyvalentes.<\/p>","protected":false},"excerpt":{"rendered":"<p>Alimentation AC 300V\/12A\/1500VA, 1\u03c6, 3U ; Standard RS232\/ LAN\/ USB\/ CAN et port USB en face avant ; 10-5kHz<\/p>","protected":false},"featured_media":11959,"comment_status":"closed","ping_status":"closed","template":"","meta":{"_acf_changed":false,"slim_seo":{"title":"IT7624 - YOTAVIS AG","description":"Alimentation AC 300V\/12A\/1500VA, 1\u03c6, 3U ; Standard RS232\/ LAN\/ USB\/ CAN et port USB en face avant ; 10-5kHz"}},"product_brand":[822],"product_cat":[609,515],"product_tag":[],"class_list":{"0":"post-10972","1":"product","2":"type-product","3":"status-publish","4":"has-post-thumbnail","6":"product_brand-itech","7":"product_cat-ac-source-en","8":"product_cat-power-en","9":"pa_current-a-578","10":"pa_max-frequency-hz-1022","11":"pa_output-number-146","12":"pa_power-w-400","13":"pa_remote-control-yes","14":"pa_voltage-v-624","16":"first","17":"instock","18":"taxable","19":"shipping-taxable","20":"product-type-simple"},"acf":[],"_links":{"self":[{"href":"https:\/\/yotavis.ch\/fr\/wp-json\/wp\/v2\/product\/10972","targetHints":{"allow":["GET"]}}],"collection":[{"href":"https:\/\/yotavis.ch\/fr\/wp-json\/wp\/v2\/product"}],"about":[{"href":"https:\/\/yotavis.ch\/fr\/wp-json\/wp\/v2\/types\/product"}],"replies":[{"embeddable":true,"href":"https:\/\/yotavis.ch\/fr\/wp-json\/wp\/v2\/comments?post=10972"}],"wp:featuredmedia":[{"embeddable":true,"href":"https:\/\/yotavis.ch\/fr\/wp-json\/wp\/v2\/media\/11959"}],"wp:attachment":[{"href":"https:\/\/yotavis.ch\/fr\/wp-json\/wp\/v2\/media?parent=10972"}],"wp:term":[{"taxonomy":"product_brand","embeddable":true,"href":"https:\/\/yotavis.ch\/fr\/wp-json\/wp\/v2\/product_brand?post=10972"},{"taxonomy":"product_cat","embeddable":true,"href":"https:\/\/yotavis.ch\/fr\/wp-json\/wp\/v2\/product_cat?post=10972"},{"taxonomy":"product_tag","embeddable":true,"href":"https:\/\/yotavis.ch\/fr\/wp-json\/wp\/v2\/product_tag?post=10972"}],"curies":[{"name":"wp","href":"https:\/\/api.w.org\/{rel}","templated":true}]}}