{"id":10975,"date":"2025-10-09T00:00:00","date_gmt":"2025-10-08T22:00:00","guid":{"rendered":"https:\/\/yotavis.ch\/product\/it-m7722\/"},"modified":"2026-04-24T13:46:42","modified_gmt":"2026-04-24T11:46:42","slug":"it-m7722","status":"publish","type":"product","link":"https:\/\/yotavis.ch\/fr\/produit\/it-m7722\/","title":{"rendered":"IT-M7722"},"content":{"rendered":"<p>L'IT-M7722 est une alimentation AC\/DC 300V, 6A, 600VA con\u00e7ue dans un format demi-rack 1U. Il dispose d'un seul canal de sortie et prend en charge la fonctionnalit\u00e9 de contr\u00f4le \u00e0 distance. L'appareil fonctionne dans une plage de fr\u00e9quence de 45 Hz \u00e0 1 kHz, avec une fr\u00e9quence maximale de 1000 Hz. Il offre des interfaces optionnelles, notamment GPIB, USB et LAN, RS232 et CAN, ainsi que des connexions analogiques\/USB. L'alimentation prend en charge les connexions s\u00e9rie et triphas\u00e9es, le module standard IT-E251 \u00e9tant utilis\u00e9 pour les configurations triphas\u00e9es. Fabriqu\u00e9 par ITECH, ce mod\u00e8le fournit une puissance de sortie fiable de 600 watts.<\/p>","protected":false},"excerpt":{"rendered":"<p>300V\/6A\/600VA AC\/DC power supply1U half rack, Optional GPIB\/USB&#038;LAN\/RS232&#038;CAN\/Analog \/USB interface; 45-1kHz<br \/>\nSupport series and 3-phase connection, standard IT-E251 for 3-phase connection<\/p>","protected":false},"featured_media":11965,"comment_status":"closed","ping_status":"closed","template":"","meta":{"_acf_changed":false,"slim_seo":{"title":"IT-M7722 - YOTAVIS AG","description":"300V\/6A\/600VA AC\/DC power supply1U half rack, Optional GPIB\/USB&LAN\/RS232&CAN\/Analog \/USB interface; 45-1kHz Support series and 3-phase connection, standard IT-"}},"product_brand":[822],"product_cat":[625,515],"product_tag":[],"class_list":{"0":"post-10975","1":"product","2":"type-product","3":"status-publish","4":"has-post-thumbnail","6":"product_brand-itech","7":"product_cat-ac-dc-source-en","8":"product_cat-power-en","9":"pa_current-a-399","10":"pa_max-frequency-hz-1039","11":"pa_output-number-146","12":"pa_power-w-582","13":"pa_remote-control-yes","14":"pa_voltage-v-624","16":"first","17":"instock","18":"taxable","19":"shipping-taxable","20":"product-type-simple"},"acf":[],"_links":{"self":[{"href":"https:\/\/yotavis.ch\/fr\/wp-json\/wp\/v2\/product\/10975","targetHints":{"allow":["GET"]}}],"collection":[{"href":"https:\/\/yotavis.ch\/fr\/wp-json\/wp\/v2\/product"}],"about":[{"href":"https:\/\/yotavis.ch\/fr\/wp-json\/wp\/v2\/types\/product"}],"replies":[{"embeddable":true,"href":"https:\/\/yotavis.ch\/fr\/wp-json\/wp\/v2\/comments?post=10975"}],"wp:featuredmedia":[{"embeddable":true,"href":"https:\/\/yotavis.ch\/fr\/wp-json\/wp\/v2\/media\/11965"}],"wp:attachment":[{"href":"https:\/\/yotavis.ch\/fr\/wp-json\/wp\/v2\/media?parent=10975"}],"wp:term":[{"taxonomy":"product_brand","embeddable":true,"href":"https:\/\/yotavis.ch\/fr\/wp-json\/wp\/v2\/product_brand?post=10975"},{"taxonomy":"product_cat","embeddable":true,"href":"https:\/\/yotavis.ch\/fr\/wp-json\/wp\/v2\/product_cat?post=10975"},{"taxonomy":"product_tag","embeddable":true,"href":"https:\/\/yotavis.ch\/fr\/wp-json\/wp\/v2\/product_tag?post=10975"}],"curies":[{"name":"wp","href":"https:\/\/api.w.org\/{rel}","templated":true}]}}