{"id":10978,"date":"2025-10-09T00:00:00","date_gmt":"2025-10-08T22:00:00","guid":{"rendered":"https:\/\/yotavis.ch\/product\/it7803-350-30u\/"},"modified":"2026-04-24T13:46:43","modified_gmt":"2026-04-24T11:46:43","slug":"it7803-350-30u","status":"publish","type":"product","link":"https:\/\/yotavis.ch\/fr\/produit\/it7803-350-30u\/","title":{"rendered":"IT7803-350-30U"},"content":{"rendered":"<p>L'ITECH IT7803-350-30U est une alimentation AC\/DC monophas\u00e9e con\u00e7ue pour d\u00e9livrer une puissance maximale de 3000 watts. Elle fonctionne \u00e0 une tension de 350 volts ligne \u00e0 neutre et supporte un courant allant jusqu'\u00e0 30 amp\u00e8res. Ce mod\u00e8le est dot\u00e9 d'un ch\u00e2ssis de 3U, ce qui permet de le monter en rack dans divers environnements industriels et de laboratoire. L'alimentation offre un canal de sortie et comprend une fonction de contr\u00f4le \u00e0 distance pour une utilisation pratique. Elle prend en charge une fr\u00e9quence maximale de 2400 Hz, ce qui permet des applications polyvalentes n\u00e9cessitant un contr\u00f4le pr\u00e9cis de la fr\u00e9quence. L'appareil est con\u00e7u pour fournir une alimentation fiable et stable dans les limites des param\u00e8tres sp\u00e9cifi\u00e9s, ce qui garantit des performances constantes pendant l'utilisation.<\/p>","protected":false},"excerpt":{"rendered":"<p>350V L-N, 30Arms, 3kVA, 1\u03c6 AC\/DC power supply, 3U size<\/p>","protected":false},"featured_media":11974,"comment_status":"closed","ping_status":"closed","template":"","meta":{"_acf_changed":false,"slim_seo":{"title":"IT7803-350-30U - YOTAVIS AG","description":"350V L-N, 30Arms, 3kVA, 1\u03c6 AC\/DC power supply, 3U size"}},"product_brand":[822],"product_cat":[625,515],"product_tag":[],"class_list":{"0":"post-10978","1":"product","2":"type-product","3":"status-publish","4":"has-post-thumbnail","6":"product_brand-itech","7":"product_cat-ac-dc-source-en","8":"product_cat-power-en","9":"pa_current-a-404","10":"pa_max-frequency-hz-1040","11":"pa_output-number-146","12":"pa_power-w-632","13":"pa_remote-control-yes","14":"pa_voltage-v-601","16":"first","17":"instock","18":"taxable","19":"shipping-taxable","20":"product-type-simple"},"acf":[],"_links":{"self":[{"href":"https:\/\/yotavis.ch\/fr\/wp-json\/wp\/v2\/product\/10978","targetHints":{"allow":["GET"]}}],"collection":[{"href":"https:\/\/yotavis.ch\/fr\/wp-json\/wp\/v2\/product"}],"about":[{"href":"https:\/\/yotavis.ch\/fr\/wp-json\/wp\/v2\/types\/product"}],"replies":[{"embeddable":true,"href":"https:\/\/yotavis.ch\/fr\/wp-json\/wp\/v2\/comments?post=10978"}],"wp:featuredmedia":[{"embeddable":true,"href":"https:\/\/yotavis.ch\/fr\/wp-json\/wp\/v2\/media\/11974"}],"wp:attachment":[{"href":"https:\/\/yotavis.ch\/fr\/wp-json\/wp\/v2\/media?parent=10978"}],"wp:term":[{"taxonomy":"product_brand","embeddable":true,"href":"https:\/\/yotavis.ch\/fr\/wp-json\/wp\/v2\/product_brand?post=10978"},{"taxonomy":"product_cat","embeddable":true,"href":"https:\/\/yotavis.ch\/fr\/wp-json\/wp\/v2\/product_cat?post=10978"},{"taxonomy":"product_tag","embeddable":true,"href":"https:\/\/yotavis.ch\/fr\/wp-json\/wp\/v2\/product_tag?post=10978"}],"curies":[{"name":"wp","href":"https:\/\/api.w.org\/{rel}","templated":true}]}}