{"id":10984,"date":"2025-10-09T00:00:00","date_gmt":"2025-10-08T22:00:00","guid":{"rendered":"https:\/\/yotavis.ch\/product\/it7815-350-90\/"},"modified":"2026-04-24T13:46:45","modified_gmt":"2026-04-24T11:46:45","slug":"it7815-350-90","status":"publish","type":"product","link":"https:\/\/yotavis.ch\/fr\/produit\/it7815-350-90\/","title":{"rendered":"IT7815-350-90"},"content":{"rendered":"<p>L'ITECH IT7815-350-90 est une unit\u00e9 d'alimentation con\u00e7ue pour fournir une puissance de 15kVA avec une tension nominale de 350V L-N et une capacit\u00e9 de courant de 90Arms. Il prend en charge les configurations d'alimentation AC\/DC monophas\u00e9es et triphas\u00e9es, ce qui le rend polyvalent pour diverses applications. Ce mod\u00e8le pr\u00e9sente un facteur de forme de 3U, ce qui lui permet de s'int\u00e9grer efficacement dans les baies d'\u00e9quipement standard. Il comprend un canal de sortie et offre une fonctionnalit\u00e9 de contr\u00f4le \u00e0 distance pour une utilisation pratique. La fr\u00e9quence maximale qu'il peut g\u00e9rer est de 2400Hz, ce qui garantit sa compatibilit\u00e9 avec une gamme de besoins en alimentation \u00e9lectrique. En tant qu'unit\u00e9 principale, il est con\u00e7u pour g\u00e9rer et contr\u00f4ler efficacement l'alimentation \u00e9lectrique. La combinaison de sa puissance nominale, de sa tension et de ses sp\u00e9cifications de courant en fait un outil adapt\u00e9 aux tests \u00e9lectriques exigeants et aux t\u00e2ches d'alimentation.<\/p>","protected":false},"excerpt":{"rendered":"<p>350V L-N, 90Arms, 15kVA, 1\u03c6 ou 3\u03c6 AC\/DC, Master, 3U<\/p>","protected":false},"featured_media":11974,"comment_status":"closed","ping_status":"closed","template":"","meta":{"_acf_changed":false,"slim_seo":{"title":"IT7815-350-90 - YOTAVIS AG","description":"350V L-N, 90Arms, 15kVA, 1\u03c6 ou 3\u03c6 AC\/DC, Master, 3U"}},"product_brand":[822],"product_cat":[625,515],"product_tag":[],"class_list":{"0":"post-10984","1":"product","2":"type-product","3":"status-publish","4":"has-post-thumbnail","6":"product_brand-itech","7":"product_cat-ac-dc-source-en","8":"product_cat-power-en","9":"pa_current-a-408","10":"pa_max-frequency-hz-1040","11":"pa_output-number-146","12":"pa_power-w-941","13":"pa_remote-control-yes","14":"pa_voltage-v-601","16":"first","17":"instock","18":"taxable","19":"shipping-taxable","20":"product-type-simple"},"acf":[],"_links":{"self":[{"href":"https:\/\/yotavis.ch\/fr\/wp-json\/wp\/v2\/product\/10984","targetHints":{"allow":["GET"]}}],"collection":[{"href":"https:\/\/yotavis.ch\/fr\/wp-json\/wp\/v2\/product"}],"about":[{"href":"https:\/\/yotavis.ch\/fr\/wp-json\/wp\/v2\/types\/product"}],"replies":[{"embeddable":true,"href":"https:\/\/yotavis.ch\/fr\/wp-json\/wp\/v2\/comments?post=10984"}],"wp:featuredmedia":[{"embeddable":true,"href":"https:\/\/yotavis.ch\/fr\/wp-json\/wp\/v2\/media\/11974"}],"wp:attachment":[{"href":"https:\/\/yotavis.ch\/fr\/wp-json\/wp\/v2\/media?parent=10984"}],"wp:term":[{"taxonomy":"product_brand","embeddable":true,"href":"https:\/\/yotavis.ch\/fr\/wp-json\/wp\/v2\/product_brand?post=10984"},{"taxonomy":"product_cat","embeddable":true,"href":"https:\/\/yotavis.ch\/fr\/wp-json\/wp\/v2\/product_cat?post=10984"},{"taxonomy":"product_tag","embeddable":true,"href":"https:\/\/yotavis.ch\/fr\/wp-json\/wp\/v2\/product_tag?post=10984"}],"curies":[{"name":"wp","href":"https:\/\/api.w.org\/{rel}","templated":true}]}}