{"id":10988,"date":"2025-10-09T00:00:00","date_gmt":"2025-10-08T22:00:00","guid":{"rendered":"https:\/\/yotavis.ch\/product\/it7909-350-90\/"},"modified":"2026-04-24T13:46:49","modified_gmt":"2026-04-24T11:46:49","slug":"it7909-350-90","status":"publish","type":"product","link":"https:\/\/yotavis.ch\/fr\/produit\/it7909-350-90\/","title":{"rendered":"IT7909-350-90"},"content":{"rendered":"<p>L'ITECH IT7909-350-90 est un simulateur de r\u00e9seau CA con\u00e7u avec une capacit\u00e9 de puissance de 9000 watts. Il fonctionne \u00e0 une tension de 350 volts et supporte un courant allant jusqu'\u00e0 90 amp\u00e8res. Ce mod\u00e8le comporte un seul canal de sortie et est log\u00e9 dans un ch\u00e2ssis de taille 3U. L'appareil offre une fr\u00e9quence maximale de 150 Hz, ce qui permet des applications polyvalentes de simulation de r\u00e9seau. La fonctionnalit\u00e9 de commande \u00e0 distance est incluse, ce qui permet aux utilisateurs de faire fonctionner le simulateur \u00e0 distance. La combinaison de ces sp\u00e9cifications fait de l'IT7909-350-90 un outil adapt\u00e9 \u00e0 diverses t\u00e2ches de test et de simulation n\u00e9cessitant des conditions pr\u00e9cises d'alimentation en courant alternatif.<\/p>","protected":false},"excerpt":{"rendered":"<p>350V\/90A\/9kVA, simulateur de r\u00e9seau CA, taille 3U<\/p>","protected":false},"featured_media":11980,"comment_status":"closed","ping_status":"closed","template":"","meta":{"_acf_changed":false,"slim_seo":{"title":"IT7909-350-90 - YOTAVIS AG","description":"350V\/90A\/9kVA, simulateur de r\u00e9seau CA, taille 3U"}},"product_brand":[822],"product_cat":[515],"product_tag":[],"class_list":{"0":"post-10988","1":"product","2":"type-product","3":"status-publish","4":"has-post-thumbnail","6":"product_brand-itech","7":"product_cat-power-en","8":"pa_current-a-408","9":"pa_max-frequency-hz-1041","10":"pa_output-number-146","11":"pa_power-w-627","12":"pa_remote-control-yes","13":"pa_voltage-v-601","15":"first","16":"instock","17":"taxable","18":"shipping-taxable","19":"product-type-simple"},"acf":[],"_links":{"self":[{"href":"https:\/\/yotavis.ch\/fr\/wp-json\/wp\/v2\/product\/10988","targetHints":{"allow":["GET"]}}],"collection":[{"href":"https:\/\/yotavis.ch\/fr\/wp-json\/wp\/v2\/product"}],"about":[{"href":"https:\/\/yotavis.ch\/fr\/wp-json\/wp\/v2\/types\/product"}],"replies":[{"embeddable":true,"href":"https:\/\/yotavis.ch\/fr\/wp-json\/wp\/v2\/comments?post=10988"}],"wp:featuredmedia":[{"embeddable":true,"href":"https:\/\/yotavis.ch\/fr\/wp-json\/wp\/v2\/media\/11980"}],"wp:attachment":[{"href":"https:\/\/yotavis.ch\/fr\/wp-json\/wp\/v2\/media?parent=10988"}],"wp:term":[{"taxonomy":"product_brand","embeddable":true,"href":"https:\/\/yotavis.ch\/fr\/wp-json\/wp\/v2\/product_brand?post=10988"},{"taxonomy":"product_cat","embeddable":true,"href":"https:\/\/yotavis.ch\/fr\/wp-json\/wp\/v2\/product_cat?post=10988"},{"taxonomy":"product_tag","embeddable":true,"href":"https:\/\/yotavis.ch\/fr\/wp-json\/wp\/v2\/product_tag?post=10988"}],"curies":[{"name":"wp","href":"https:\/\/api.w.org\/{rel}","templated":true}]}}