{"id":10996,"date":"2025-10-09T00:00:00","date_gmt":"2025-10-08T22:00:00","guid":{"rendered":"https:\/\/yotavis.ch\/product\/it7912p-350-90\/"},"modified":"2026-04-24T13:46:52","modified_gmt":"2026-04-24T11:46:52","slug":"it7912p-350-90","status":"publish","type":"product","link":"https:\/\/yotavis.ch\/fr\/produit\/it7912p-350-90\/","title":{"rendered":"IT7912P-350-90"},"content":{"rendered":"<p>Le IT7912P-350-90 d'ITECH est un simulateur de r\u00e9seau r\u00e9g\u00e9n\u00e9ratif de haute performance con\u00e7u pour les applications monophas\u00e9es et triphas\u00e9es. Il fonctionne \u00e0 une tension de 350V ligne-neutre et d\u00e9livre un courant de 90Arms, fournissant une puissance de sortie de 12kVA. L'appareil est compact, log\u00e9 dans un ch\u00e2ssis de taille 3U, ce qui le rend adapt\u00e9 \u00e0 divers environnements de test. Il est dot\u00e9 d'une capacit\u00e9 de fr\u00e9quence maximale de 150 Hz, ce qui permet des sc\u00e9narios de simulation polyvalents. Le simulateur est dot\u00e9 d'une fonction de commande \u00e0 distance, ce qui permet aux utilisateurs de faire fonctionner l'appareil \u00e0 distance. Avec un seul canal de sortie, il est con\u00e7u pour des t\u00e2ches de simulation de grille pr\u00e9cises et contr\u00f4l\u00e9es. Ce mod\u00e8le est con\u00e7u pour r\u00e9pondre aux exigences de test rigoureuses des applications li\u00e9es \u00e0 l'\u00e9lectronique de puissance et aux r\u00e9seaux \u00e9lectriques.<\/p>","protected":false},"excerpt":{"rendered":"<p>350V L-N, 90Arms, 12kVA, Simulateur de r\u00e9seau r\u00e9g\u00e9n\u00e9ratif haute performance, 1\u03c6 ou 3\u03c6, 3U<\/p>","protected":false},"featured_media":11984,"comment_status":"closed","ping_status":"closed","template":"","meta":{"_acf_changed":false,"slim_seo":{"title":"IT7912P-350-90 - YOTAVIS AG","description":"350V L-N, 90Arms, 12kVA, Simulateur de r\u00e9seau r\u00e9g\u00e9n\u00e9ratif haute performance, 1\u03c6 ou 3\u03c6, 3U"}},"product_brand":[822],"product_cat":[515],"product_tag":[],"class_list":{"0":"post-10996","1":"product","2":"type-product","3":"status-publish","4":"has-post-thumbnail","6":"product_brand-itech","7":"product_cat-power-en","8":"pa_current-a-408","9":"pa_max-frequency-hz-1041","10":"pa_output-number-146","11":"pa_power-w-628","12":"pa_remote-control-yes","13":"pa_voltage-v-601","15":"first","16":"instock","17":"taxable","18":"shipping-taxable","19":"product-type-simple"},"acf":[],"_links":{"self":[{"href":"https:\/\/yotavis.ch\/fr\/wp-json\/wp\/v2\/product\/10996","targetHints":{"allow":["GET"]}}],"collection":[{"href":"https:\/\/yotavis.ch\/fr\/wp-json\/wp\/v2\/product"}],"about":[{"href":"https:\/\/yotavis.ch\/fr\/wp-json\/wp\/v2\/types\/product"}],"replies":[{"embeddable":true,"href":"https:\/\/yotavis.ch\/fr\/wp-json\/wp\/v2\/comments?post=10996"}],"wp:featuredmedia":[{"embeddable":true,"href":"https:\/\/yotavis.ch\/fr\/wp-json\/wp\/v2\/media\/11984"}],"wp:attachment":[{"href":"https:\/\/yotavis.ch\/fr\/wp-json\/wp\/v2\/media?parent=10996"}],"wp:term":[{"taxonomy":"product_brand","embeddable":true,"href":"https:\/\/yotavis.ch\/fr\/wp-json\/wp\/v2\/product_brand?post=10996"},{"taxonomy":"product_cat","embeddable":true,"href":"https:\/\/yotavis.ch\/fr\/wp-json\/wp\/v2\/product_cat?post=10996"},{"taxonomy":"product_tag","embeddable":true,"href":"https:\/\/yotavis.ch\/fr\/wp-json\/wp\/v2\/product_tag?post=10996"}],"curies":[{"name":"wp","href":"https:\/\/api.w.org\/{rel}","templated":true}]}}