{"id":11001,"date":"2025-10-09T00:00:00","date_gmt":"2025-10-08T22:00:00","guid":{"rendered":"https:\/\/yotavis.ch\/product\/it8209-350-90\/"},"modified":"2026-04-24T13:46:53","modified_gmt":"2026-04-24T11:46:53","slug":"it8209-350-90","status":"publish","type":"product","link":"https:\/\/yotavis.ch\/fr\/produit\/it8209-350-90\/","title":{"rendered":"IT8209-350-90"},"content":{"rendered":"<p>L'ITECH IT8209-350-90 est une charge \u00e9lectronique AC\/DC r\u00e9g\u00e9n\u00e9rative con\u00e7ue pour des applications monophas\u00e9es ou triphas\u00e9es, avec une tension nominale de 350V ligne-neutre et une capacit\u00e9 de courant de 90Arms. Elle d\u00e9livre une puissance de sortie de 9 kVA, ce qui la rend adapt\u00e9e \u00e0 divers sc\u00e9narios de test et de mesure. L'appareil est log\u00e9 dans un ch\u00e2ssis compact de 3U, ce qui facilite son int\u00e9gration dans les installations existantes. Il prend en charge la fonctionnalit\u00e9 de commande \u00e0 distance, ce qui permet un fonctionnement et une surveillance pratiques \u00e0 distance. La fr\u00e9quence maximale qu'il peut g\u00e9rer est de 150 Hz, ce qui garantit la compatibilit\u00e9 avec une gamme de signaux CA. Ce mod\u00e8le comprend un seul canal de sortie, ce qui simplifie son utilisation dans des environnements de test cibl\u00e9s. Fabriqu\u00e9 par ITECH, l'IT8209-350-90 combine des sp\u00e9cifications \u00e9lectriques robustes avec des caract\u00e9ristiques de conception pratiques pour des applications de charge \u00e9lectronique efficaces.<\/p>","protected":false},"excerpt":{"rendered":"<p>350V L-N, 90Arms, 9kVA, Charge \u00e9lectronique AC\/DC r\u00e9g\u00e9n\u00e9rative, 1\u03c6 ou 3\u03c6, taille 3U<\/p>","protected":false},"featured_media":11987,"comment_status":"closed","ping_status":"closed","template":"","meta":{"_acf_changed":false,"slim_seo":{"title":"IT8209-350-90 - YOTAVIS AG","description":"350V L-N, 90Arms, 9kVA, Charge \u00e9lectronique AC\/DC r\u00e9g\u00e9n\u00e9rative, 1\u03c6 ou 3\u03c6, taille 3U"}},"product_brand":[822],"product_cat":[823,515],"product_tag":[],"class_list":{"0":"post-11001","1":"product","2":"type-product","3":"status-publish","4":"has-post-thumbnail","6":"product_brand-itech","7":"product_cat-ac-dc-load-en","8":"product_cat-power-en","9":"pa_current-a-408","10":"pa_max-frequency-hz-1041","11":"pa_output-number-146","12":"pa_power-w-627","13":"pa_remote-control-yes","14":"pa_voltage-v-601","16":"first","17":"instock","18":"taxable","19":"shipping-taxable","20":"product-type-simple"},"acf":[],"_links":{"self":[{"href":"https:\/\/yotavis.ch\/fr\/wp-json\/wp\/v2\/product\/11001","targetHints":{"allow":["GET"]}}],"collection":[{"href":"https:\/\/yotavis.ch\/fr\/wp-json\/wp\/v2\/product"}],"about":[{"href":"https:\/\/yotavis.ch\/fr\/wp-json\/wp\/v2\/types\/product"}],"replies":[{"embeddable":true,"href":"https:\/\/yotavis.ch\/fr\/wp-json\/wp\/v2\/comments?post=11001"}],"wp:featuredmedia":[{"embeddable":true,"href":"https:\/\/yotavis.ch\/fr\/wp-json\/wp\/v2\/media\/11987"}],"wp:attachment":[{"href":"https:\/\/yotavis.ch\/fr\/wp-json\/wp\/v2\/media?parent=11001"}],"wp:term":[{"taxonomy":"product_brand","embeddable":true,"href":"https:\/\/yotavis.ch\/fr\/wp-json\/wp\/v2\/product_brand?post=11001"},{"taxonomy":"product_cat","embeddable":true,"href":"https:\/\/yotavis.ch\/fr\/wp-json\/wp\/v2\/product_cat?post=11001"},{"taxonomy":"product_tag","embeddable":true,"href":"https:\/\/yotavis.ch\/fr\/wp-json\/wp\/v2\/product_tag?post=11001"}],"curies":[{"name":"wp","href":"https:\/\/api.w.org\/{rel}","templated":true}]}}