{"id":11005,"date":"2025-10-09T00:00:00","date_gmt":"2025-10-08T22:00:00","guid":{"rendered":"https:\/\/yotavis.ch\/product\/it9121c\/"},"modified":"2026-04-24T13:47:02","modified_gmt":"2026-04-24T11:47:02","slug":"it9121c","status":"publish","type":"product","link":"https:\/\/yotavis.ch\/fr\/produit\/it9121c\/","title":{"rendered":"IT9121C"},"content":{"rendered":"<p>Le wattm\u00e8tre ITECH IT9121C supporte une tension maximale de 600 Vrms et un courant maximal de 50 Arms, ce qui le rend adapt\u00e9 \u00e0 diverses applications de mesure \u00e9lectrique. Il se pr\u00e9sente sous la forme d'un demi-rack 2U, ce qui permet une utilisation efficace de l'espace dans les racks d'\u00e9quipement. L'appareil comprend un canal de sortie et offre des capacit\u00e9s de contr\u00f4le \u00e0 distance, ce qui am\u00e9liore son utilisation dans les environnements de test automatis\u00e9s. Les options de connectivit\u00e9 sont compl\u00e8tes, avec des interfaces USB, RS232 et LAN standard, ainsi qu'un port USB en face avant pour un acc\u00e8s pratique. Ces interfaces facilitent l'int\u00e9gration avec d'autres \u00e9quipements et syst\u00e8mes d'acquisition de donn\u00e9es. Le wattm\u00e8tre est con\u00e7u pour fournir des performances fiables dans les limites \u00e9lectriques sp\u00e9cifi\u00e9es. Sa configuration permet de r\u00e9aliser des mesures de puissance pr\u00e9cises tout en maintenant la compatibilit\u00e9 avec les protocoles de communication courants gr\u00e2ce \u00e0 ses multiples options d'interface.<\/p>","protected":false},"excerpt":{"rendered":"<p>Power meter 600Vrms\/50Arms, 2U half rack ; USB\/RS232\/LAN standard et port USB en face avant<\/p>","protected":false},"featured_media":11992,"comment_status":"closed","ping_status":"closed","template":"","meta":{"_acf_changed":false,"slim_seo":{"title":"IT9121C - YOTAVIS AG","description":"Power meter 600Vrms\/50Arms, 2U half rack ; USB\/RS232\/LAN standard et port USB en face avant"}},"product_brand":[822],"product_cat":[518,545],"product_tag":[],"class_list":{"0":"post-11005","1":"product","2":"type-product","3":"status-publish","4":"has-post-thumbnail","6":"product_brand-itech","7":"product_cat-meters","8":"product_cat-power-meter-en","9":"pa_current-a-402","10":"pa_output-number-146","11":"pa_remote-control-yes","12":"pa_voltage-v-920","14":"first","15":"instock","16":"taxable","17":"shipping-taxable","18":"product-type-simple"},"acf":[],"_links":{"self":[{"href":"https:\/\/yotavis.ch\/fr\/wp-json\/wp\/v2\/product\/11005","targetHints":{"allow":["GET"]}}],"collection":[{"href":"https:\/\/yotavis.ch\/fr\/wp-json\/wp\/v2\/product"}],"about":[{"href":"https:\/\/yotavis.ch\/fr\/wp-json\/wp\/v2\/types\/product"}],"replies":[{"embeddable":true,"href":"https:\/\/yotavis.ch\/fr\/wp-json\/wp\/v2\/comments?post=11005"}],"wp:featuredmedia":[{"embeddable":true,"href":"https:\/\/yotavis.ch\/fr\/wp-json\/wp\/v2\/media\/11992"}],"wp:attachment":[{"href":"https:\/\/yotavis.ch\/fr\/wp-json\/wp\/v2\/media?parent=11005"}],"wp:term":[{"taxonomy":"product_brand","embeddable":true,"href":"https:\/\/yotavis.ch\/fr\/wp-json\/wp\/v2\/product_brand?post=11005"},{"taxonomy":"product_cat","embeddable":true,"href":"https:\/\/yotavis.ch\/fr\/wp-json\/wp\/v2\/product_cat?post=11005"},{"taxonomy":"product_tag","embeddable":true,"href":"https:\/\/yotavis.ch\/fr\/wp-json\/wp\/v2\/product_tag?post=11005"}],"curies":[{"name":"wp","href":"https:\/\/api.w.org\/{rel}","templated":true}]}}