{"id":11011,"date":"2025-10-09T00:00:00","date_gmt":"2025-10-08T22:00:00","guid":{"rendered":"https:\/\/yotavis.ch\/product\/sas1000m\/"},"modified":"2026-04-24T13:47:05","modified_gmt":"2026-04-24T11:47:05","slug":"sas1000m","status":"publish","type":"product","link":"https:\/\/yotavis.ch\/fr\/produit\/sas1000m\/","title":{"rendered":"SAS1000M"},"content":{"rendered":"<p>Le SAS1000M est un logiciel de simulation de panneaux solaires con\u00e7u pour \u00eatre compatible avec les s\u00e9ries IT6500C, IT6000B, IT6000C et IT-M3600, prenant en charge jusqu'\u00e0 20 canaux. Ce logiciel permet aux utilisateurs de simuler efficacement les sorties de panneaux solaires sur plusieurs canaux, facilitant ainsi les processus de test et de d\u00e9veloppement. Il est d\u00e9velopp\u00e9 par ITECH, une marque connue pour ses solutions de test \u00e9lectronique sp\u00e9cialis\u00e9es. Le logiciel s'int\u00e8gre parfaitement aux mod\u00e8les de mat\u00e9riel sp\u00e9cifi\u00e9s, ce qui permet de contr\u00f4ler et de simuler avec pr\u00e9cision les caract\u00e9ristiques des panneaux solaires. En prenant en charge 20 canaux, le SAS1000M peut g\u00e9rer des sc\u00e9narios de simulation complexes impliquant plusieurs cellules ou modules solaires. Cette capacit\u00e9 est essentielle pour les applications n\u00e9cessitant une analyse d\u00e9taill\u00e9e et une \u00e9valuation des performances des syst\u00e8mes d'\u00e9nergie solaire. La conception du logiciel est ax\u00e9e sur l'am\u00e9lioration des fonctionnalit\u00e9s des appareils de la s\u00e9rie IT, ce qui \u00e9largit leurs cas d'utilisation dans les environnements d'essai des \u00e9nergies renouvelables.<\/p>","protected":false},"excerpt":{"rendered":"<p>Logiciel de simulation de champ solaire pour IT6500C\/IT6000B\/IT6000C\/IT-M3600 (20 canaux)<\/p>","protected":false},"featured_media":12007,"comment_status":"closed","ping_status":"closed","template":"","meta":{"_acf_changed":false,"slim_seo":{"title":"SAS1000M - YOTAVIS AG","description":"Logiciel de simulation de champ solaire pour IT6500C\/IT6000B\/IT6000C\/IT-M3600 (20 canaux)"}},"product_brand":[822],"product_cat":[515,825],"product_tag":[],"class_list":{"0":"post-11011","1":"product","2":"type-product","3":"status-publish","4":"has-post-thumbnail","6":"product_brand-itech","7":"product_cat-power-en","8":"product_cat-software-power-en","10":"first","11":"instock","12":"taxable","13":"shipping-taxable","14":"product-type-simple"},"acf":[],"_links":{"self":[{"href":"https:\/\/yotavis.ch\/fr\/wp-json\/wp\/v2\/product\/11011","targetHints":{"allow":["GET"]}}],"collection":[{"href":"https:\/\/yotavis.ch\/fr\/wp-json\/wp\/v2\/product"}],"about":[{"href":"https:\/\/yotavis.ch\/fr\/wp-json\/wp\/v2\/types\/product"}],"replies":[{"embeddable":true,"href":"https:\/\/yotavis.ch\/fr\/wp-json\/wp\/v2\/comments?post=11011"}],"wp:featuredmedia":[{"embeddable":true,"href":"https:\/\/yotavis.ch\/fr\/wp-json\/wp\/v2\/media\/12007"}],"wp:attachment":[{"href":"https:\/\/yotavis.ch\/fr\/wp-json\/wp\/v2\/media?parent=11011"}],"wp:term":[{"taxonomy":"product_brand","embeddable":true,"href":"https:\/\/yotavis.ch\/fr\/wp-json\/wp\/v2\/product_brand?post=11011"},{"taxonomy":"product_cat","embeddable":true,"href":"https:\/\/yotavis.ch\/fr\/wp-json\/wp\/v2\/product_cat?post=11011"},{"taxonomy":"product_tag","embeddable":true,"href":"https:\/\/yotavis.ch\/fr\/wp-json\/wp\/v2\/product_tag?post=11011"}],"curies":[{"name":"wp","href":"https:\/\/api.w.org\/{rel}","templated":true}]}}