{"id":11013,"date":"2025-10-09T00:00:00","date_gmt":"2025-10-08T22:00:00","guid":{"rendered":"https:\/\/yotavis.ch\/product\/bss2000\/"},"modified":"2026-04-24T13:47:05","modified_gmt":"2026-04-24T11:47:05","slug":"bss2000","status":"publish","type":"product","link":"https:\/\/yotavis.ch\/fr\/produit\/bss2000\/","title":{"rendered":"BSS2000"},"content":{"rendered":"<p>Le BSS2000 est un logiciel de simulation de batterie con\u00e7u pour fonctionner sur un seul canal. Il est fabriqu\u00e9 par ITECH et sert d'outil sp\u00e9cialis\u00e9 pour simuler le comportement des batteries dans diverses applications. Ce logiciel se concentre sur la fourniture de capacit\u00e9s de simulation de batterie pr\u00e9cises, permettant aux utilisateurs de mod\u00e9liser et d'analyser efficacement les performances de la batterie. La fonction de canal unique indique qu'il peut simuler un canal de batterie \u00e0 la fois, ce qui convient \u00e0 des sc\u00e9narios de test et de d\u00e9veloppement sp\u00e9cifiques. En tant que produit logiciel, il s'int\u00e8gre \u00e0 du mat\u00e9riel et \u00e0 des syst\u00e8mes compatibles pour faciliter l'essai et l'\u00e9valuation complets des batteries. Le BSS2000 fait partie de la gamme de solutions de test d'ITECH, qui met l'accent sur la pr\u00e9cision et la fiabilit\u00e9 dans les t\u00e2ches de simulation de batterie.<\/p>","protected":false},"excerpt":{"rendered":"<p>Logiciel de simulation de batterie (1 canal)<\/p>","protected":false},"featured_media":12012,"comment_status":"closed","ping_status":"closed","template":"","meta":{"_acf_changed":false,"slim_seo":{"title":"BSS2000 - YOTAVIS AG","description":"Logiciel de simulation de batterie (1 canal)"}},"product_brand":[822],"product_cat":[515,825],"product_tag":[],"class_list":{"0":"post-11013","1":"product","2":"type-product","3":"status-publish","4":"has-post-thumbnail","6":"product_brand-itech","7":"product_cat-power-en","8":"product_cat-software-power-en","10":"first","11":"instock","12":"taxable","13":"shipping-taxable","14":"product-type-simple"},"acf":[],"_links":{"self":[{"href":"https:\/\/yotavis.ch\/fr\/wp-json\/wp\/v2\/product\/11013","targetHints":{"allow":["GET"]}}],"collection":[{"href":"https:\/\/yotavis.ch\/fr\/wp-json\/wp\/v2\/product"}],"about":[{"href":"https:\/\/yotavis.ch\/fr\/wp-json\/wp\/v2\/types\/product"}],"replies":[{"embeddable":true,"href":"https:\/\/yotavis.ch\/fr\/wp-json\/wp\/v2\/comments?post=11013"}],"wp:featuredmedia":[{"embeddable":true,"href":"https:\/\/yotavis.ch\/fr\/wp-json\/wp\/v2\/media\/12012"}],"wp:attachment":[{"href":"https:\/\/yotavis.ch\/fr\/wp-json\/wp\/v2\/media?parent=11013"}],"wp:term":[{"taxonomy":"product_brand","embeddable":true,"href":"https:\/\/yotavis.ch\/fr\/wp-json\/wp\/v2\/product_brand?post=11013"},{"taxonomy":"product_cat","embeddable":true,"href":"https:\/\/yotavis.ch\/fr\/wp-json\/wp\/v2\/product_cat?post=11013"},{"taxonomy":"product_tag","embeddable":true,"href":"https:\/\/yotavis.ch\/fr\/wp-json\/wp\/v2\/product_tag?post=11013"}],"curies":[{"name":"wp","href":"https:\/\/api.w.org\/{rel}","templated":true}]}}