{"id":11014,"date":"2025-10-09T00:00:00","date_gmt":"2025-10-08T22:00:00","guid":{"rendered":"https:\/\/yotavis.ch\/product\/bss2000-pro\/"},"modified":"2026-04-24T13:47:06","modified_gmt":"2026-04-24T11:47:06","slug":"bss2000-pro","status":"publish","type":"product","link":"https:\/\/yotavis.ch\/fr\/produit\/bss2000-pro\/","title":{"rendered":"BSS2000 Pro"},"content":{"rendered":"<p>Le BSS2000 Pro est un logiciel de simulation de batterie con\u00e7u pour un usage professionnel, avec une configuration \u00e0 un seul canal. Il inclut une fonction d'auto-d\u00e9finition du BMS, permettant aux utilisateurs de personnaliser les param\u00e8tres du syst\u00e8me de gestion de la batterie en fonction de leurs besoins sp\u00e9cifiques. Ce logiciel est d\u00e9velopp\u00e9 par ITECH, une marque connue pour ses solutions de test et de mesure sp\u00e9cialis\u00e9es. La version Pro du BSS2000 est con\u00e7ue pour fournir des capacit\u00e9s de simulation de batterie pr\u00e9cises, supportant des sc\u00e9narios de test avanc\u00e9s. Les utilisateurs peuvent s'attendre \u00e0 des mises \u00e0 jour et \u00e0 des am\u00e9liorations continues, comme l'indique la note \u201cstay tuned\u201d, qui sugg\u00e8re des am\u00e9liorations futures ou des fonctionnalit\u00e9s suppl\u00e9mentaires. Le logiciel est destin\u00e9 \u00e0 faciliter l'\u00e9mulation pr\u00e9cise du comportement des batteries, ce qui est essentiel pour le d\u00e9veloppement et la validation des syst\u00e8mes de gestion des batteries. Sa conception \u00e0 canal unique le rend adapt\u00e9 aux environnements de test cibl\u00e9s o\u00f9 une simulation d\u00e9taill\u00e9e de la batterie est n\u00e9cessaire.<\/p>","protected":false},"excerpt":{"rendered":"<p>Logiciel de simulation de batterie Version Pro (1 canal) Fonction d'autod\u00e9finition du BMS Restez \u00e0 l'\u00e9coute !<\/p>","protected":false},"featured_media":12012,"comment_status":"closed","ping_status":"closed","template":"","meta":{"_acf_changed":false,"slim_seo":{"title":"BSS2000 Pro - YOTAVIS AG","description":"Logiciel de simulation de batterie Version Pro (1 canal) Fonction d'autod\u00e9finition du BMS Restez \u00e0 l'\u00e9coute !"}},"product_brand":[822],"product_cat":[515,825],"product_tag":[],"class_list":{"0":"post-11014","1":"product","2":"type-product","3":"status-publish","4":"has-post-thumbnail","6":"product_brand-itech","7":"product_cat-power-en","8":"product_cat-software-power-en","10":"first","11":"instock","12":"taxable","13":"shipping-taxable","14":"product-type-simple"},"acf":[],"_links":{"self":[{"href":"https:\/\/yotavis.ch\/fr\/wp-json\/wp\/v2\/product\/11014","targetHints":{"allow":["GET"]}}],"collection":[{"href":"https:\/\/yotavis.ch\/fr\/wp-json\/wp\/v2\/product"}],"about":[{"href":"https:\/\/yotavis.ch\/fr\/wp-json\/wp\/v2\/types\/product"}],"replies":[{"embeddable":true,"href":"https:\/\/yotavis.ch\/fr\/wp-json\/wp\/v2\/comments?post=11014"}],"wp:featuredmedia":[{"embeddable":true,"href":"https:\/\/yotavis.ch\/fr\/wp-json\/wp\/v2\/media\/12012"}],"wp:attachment":[{"href":"https:\/\/yotavis.ch\/fr\/wp-json\/wp\/v2\/media?parent=11014"}],"wp:term":[{"taxonomy":"product_brand","embeddable":true,"href":"https:\/\/yotavis.ch\/fr\/wp-json\/wp\/v2\/product_brand?post=11014"},{"taxonomy":"product_cat","embeddable":true,"href":"https:\/\/yotavis.ch\/fr\/wp-json\/wp\/v2\/product_cat?post=11014"},{"taxonomy":"product_tag","embeddable":true,"href":"https:\/\/yotavis.ch\/fr\/wp-json\/wp\/v2\/product_tag?post=11014"}],"curies":[{"name":"wp","href":"https:\/\/api.w.org\/{rel}","templated":true}]}}