{"id":11015,"date":"2025-10-09T00:00:00","date_gmt":"2025-10-08T22:00:00","guid":{"rendered":"https:\/\/yotavis.ch\/product\/bss2000m\/"},"modified":"2026-04-24T13:47:06","modified_gmt":"2026-04-24T11:47:06","slug":"bss2000m","status":"publish","type":"product","link":"https:\/\/yotavis.ch\/fr\/produit\/bss2000m\/","title":{"rendered":"BSS2000M"},"content":{"rendered":"<p>Le BSS2000M d'ITECH est un logiciel de simulation de batterie con\u00e7u pour supporter 20 canaux. Il dispose d'une fonction d'auto-d\u00e9finition du BMS, permettant aux utilisateurs de personnaliser les param\u00e8tres du syst\u00e8me de gestion de la batterie en fonction de leurs besoins sp\u00e9cifiques. Ce logiciel est destin\u00e9 \u00e0 faciliter les t\u00e2ches de simulation d\u00e9taill\u00e9e de la batterie, en fournissant une plate-forme pour les essais et le d\u00e9veloppement avanc\u00e9s. L'inclusion de canaux multiples permet la simulation simultan\u00e9e de plusieurs cellules ou modules de batterie, ce qui am\u00e9liore la pr\u00e9cision et l'efficacit\u00e9 des \u00e9valuations des syst\u00e8mes de batterie. La fonction d'autod\u00e9finition du BMS est un aspect essentiel, car elle offre une grande souplesse dans la d\u00e9finition des protocoles et des comportements de gestion de la batterie. Cette capacit\u00e9 est particuli\u00e8rement utile pour les d\u00e9veloppeurs et les ing\u00e9nieurs qui travaillent sur des syst\u00e8mes de batteries et qui doivent simuler des sc\u00e9narios complexes. La description du produit indique les mises \u00e0 jour ou les am\u00e9liorations en cours avec la phrase \u201cstay tuned\u201d, sugg\u00e9rant que des fonctionnalit\u00e9s ou des am\u00e9liorations suppl\u00e9mentaires pourraient \u00eatre introduites \u00e0 l'avenir.<\/p>","protected":false},"excerpt":{"rendered":"<p>Logiciel de simulation de batterie (20 canaux) Fonction d'autod\u00e9finition du syst\u00e8me de gestion de la batterie (BMS).<\/p>","protected":false},"featured_media":12012,"comment_status":"closed","ping_status":"closed","template":"","meta":{"_acf_changed":false,"slim_seo":{"title":"BSS2000M - YOTAVIS AG","description":"Logiciel de simulation de batterie (20 canaux) Fonction d'autod\u00e9finition du syst\u00e8me de gestion de la batterie (BMS)."}},"product_brand":[822],"product_cat":[515,825],"product_tag":[],"class_list":{"0":"post-11015","1":"product","2":"type-product","3":"status-publish","4":"has-post-thumbnail","6":"product_brand-itech","7":"product_cat-power-en","8":"product_cat-software-power-en","10":"first","11":"instock","12":"taxable","13":"shipping-taxable","14":"product-type-simple"},"acf":[],"_links":{"self":[{"href":"https:\/\/yotavis.ch\/fr\/wp-json\/wp\/v2\/product\/11015","targetHints":{"allow":["GET"]}}],"collection":[{"href":"https:\/\/yotavis.ch\/fr\/wp-json\/wp\/v2\/product"}],"about":[{"href":"https:\/\/yotavis.ch\/fr\/wp-json\/wp\/v2\/types\/product"}],"replies":[{"embeddable":true,"href":"https:\/\/yotavis.ch\/fr\/wp-json\/wp\/v2\/comments?post=11015"}],"wp:featuredmedia":[{"embeddable":true,"href":"https:\/\/yotavis.ch\/fr\/wp-json\/wp\/v2\/media\/12012"}],"wp:attachment":[{"href":"https:\/\/yotavis.ch\/fr\/wp-json\/wp\/v2\/media?parent=11015"}],"wp:term":[{"taxonomy":"product_brand","embeddable":true,"href":"https:\/\/yotavis.ch\/fr\/wp-json\/wp\/v2\/product_brand?post=11015"},{"taxonomy":"product_cat","embeddable":true,"href":"https:\/\/yotavis.ch\/fr\/wp-json\/wp\/v2\/product_cat?post=11015"},{"taxonomy":"product_tag","embeddable":true,"href":"https:\/\/yotavis.ch\/fr\/wp-json\/wp\/v2\/product_tag?post=11015"}],"curies":[{"name":"wp","href":"https:\/\/api.w.org\/{rel}","templated":true}]}}