{"id":11023,"date":"2025-10-09T00:00:00","date_gmt":"2025-10-08T22:00:00","guid":{"rendered":"https:\/\/yotavis.ch\/product\/it-e602h\/"},"modified":"2026-04-24T13:47:12","modified_gmt":"2026-04-24T11:47:12","slug":"it-e602h","status":"publish","type":"product","link":"https:\/\/yotavis.ch\/fr\/produit\/it-e602h\/","title":{"rendered":"IT-E602H"},"content":{"rendered":"<p>L'IT-E602H est un c\u00e2ble de type pince crocodile de 1000V con\u00e7u pour \u00eatre utilis\u00e9 avec les mod\u00e8les IT2801 et IT5100. Fabriqu\u00e9 par ITECH, ce cordon est sp\u00e9cialement con\u00e7u pour fournir des connexions fiables aux appareils compatibles. Sa conception \u00e0 pince crocodile assure une fixation s\u00fbre \u00e0 divers terminaux, facilitant ainsi les processus de test et de mesure. Le cordon supporte une tension nominale allant jusqu'\u00e0 1000 volts, ce qui le rend adapt\u00e9 aux applications haute tension dans la gamme d'\u00e9quipement sp\u00e9cifi\u00e9e. Cet accessoire est destin\u00e9 \u00e0 compl\u00e9ter les fonctionnalit\u00e9s de l'IT2801 et de l'IT5100, en am\u00e9liorant leurs capacit\u00e9s op\u00e9rationnelles. Sa conception met l'accent sur la compatibilit\u00e9 et la s\u00e9curit\u00e9, en respectant les exigences des appareils qu'il prend en charge. L'IT-E602H est un composant essentiel pour les utilisateurs qui ont besoin d'un c\u00e2ble fiable pour leurs instruments ITECH.<\/p>","protected":false},"excerpt":{"rendered":"<p>C\u00e2ble de type pince crocodile de 1000 V appliqu\u00e9 \u00e0 IT2801, IT5100<\/p>","protected":false},"featured_media":12018,"comment_status":"closed","ping_status":"closed","template":"","meta":{"_acf_changed":false,"slim_seo":{"title":"IT-E602H - YOTAVIS AG","description":"C\u00e2ble de type pince crocodile de 1000 V appliqu\u00e9 \u00e0 IT2801, IT5100"}},"product_brand":[822],"product_cat":[510,509],"product_tag":[],"class_list":{"0":"post-11023","1":"product","2":"type-product","3":"status-publish","4":"has-post-thumbnail","6":"product_brand-itech","7":"product_cat-others-en","8":"product_cat-probes-en","10":"first","11":"instock","12":"taxable","13":"shipping-taxable","14":"product-type-simple"},"acf":[],"_links":{"self":[{"href":"https:\/\/yotavis.ch\/fr\/wp-json\/wp\/v2\/product\/11023","targetHints":{"allow":["GET"]}}],"collection":[{"href":"https:\/\/yotavis.ch\/fr\/wp-json\/wp\/v2\/product"}],"about":[{"href":"https:\/\/yotavis.ch\/fr\/wp-json\/wp\/v2\/types\/product"}],"replies":[{"embeddable":true,"href":"https:\/\/yotavis.ch\/fr\/wp-json\/wp\/v2\/comments?post=11023"}],"wp:featuredmedia":[{"embeddable":true,"href":"https:\/\/yotavis.ch\/fr\/wp-json\/wp\/v2\/media\/12018"}],"wp:attachment":[{"href":"https:\/\/yotavis.ch\/fr\/wp-json\/wp\/v2\/media?parent=11023"}],"wp:term":[{"taxonomy":"product_brand","embeddable":true,"href":"https:\/\/yotavis.ch\/fr\/wp-json\/wp\/v2\/product_brand?post=11023"},{"taxonomy":"product_cat","embeddable":true,"href":"https:\/\/yotavis.ch\/fr\/wp-json\/wp\/v2\/product_cat?post=11023"},{"taxonomy":"product_tag","embeddable":true,"href":"https:\/\/yotavis.ch\/fr\/wp-json\/wp\/v2\/product_tag?post=11023"}],"curies":[{"name":"wp","href":"https:\/\/api.w.org\/{rel}","templated":true}]}}