{"id":11025,"date":"2025-10-09T00:00:00","date_gmt":"2025-10-08T22:00:00","guid":{"rendered":"https:\/\/yotavis.ch\/product\/it-e604h\/"},"modified":"2026-04-24T13:47:13","modified_gmt":"2026-04-24T11:47:13","slug":"it-e604h","status":"publish","type":"product","link":"https:\/\/yotavis.ch\/fr\/produit\/it-e604h\/","title":{"rendered":"IT-E604H"},"content":{"rendered":"<p>L'IT-E604H est un c\u00e2ble multifonction de 1000 V con\u00e7u pour \u00eatre utilis\u00e9 avec les mod\u00e8les IT2801 et IT5100. Il est dot\u00e9 de connecteurs \u00e0 broches et \u00e0 pinces crocodiles, ce qui permet une utilisation polyvalente dans divers sc\u00e9narios de test et de mesure. Fabriqu\u00e9 par ITECH, ce cordon est con\u00e7u pour supporter des niveaux de haute tension allant jusqu'\u00e0 1000 volts, assurant la compatibilit\u00e9 avec les \u00e9quipements n\u00e9cessitant de telles sp\u00e9cifications. Les deux types de connecteurs offrent une grande souplesse de connexion \u00e0 diff\u00e9rents terminaux ou composants, ce qui permet de l'utiliser pour toute une s\u00e9rie de t\u00e2ches de test \u00e9lectrique. Sa conception permet des connexions fiables et s\u00fbres, ce qui est essentiel pour des mesures pr\u00e9cises. L'IT-E604H est destin\u00e9 \u00e0 \u00eatre utilis\u00e9 comme accessoire avec des instruments ITECH sp\u00e9cifiques, am\u00e9liorant leur fonctionnalit\u00e9 en fournissant des fils appropri\u00e9s pour les applications \u00e0 haute tension.<\/p>","protected":false},"excerpt":{"rendered":"<p>1000V Cordon multifonction \u00e0 broches + pince crocodile appliqu\u00e9 \u00e0 IT2801, IT5100<\/p>","protected":false},"featured_media":12020,"comment_status":"closed","ping_status":"closed","template":"","meta":{"_acf_changed":false,"slim_seo":{"title":"IT-E604H - YOTAVIS AG","description":"1000V Cordon multifonction \u00e0 broches + pince crocodile appliqu\u00e9 \u00e0 IT2801, IT5100"}},"product_brand":[822],"product_cat":[510,509],"product_tag":[],"class_list":{"0":"post-11025","1":"product","2":"type-product","3":"status-publish","4":"has-post-thumbnail","6":"product_brand-itech","7":"product_cat-others-en","8":"product_cat-probes-en","10":"first","11":"instock","12":"taxable","13":"shipping-taxable","14":"product-type-simple"},"acf":[],"_links":{"self":[{"href":"https:\/\/yotavis.ch\/fr\/wp-json\/wp\/v2\/product\/11025","targetHints":{"allow":["GET"]}}],"collection":[{"href":"https:\/\/yotavis.ch\/fr\/wp-json\/wp\/v2\/product"}],"about":[{"href":"https:\/\/yotavis.ch\/fr\/wp-json\/wp\/v2\/types\/product"}],"replies":[{"embeddable":true,"href":"https:\/\/yotavis.ch\/fr\/wp-json\/wp\/v2\/comments?post=11025"}],"wp:featuredmedia":[{"embeddable":true,"href":"https:\/\/yotavis.ch\/fr\/wp-json\/wp\/v2\/media\/12020"}],"wp:attachment":[{"href":"https:\/\/yotavis.ch\/fr\/wp-json\/wp\/v2\/media?parent=11025"}],"wp:term":[{"taxonomy":"product_brand","embeddable":true,"href":"https:\/\/yotavis.ch\/fr\/wp-json\/wp\/v2\/product_brand?post=11025"},{"taxonomy":"product_cat","embeddable":true,"href":"https:\/\/yotavis.ch\/fr\/wp-json\/wp\/v2\/product_cat?post=11025"},{"taxonomy":"product_tag","embeddable":true,"href":"https:\/\/yotavis.ch\/fr\/wp-json\/wp\/v2\/product_tag?post=11025"}],"curies":[{"name":"wp","href":"https:\/\/api.w.org\/{rel}","templated":true}]}}