{"id":11032,"date":"2025-10-09T00:00:00","date_gmt":"2025-10-08T22:00:00","guid":{"rendered":"https:\/\/yotavis.ch\/product\/it-e30110-bb\/"},"modified":"2026-04-24T13:47:15","modified_gmt":"2026-04-24T11:47:15","slug":"it-e30110-bb","status":"publish","type":"product","link":"https:\/\/yotavis.ch\/fr\/produit\/it-e30110-bb\/","title":{"rendered":"IT-E30110-BB"},"content":{"rendered":"<p>L'IT-E30110-BB d'ITECH se compose de deux c\u00e2bles de 1 m\u00e8tre \u00e9quip\u00e9s de fiches bananes aux deux extr\u00e9mit\u00e9s. Chaque c\u00e2ble est con\u00e7u pour supporter un courant de 10 amp\u00e8res, ce qui garantit la compatibilit\u00e9 avec les appareils n\u00e9cessitant ce niveau de courant. Les deux extr\u00e9mit\u00e9s du c\u00e2ble sont \u00e9quip\u00e9es de fiches bananes, ce qui permet de r\u00e9aliser des connexions s\u00fbres et fiables dans diverses installations \u00e9lectroniques. Le produit est destin\u00e9 aux applications n\u00e9cessitant une connexion solide et efficace, la longueur de 1 m\u00e8tre offrant une grande souplesse d'installation et d'utilisation. Les c\u00e2bles sont con\u00e7us pour maintenir des performances \u00e9lectriques constantes, adapt\u00e9es \u00e0 une utilisation dans des environnements de test, de mesure ou d'autres environnements \u00e9lectroniques. L'inclusion de deux c\u00e2bles dans l'emballage permet des connexions simultan\u00e9es ou des remplacements selon les besoins. Ce produit fait partie de la gamme d'accessoires \u00e9lectroniques d'ITECH con\u00e7us pour r\u00e9pondre \u00e0 des exigences sp\u00e9cifiques en mati\u00e8re de connexion \u00e9lectrique.<\/p>","protected":false},"excerpt":{"rendered":"<p>10A\/1m*2pcs Banana plugs-Banana plugs<\/p>","protected":false},"featured_media":12056,"comment_status":"closed","ping_status":"closed","template":"","meta":{"_acf_changed":false,"slim_seo":{"title":"IT-E30110-BB - YOTAVIS AG","description":"10A\/1m*2pcs Banana plugs-Banana plugs"}},"product_brand":[822],"product_cat":[526,530],"product_tag":[],"class_list":{"0":"post-11032","1":"product","2":"type-product","3":"status-publish","4":"has-post-thumbnail","6":"product_brand-itech","7":"product_cat-accessories","8":"product_cat-cable","10":"first","11":"instock","12":"taxable","13":"shipping-taxable","14":"product-type-simple"},"acf":[],"_links":{"self":[{"href":"https:\/\/yotavis.ch\/fr\/wp-json\/wp\/v2\/product\/11032","targetHints":{"allow":["GET"]}}],"collection":[{"href":"https:\/\/yotavis.ch\/fr\/wp-json\/wp\/v2\/product"}],"about":[{"href":"https:\/\/yotavis.ch\/fr\/wp-json\/wp\/v2\/types\/product"}],"replies":[{"embeddable":true,"href":"https:\/\/yotavis.ch\/fr\/wp-json\/wp\/v2\/comments?post=11032"}],"wp:featuredmedia":[{"embeddable":true,"href":"https:\/\/yotavis.ch\/fr\/wp-json\/wp\/v2\/media\/12056"}],"wp:attachment":[{"href":"https:\/\/yotavis.ch\/fr\/wp-json\/wp\/v2\/media?parent=11032"}],"wp:term":[{"taxonomy":"product_brand","embeddable":true,"href":"https:\/\/yotavis.ch\/fr\/wp-json\/wp\/v2\/product_brand?post=11032"},{"taxonomy":"product_cat","embeddable":true,"href":"https:\/\/yotavis.ch\/fr\/wp-json\/wp\/v2\/product_cat?post=11032"},{"taxonomy":"product_tag","embeddable":true,"href":"https:\/\/yotavis.ch\/fr\/wp-json\/wp\/v2\/product_tag?post=11032"}],"curies":[{"name":"wp","href":"https:\/\/api.w.org\/{rel}","templated":true}]}}