{"id":11035,"date":"2025-10-09T00:00:00","date_gmt":"2025-10-08T22:00:00","guid":{"rendered":"https:\/\/yotavis.ch\/product\/it-e30320-yy\/"},"modified":"2026-04-24T13:47:18","modified_gmt":"2026-04-24T11:47:18","slug":"it-e30320-yy","status":"publish","type":"product","link":"https:\/\/yotavis.ch\/fr\/produit\/it-e30320-yy\/","title":{"rendered":"IT-E30320-YY"},"content":{"rendered":"<p>Le IT-E30320-YY d'ITECH se caract\u00e9rise par une capacit\u00e9 de courant de 30A et comprend deux bornes de type Y de 2 m\u00e8tres. Ce produit est con\u00e7u avec des bornes de type Y aux deux extr\u00e9mit\u00e9s, facilitant les connexions qui n\u00e9cessitent ce type de borne sp\u00e9cifique. L'emballage contient deux pi\u00e8ces, chacune d'une longueur de 2 m\u00e8tres, ce qui permet d'\u00e9tendre la port\u00e9e des installations \u00e9lectriques. Les bornes conviennent aux applications n\u00e9cessitant un courant nominal de 30 amp\u00e8res, ce qui garantit la compatibilit\u00e9 avec les appareils ou les syst\u00e8mes fonctionnant dans cette plage de courant. La conception met l'accent sur la fiabilit\u00e9 des connexions \u00e9lectriques gr\u00e2ce \u00e0 la configuration des bornes de type Y. Le produit est identifi\u00e9 par le num\u00e9ro de mod\u00e8le IT-E30320-YY et est fabriqu\u00e9 par la marque ITECH.<\/p>","protected":false},"excerpt":{"rendered":"<p>30A\/2m*2pcs Bornes de type Y Bornes de type Y<\/p>","protected":false},"featured_media":12058,"comment_status":"closed","ping_status":"closed","template":"","meta":{"_acf_changed":false,"slim_seo":{"title":"IT-E30320-YY - YOTAVIS AG","description":"30A\/2m*2pcs Bornes de type Y Bornes de type Y"}},"product_brand":[822],"product_cat":[526,530],"product_tag":[],"class_list":{"0":"post-11035","1":"product","2":"type-product","3":"status-publish","4":"has-post-thumbnail","6":"product_brand-itech","7":"product_cat-accessories","8":"product_cat-cable","10":"first","11":"instock","12":"taxable","13":"shipping-taxable","14":"product-type-simple"},"acf":[],"_links":{"self":[{"href":"https:\/\/yotavis.ch\/fr\/wp-json\/wp\/v2\/product\/11035","targetHints":{"allow":["GET"]}}],"collection":[{"href":"https:\/\/yotavis.ch\/fr\/wp-json\/wp\/v2\/product"}],"about":[{"href":"https:\/\/yotavis.ch\/fr\/wp-json\/wp\/v2\/types\/product"}],"replies":[{"embeddable":true,"href":"https:\/\/yotavis.ch\/fr\/wp-json\/wp\/v2\/comments?post=11035"}],"wp:featuredmedia":[{"embeddable":true,"href":"https:\/\/yotavis.ch\/fr\/wp-json\/wp\/v2\/media\/12058"}],"wp:attachment":[{"href":"https:\/\/yotavis.ch\/fr\/wp-json\/wp\/v2\/media?parent=11035"}],"wp:term":[{"taxonomy":"product_brand","embeddable":true,"href":"https:\/\/yotavis.ch\/fr\/wp-json\/wp\/v2\/product_brand?post=11035"},{"taxonomy":"product_cat","embeddable":true,"href":"https:\/\/yotavis.ch\/fr\/wp-json\/wp\/v2\/product_cat?post=11035"},{"taxonomy":"product_tag","embeddable":true,"href":"https:\/\/yotavis.ch\/fr\/wp-json\/wp\/v2\/product_tag?post=11035"}],"curies":[{"name":"wp","href":"https:\/\/api.w.org\/{rel}","templated":true}]}}