{"id":11036,"date":"2025-10-09T00:00:00","date_gmt":"2025-10-08T22:00:00","guid":{"rendered":"https:\/\/yotavis.ch\/product\/it-e30615-oo\/"},"modified":"2026-04-24T13:47:18","modified_gmt":"2026-04-24T11:47:18","slug":"it-e30615-oo","status":"publish","type":"product","link":"https:\/\/yotavis.ch\/fr\/produit\/it-e30615-oo\/","title":{"rendered":"IT-E30615-OO"},"content":{"rendered":"<p>L'IT-E30615-OO d'ITECH comprend deux cosses annulaires, chacune mesurant 1,5 m\u00e8tre de long, con\u00e7ues pour supporter un courant maximum de 60A. Ces bornes annulaires conviennent aux applications n\u00e9cessitant des connexions \u00e9lectriques s\u00fbres et fiables. Le produit prend en charge une isolation de tension maximale de 600 V, garantissant la s\u00e9curit\u00e9 et la durabilit\u00e9 dans divers environnements \u00e9lectriques. La conception met l'accent sur une connectivit\u00e9 robuste avec sa configuration de bornes annulaires, qui est g\u00e9n\u00e9ralement utilis\u00e9e pour les t\u00e2ches de mise \u00e0 la terre et de distribution d'\u00e9nergie. La longueur des c\u00e2bles permet des options d'installation flexibles, s'adaptant \u00e0 diff\u00e9rentes configurations et distances. Ce produit est con\u00e7u pour r\u00e9pondre \u00e0 des normes \u00e9lectriques sp\u00e9cifiques, ce qui en fait un choix pratique pour les utilisateurs qui ont besoin de bornes annulaires fiables avec des sp\u00e9cifications claires en mati\u00e8re de tension et de courant.<\/p>","protected":false},"excerpt":{"rendered":"<p>60A\/1.5m*2pcs Ring terminals-Ring terminals\uff0cmax. voltage isolation is 600V<\/p>","protected":false},"featured_media":12059,"comment_status":"closed","ping_status":"closed","template":"","meta":{"_acf_changed":false,"slim_seo":{"title":"IT-E30615-OO - YOTAVIS AG","description":"60A\/1.5m*2pcs Ring terminals-Ring terminals\uff0cmax. voltage isolation is 600V"}},"product_brand":[822],"product_cat":[526,530],"product_tag":[],"class_list":{"0":"post-11036","1":"product","2":"type-product","3":"status-publish","4":"has-post-thumbnail","6":"product_brand-itech","7":"product_cat-accessories","8":"product_cat-cable","10":"first","11":"instock","12":"taxable","13":"shipping-taxable","14":"product-type-simple"},"acf":[],"_links":{"self":[{"href":"https:\/\/yotavis.ch\/fr\/wp-json\/wp\/v2\/product\/11036","targetHints":{"allow":["GET"]}}],"collection":[{"href":"https:\/\/yotavis.ch\/fr\/wp-json\/wp\/v2\/product"}],"about":[{"href":"https:\/\/yotavis.ch\/fr\/wp-json\/wp\/v2\/types\/product"}],"replies":[{"embeddable":true,"href":"https:\/\/yotavis.ch\/fr\/wp-json\/wp\/v2\/comments?post=11036"}],"wp:featuredmedia":[{"embeddable":true,"href":"https:\/\/yotavis.ch\/fr\/wp-json\/wp\/v2\/media\/12059"}],"wp:attachment":[{"href":"https:\/\/yotavis.ch\/fr\/wp-json\/wp\/v2\/media?parent=11036"}],"wp:term":[{"taxonomy":"product_brand","embeddable":true,"href":"https:\/\/yotavis.ch\/fr\/wp-json\/wp\/v2\/product_brand?post=11036"},{"taxonomy":"product_cat","embeddable":true,"href":"https:\/\/yotavis.ch\/fr\/wp-json\/wp\/v2\/product_cat?post=11036"},{"taxonomy":"product_tag","embeddable":true,"href":"https:\/\/yotavis.ch\/fr\/wp-json\/wp\/v2\/product_tag?post=11036"}],"curies":[{"name":"wp","href":"https:\/\/api.w.org\/{rel}","templated":true}]}}