{"id":11039,"date":"2025-10-09T00:00:00","date_gmt":"2025-10-08T22:00:00","guid":{"rendered":"https:\/\/yotavis.ch\/product\/it-e32410-oo\/"},"modified":"2026-04-24T13:47:19","modified_gmt":"2026-04-24T11:47:19","slug":"it-e32410-oo","status":"publish","type":"product","link":"https:\/\/yotavis.ch\/fr\/produit\/it-e32410-oo\/","title":{"rendered":"IT-E32410-OO"},"content":{"rendered":"<p>Les bornes annulaires IT-E32410-OO d'ITECH sont con\u00e7ues pour supporter un courant maximum de 240A par m\u00e8tre et par pi\u00e8ce. Ces bornes annulaires permettent des connexions \u00e9lectriques avec une isolation de tension maximale de 600V, garantissant un fonctionnement s\u00fbr dans cette limite de tension. Chaque borne est con\u00e7ue pour faciliter des connexions s\u00fbres et fiables dans les syst\u00e8mes \u00e9lectriques. Le produit est identifi\u00e9 par le num\u00e9ro de mod\u00e8le IT-E32410-OO et fait partie de la gamme de composants \u00e9lectriques d'ITECH. Les bornes conviennent aux applications n\u00e9cessitant une capacit\u00e9 de courant \u00e9lev\u00e9e et une isolation de la tension. Leur conception permet une conductivit\u00e9 \u00e9lectrique efficace et une durabilit\u00e9 dans diverses configurations. Ces bornes annulaires sont des composants essentiels pour \u00e9tablir des connexions \u00e9lectriques stables dans les environnements industriels et commerciaux.<\/p>","protected":false},"excerpt":{"rendered":"<p>240A\/1m*pcs Bornes \u00e0 anneau - Bornes \u00e0 anneau, isolation de la tension maximale de 600V<\/p>","protected":false},"featured_media":12059,"comment_status":"closed","ping_status":"closed","template":"","meta":{"_acf_changed":false,"slim_seo":{"title":"IT-E32410-OO - YOTAVIS AG","description":"240A\/1m*pcs Bornes \u00e0 anneau - Bornes \u00e0 anneau, isolation de la tension maximale de 600V"}},"product_brand":[822],"product_cat":[526,530],"product_tag":[],"class_list":{"0":"post-11039","1":"product","2":"type-product","3":"status-publish","4":"has-post-thumbnail","6":"product_brand-itech","7":"product_cat-accessories","8":"product_cat-cable","10":"first","11":"instock","12":"taxable","13":"shipping-taxable","14":"product-type-simple"},"acf":[],"_links":{"self":[{"href":"https:\/\/yotavis.ch\/fr\/wp-json\/wp\/v2\/product\/11039","targetHints":{"allow":["GET"]}}],"collection":[{"href":"https:\/\/yotavis.ch\/fr\/wp-json\/wp\/v2\/product"}],"about":[{"href":"https:\/\/yotavis.ch\/fr\/wp-json\/wp\/v2\/types\/product"}],"replies":[{"embeddable":true,"href":"https:\/\/yotavis.ch\/fr\/wp-json\/wp\/v2\/comments?post=11039"}],"wp:featuredmedia":[{"embeddable":true,"href":"https:\/\/yotavis.ch\/fr\/wp-json\/wp\/v2\/media\/12059"}],"wp:attachment":[{"href":"https:\/\/yotavis.ch\/fr\/wp-json\/wp\/v2\/media?parent=11039"}],"wp:term":[{"taxonomy":"product_brand","embeddable":true,"href":"https:\/\/yotavis.ch\/fr\/wp-json\/wp\/v2\/product_brand?post=11039"},{"taxonomy":"product_cat","embeddable":true,"href":"https:\/\/yotavis.ch\/fr\/wp-json\/wp\/v2\/product_cat?post=11039"},{"taxonomy":"product_tag","embeddable":true,"href":"https:\/\/yotavis.ch\/fr\/wp-json\/wp\/v2\/product_tag?post=11039"}],"curies":[{"name":"wp","href":"https:\/\/api.w.org\/{rel}","templated":true}]}}