{"id":11042,"date":"2025-10-09T00:00:00","date_gmt":"2025-10-08T22:00:00","guid":{"rendered":"https:\/\/yotavis.ch\/product\/it-e33620-oo\/"},"modified":"2026-04-24T13:47:20","modified_gmt":"2026-04-24T11:47:20","slug":"it-e33620-oo","status":"publish","type":"product","link":"https:\/\/yotavis.ch\/fr\/produit\/it-e33620-oo\/","title":{"rendered":"IT-E33620-OO"},"content":{"rendered":"<p>L'IT-E33620-OO d'ITECH comprend deux cosses annulaires d'une longueur de 2 m\u00e8tres chacune, con\u00e7ues pour supporter un courant maximum de 360A. Ces bornes annulaires conviennent aux applications n\u00e9cessitant des connexions \u00e9lectriques s\u00fbres et fiables. La tension maximale d'isolation de ce produit est de 600 V, ce qui garantit un fonctionnement s\u00fbr dans cette plage de tension. La conception met l'accent sur la durabilit\u00e9 et l'efficacit\u00e9 de la conduction du courant, ce qui permet de l'utiliser dans diverses installations \u00e9lectriques. Les sp\u00e9cifications du produit soulignent sa capacit\u00e9 \u00e0 g\u00e9rer des charges de courant \u00e9lev\u00e9es tout en respectant les normes d'isolation \u00e9lectrique. Il s'agit donc d'un choix pratique pour les installations o\u00f9 la capacit\u00e9 de courant et l'isolation de la tension sont des facteurs critiques. L'inclusion de deux bornes \u00e0 anneau permet une utilisation polyvalente dans diff\u00e9rentes configurations de c\u00e2blage.<\/p>","protected":false},"excerpt":{"rendered":"<p>360A\/2m*2pcs Bornes \u00e0 anneau - Bornes \u00e0 anneau, isolation de la tension maximale de 600V<\/p>","protected":false},"featured_media":12059,"comment_status":"closed","ping_status":"closed","template":"","meta":{"_acf_changed":false,"slim_seo":{"title":"IT-E33620-OO - YOTAVIS AG","description":"360A\/2m*2pcs Bornes \u00e0 anneau - Bornes \u00e0 anneau, isolation de la tension maximale de 600V"}},"product_brand":[822],"product_cat":[526,530],"product_tag":[],"class_list":{"0":"post-11042","1":"product","2":"type-product","3":"status-publish","4":"has-post-thumbnail","6":"product_brand-itech","7":"product_cat-accessories","8":"product_cat-cable","10":"first","11":"instock","12":"taxable","13":"shipping-taxable","14":"product-type-simple"},"acf":[],"_links":{"self":[{"href":"https:\/\/yotavis.ch\/fr\/wp-json\/wp\/v2\/product\/11042","targetHints":{"allow":["GET"]}}],"collection":[{"href":"https:\/\/yotavis.ch\/fr\/wp-json\/wp\/v2\/product"}],"about":[{"href":"https:\/\/yotavis.ch\/fr\/wp-json\/wp\/v2\/types\/product"}],"replies":[{"embeddable":true,"href":"https:\/\/yotavis.ch\/fr\/wp-json\/wp\/v2\/comments?post=11042"}],"wp:featuredmedia":[{"embeddable":true,"href":"https:\/\/yotavis.ch\/fr\/wp-json\/wp\/v2\/media\/12059"}],"wp:attachment":[{"href":"https:\/\/yotavis.ch\/fr\/wp-json\/wp\/v2\/media?parent=11042"}],"wp:term":[{"taxonomy":"product_brand","embeddable":true,"href":"https:\/\/yotavis.ch\/fr\/wp-json\/wp\/v2\/product_brand?post=11042"},{"taxonomy":"product_cat","embeddable":true,"href":"https:\/\/yotavis.ch\/fr\/wp-json\/wp\/v2\/product_cat?post=11042"},{"taxonomy":"product_tag","embeddable":true,"href":"https:\/\/yotavis.ch\/fr\/wp-json\/wp\/v2\/product_tag?post=11042"}],"curies":[{"name":"wp","href":"https:\/\/api.w.org\/{rel}","templated":true}]}}