{"id":11046,"date":"2025-10-09T00:00:00","date_gmt":"2025-10-08T22:00:00","guid":{"rendered":"https:\/\/yotavis.ch\/product\/it-e3302420-oo\/"},"modified":"2026-04-24T13:47:22","modified_gmt":"2026-04-24T11:47:22","slug":"it-e3302420-oo","status":"publish","type":"product","link":"https:\/\/yotavis.ch\/fr\/produit\/it-e3302420-oo\/","title":{"rendered":"IT-E3302420-OO"},"content":{"rendered":"<p>L'IT-E3302420-OO d'ITECH comporte deux bornes annulaires, chacune mesurant 2 m\u00e8tres de long, con\u00e7ues pour supporter un courant de 240A. Ces bornes annulaires fournissent une isolation de tension maximale de 3000V, assurant un fonctionnement s\u00fbr dans les limites \u00e9lectriques sp\u00e9cifi\u00e9es. Le produit est identifi\u00e9 par le num\u00e9ro de mod\u00e8le IT-E3302420-OO et est fabriqu\u00e9 par la marque ITECH. La conception se concentre sur la fourniture d'une connectivit\u00e9 \u00e9lectrique fiable avec une capacit\u00e9 de courant robuste et une isolation de haute tension. L'inclusion de deux bornes \u00e0 anneau permet des options d'installation polyvalentes dans diverses configurations \u00e9lectriques. Ce produit convient aux applications n\u00e9cessitant un transfert de courant s\u00fbr et efficace avec des capacit\u00e9s d'isolation de tension significatives.<\/p>","protected":false},"excerpt":{"rendered":"<p>240A\/2m*2pcs Bornes \u00e0 anneau - Bornes \u00e0 anneau, isolation de la tension maximale de 3000V<\/p>","protected":false},"featured_media":12059,"comment_status":"closed","ping_status":"closed","template":"","meta":{"_acf_changed":false,"slim_seo":{"title":"IT-E3302420-OO - YOTAVIS AG","description":"240A\/2m*2pcs Bornes \u00e0 anneau - Bornes \u00e0 anneau, isolation de la tension maximale de 3000V"}},"product_brand":[822],"product_cat":[526,530],"product_tag":[],"class_list":{"0":"post-11046","1":"product","2":"type-product","3":"status-publish","4":"has-post-thumbnail","6":"product_brand-itech","7":"product_cat-accessories","8":"product_cat-cable","10":"first","11":"instock","12":"taxable","13":"shipping-taxable","14":"purchasable","15":"product-type-simple"},"acf":[],"_links":{"self":[{"href":"https:\/\/yotavis.ch\/fr\/wp-json\/wp\/v2\/product\/11046","targetHints":{"allow":["GET"]}}],"collection":[{"href":"https:\/\/yotavis.ch\/fr\/wp-json\/wp\/v2\/product"}],"about":[{"href":"https:\/\/yotavis.ch\/fr\/wp-json\/wp\/v2\/types\/product"}],"replies":[{"embeddable":true,"href":"https:\/\/yotavis.ch\/fr\/wp-json\/wp\/v2\/comments?post=11046"}],"wp:featuredmedia":[{"embeddable":true,"href":"https:\/\/yotavis.ch\/fr\/wp-json\/wp\/v2\/media\/12059"}],"wp:attachment":[{"href":"https:\/\/yotavis.ch\/fr\/wp-json\/wp\/v2\/media?parent=11046"}],"wp:term":[{"taxonomy":"product_brand","embeddable":true,"href":"https:\/\/yotavis.ch\/fr\/wp-json\/wp\/v2\/product_brand?post=11046"},{"taxonomy":"product_cat","embeddable":true,"href":"https:\/\/yotavis.ch\/fr\/wp-json\/wp\/v2\/product_cat?post=11046"},{"taxonomy":"product_tag","embeddable":true,"href":"https:\/\/yotavis.ch\/fr\/wp-json\/wp\/v2\/product_tag?post=11046"}],"curies":[{"name":"wp","href":"https:\/\/api.w.org\/{rel}","templated":true}]}}