{"id":11051,"date":"2025-10-09T00:00:00","date_gmt":"2025-10-08T22:00:00","guid":{"rendered":"https:\/\/yotavis.ch\/product\/it8511g\/"},"modified":"2026-04-24T13:48:25","modified_gmt":"2026-04-24T11:48:25","slug":"it8511g","status":"publish","type":"product","link":"https:\/\/yotavis.ch\/fr\/produit\/it8511g\/","title":{"rendered":"IT8511G+"},"content":{"rendered":"<p>L'ITECH IT8511G+ est une charge \u00e9lectronique DC capable de g\u00e9rer jusqu'\u00e0 150 volts et 30 amp\u00e8res, avec une puissance maximale de 150 watts. Il dispose d'un seul canal de sortie con\u00e7u pour des applications de test de charge pr\u00e9cises. L'appareil est dot\u00e9 d'une fonction de t\u00e9l\u00e9commande, ce qui permet aux utilisateurs de l'utiliser \u00e0 distance pour des raisons de commodit\u00e9 et de s\u00e9curit\u00e9. La connectivit\u00e9 est assur\u00e9e par une interface USB standard qui prend en charge les protocoles TMC et VCP, ce qui facilite l'int\u00e9gration dans divers syst\u00e8mes de contr\u00f4le. Cette charge \u00e9lectronique est con\u00e7ue pour offrir des performances stables et fiables dans les limites de tension et de courant sp\u00e9cifi\u00e9es. Sa conception s'adapte \u00e0 toute une s\u00e9rie de sc\u00e9narios d'essai n\u00e9cessitant une simulation pr\u00e9cise de la charge en courant continu. La combinaison de sa capacit\u00e9 de puissance et de sa capacit\u00e9 de contr\u00f4le \u00e0 distance la rend adapt\u00e9e aux environnements de laboratoire et industriels o\u00f9 une analyse d\u00e9taill\u00e9e de la charge est n\u00e9cessaire.<\/p>","protected":false},"excerpt":{"rendered":"<p>DC E-load 150V\/30A\/150W, standard USB (TMC &#038; VCP)<\/p>","protected":false},"featured_media":12074,"comment_status":"closed","ping_status":"closed","template":"","meta":{"_acf_changed":false,"slim_seo":{"title":"IT8511G+ - YOTAVIS AG","description":"DC E-load 150V\/30A\/150W, standard USB (TMC & VCP)"}},"product_brand":[822],"product_cat":[517,515],"product_tag":[],"class_list":{"0":"post-11051","1":"product","2":"type-product","3":"status-publish","4":"has-post-thumbnail","6":"product_brand-itech","7":"product_cat-dc-load-en","8":"product_cat-power-en","9":"pa_current-a-404","10":"pa_output-number-146","11":"pa_power-w-391","12":"pa_remote-control-yes","13":"pa_voltage-v-150","15":"first","16":"instock","17":"taxable","18":"shipping-taxable","19":"product-type-simple"},"acf":[],"_links":{"self":[{"href":"https:\/\/yotavis.ch\/fr\/wp-json\/wp\/v2\/product\/11051","targetHints":{"allow":["GET"]}}],"collection":[{"href":"https:\/\/yotavis.ch\/fr\/wp-json\/wp\/v2\/product"}],"about":[{"href":"https:\/\/yotavis.ch\/fr\/wp-json\/wp\/v2\/types\/product"}],"replies":[{"embeddable":true,"href":"https:\/\/yotavis.ch\/fr\/wp-json\/wp\/v2\/comments?post=11051"}],"wp:featuredmedia":[{"embeddable":true,"href":"https:\/\/yotavis.ch\/fr\/wp-json\/wp\/v2\/media\/12074"}],"wp:attachment":[{"href":"https:\/\/yotavis.ch\/fr\/wp-json\/wp\/v2\/media?parent=11051"}],"wp:term":[{"taxonomy":"product_brand","embeddable":true,"href":"https:\/\/yotavis.ch\/fr\/wp-json\/wp\/v2\/product_brand?post=11051"},{"taxonomy":"product_cat","embeddable":true,"href":"https:\/\/yotavis.ch\/fr\/wp-json\/wp\/v2\/product_cat?post=11051"},{"taxonomy":"product_tag","embeddable":true,"href":"https:\/\/yotavis.ch\/fr\/wp-json\/wp\/v2\/product_tag?post=11051"}],"curies":[{"name":"wp","href":"https:\/\/api.w.org\/{rel}","templated":true}]}}