{"id":11056,"date":"2025-10-09T00:00:00","date_gmt":"2025-10-08T22:00:00","guid":{"rendered":"https:\/\/yotavis.ch\/product\/it8512h\/"},"modified":"2026-04-24T13:48:32","modified_gmt":"2026-04-24T11:48:32","slug":"it8512h","status":"publish","type":"product","link":"https:\/\/yotavis.ch\/fr\/produit\/it8512h\/","title":{"rendered":"IT8512H+"},"content":{"rendered":"<p>L'IT8512H+ d'ITECH est une charge \u00e9lectronique DC con\u00e7ue pour g\u00e9rer une tension maximale de 800 volts et un courant allant jusqu'\u00e0 5 amp\u00e8res, d\u00e9livrant une puissance de 300 watts. Il dispose d'un seul canal de sortie, ce qui permet de r\u00e9aliser des tests de charge cibl\u00e9s et pr\u00e9cis. L'appareil est dot\u00e9 d'une fonction de commande \u00e0 distance, ce qui permet aux utilisateurs de l'utiliser \u00e0 distance pour des raisons de commodit\u00e9 et de s\u00e9curit\u00e9. Les options de communication comprennent un connecteur DB9 avec signalisation TTL, et des interfaces optionnelles sont disponibles telles que USB, RS232 et RS485, offrant une flexibilit\u00e9 dans la connectivit\u00e9 et l'int\u00e9gration avec divers syst\u00e8mes. Cette charge \u00e9lectronique convient aux applications n\u00e9cessitant des tests de charge DC stables et fiables dans les plages de tension et de courant sp\u00e9cifi\u00e9es. Sa conception r\u00e9pond \u00e0 diff\u00e9rents besoins en mati\u00e8re de contr\u00f4le et de communication, ce qui la rend adaptable \u00e0 divers environnements et configurations d'essai.<\/p>","protected":false},"excerpt":{"rendered":"<p>DC E-load 800V\/5A\/300W, DB9 (TTL), interface USB\/RS232\/RS485 en option<\/p>","protected":false},"featured_media":12075,"comment_status":"closed","ping_status":"closed","template":"","meta":{"_acf_changed":false,"slim_seo":{"title":"IT8512H+ - YOTAVIS AG","description":"DC E-load 800V\/5A\/300W, DB9 (TTL), interface USB\/RS232\/RS485 en option"}},"product_brand":[822],"product_cat":[517,515],"product_tag":[],"class_list":{"0":"post-11056","1":"product","2":"type-product","3":"status-publish","4":"has-post-thumbnail","6":"product_brand-itech","7":"product_cat-dc-load-en","8":"product_cat-power-en","9":"pa_current-a-392","10":"pa_output-number-146","11":"pa_power-w-416","12":"pa_remote-control-yes","13":"pa_voltage-v-319","15":"first","16":"instock","17":"taxable","18":"shipping-taxable","19":"product-type-simple"},"acf":[],"_links":{"self":[{"href":"https:\/\/yotavis.ch\/fr\/wp-json\/wp\/v2\/product\/11056","targetHints":{"allow":["GET"]}}],"collection":[{"href":"https:\/\/yotavis.ch\/fr\/wp-json\/wp\/v2\/product"}],"about":[{"href":"https:\/\/yotavis.ch\/fr\/wp-json\/wp\/v2\/types\/product"}],"replies":[{"embeddable":true,"href":"https:\/\/yotavis.ch\/fr\/wp-json\/wp\/v2\/comments?post=11056"}],"wp:featuredmedia":[{"embeddable":true,"href":"https:\/\/yotavis.ch\/fr\/wp-json\/wp\/v2\/media\/12075"}],"wp:attachment":[{"href":"https:\/\/yotavis.ch\/fr\/wp-json\/wp\/v2\/media?parent=11056"}],"wp:term":[{"taxonomy":"product_brand","embeddable":true,"href":"https:\/\/yotavis.ch\/fr\/wp-json\/wp\/v2\/product_brand?post=11056"},{"taxonomy":"product_cat","embeddable":true,"href":"https:\/\/yotavis.ch\/fr\/wp-json\/wp\/v2\/product_cat?post=11056"},{"taxonomy":"product_tag","embeddable":true,"href":"https:\/\/yotavis.ch\/fr\/wp-json\/wp\/v2\/product_tag?post=11056"}],"curies":[{"name":"wp","href":"https:\/\/api.w.org\/{rel}","templated":true}]}}