{"id":11057,"date":"2025-10-09T00:00:00","date_gmt":"2025-10-08T22:00:00","guid":{"rendered":"https:\/\/yotavis.ch\/product\/it8512c\/"},"modified":"2026-04-24T13:48:32","modified_gmt":"2026-04-24T11:48:32","slug":"it8512c","status":"publish","type":"product","link":"https:\/\/yotavis.ch\/fr\/produit\/it8512c\/","title":{"rendered":"IT8512C+"},"content":{"rendered":"<p>L'IT8512C+ est une charge \u00e9lectronique \u00e0 courant continu con\u00e7ue pour fonctionner \u00e0 une tension de 120V et un courant de 60A, d\u00e9livrant une puissance maximale de 300W. Elle dispose d'un seul canal de sortie et prend en charge la fonctionnalit\u00e9 de commande \u00e0 distance, ce qui permet un fonctionnement pratique dans divers environnements de test. L'appareil comprend une interface DB9 avec signalisation TTL et offre une connectivit\u00e9 optionnelle via des interfaces USB, RS232 ou RS485, ce qui offre une grande souplesse dans les options de communication. Cette charge \u00e9lectronique convient aux applications n\u00e9cessitant un contr\u00f4le et une mesure pr\u00e9cis des param\u00e8tres d'alimentation en courant continu. Sa conception garantit des performances stables et fiables dans des conditions \u00e9lectriques sp\u00e9cifiques. L'inclusion d'options d'interface multiples am\u00e9liore son adaptabilit\u00e9 \u00e0 diff\u00e9rentes configurations de syst\u00e8mes et aux exigences des utilisateurs.<\/p>","protected":false},"excerpt":{"rendered":"<p>DC E-load 120V\/60A\/300W, DB9 (TTL), interface USB\/RS232\/RS485 en option<\/p>","protected":false},"featured_media":12075,"comment_status":"closed","ping_status":"closed","template":"","meta":{"_acf_changed":false,"slim_seo":{"title":"IT8512C+ - YOTAVIS AG","description":"DC E-load 120V\/60A\/300W, DB9 (TTL), interface USB\/RS232\/RS485 en option"}},"product_brand":[822],"product_cat":[517,515],"product_tag":[],"class_list":{"0":"post-11057","1":"product","2":"type-product","3":"status-publish","4":"has-post-thumbnail","6":"product_brand-itech","7":"product_cat-dc-load-en","8":"product_cat-power-en","9":"pa_current-a-406","10":"pa_output-number-146","11":"pa_power-w-416","12":"pa_remote-control-yes","13":"pa_voltage-v-979","15":"first","16":"instock","17":"taxable","18":"shipping-taxable","19":"product-type-simple"},"acf":[],"_links":{"self":[{"href":"https:\/\/yotavis.ch\/fr\/wp-json\/wp\/v2\/product\/11057","targetHints":{"allow":["GET"]}}],"collection":[{"href":"https:\/\/yotavis.ch\/fr\/wp-json\/wp\/v2\/product"}],"about":[{"href":"https:\/\/yotavis.ch\/fr\/wp-json\/wp\/v2\/types\/product"}],"replies":[{"embeddable":true,"href":"https:\/\/yotavis.ch\/fr\/wp-json\/wp\/v2\/comments?post=11057"}],"wp:featuredmedia":[{"embeddable":true,"href":"https:\/\/yotavis.ch\/fr\/wp-json\/wp\/v2\/media\/12075"}],"wp:attachment":[{"href":"https:\/\/yotavis.ch\/fr\/wp-json\/wp\/v2\/media?parent=11057"}],"wp:term":[{"taxonomy":"product_brand","embeddable":true,"href":"https:\/\/yotavis.ch\/fr\/wp-json\/wp\/v2\/product_brand?post=11057"},{"taxonomy":"product_cat","embeddable":true,"href":"https:\/\/yotavis.ch\/fr\/wp-json\/wp\/v2\/product_cat?post=11057"},{"taxonomy":"product_tag","embeddable":true,"href":"https:\/\/yotavis.ch\/fr\/wp-json\/wp\/v2\/product_tag?post=11057"}],"curies":[{"name":"wp","href":"https:\/\/api.w.org\/{rel}","templated":true}]}}