{"id":11059,"date":"2025-10-09T00:00:00","date_gmt":"2025-10-08T22:00:00","guid":{"rendered":"https:\/\/yotavis.ch\/product\/it8513b\/"},"modified":"2026-04-24T13:48:33","modified_gmt":"2026-04-24T11:48:33","slug":"it8513b","status":"publish","type":"product","link":"https:\/\/yotavis.ch\/fr\/produit\/it8513b\/","title":{"rendered":"IT8513B+"},"content":{"rendered":"<p>L'IT8513B+ est une charge \u00e9lectronique CC capable de g\u00e9rer jusqu'\u00e0 500 volts et 30 amp\u00e8res, avec une puissance maximale de 600 watts. Il est dot\u00e9 d'un seul canal de sortie con\u00e7u pour des tests et des mesures de charge pr\u00e9cis. L'appareil est dot\u00e9 d'une fonction de commande \u00e0 distance, ce qui facilite son utilisation et son int\u00e9gration dans des syst\u00e8mes de test automatis\u00e9s. Les options de connectivit\u00e9 comprennent des interfaces USB et RS232 standard, facilitant la communication avec divers syst\u00e8mes de contr\u00f4le et d'acquisition de donn\u00e9es. Cette charge \u00e9lectronique est fabriqu\u00e9e par ITECH, une marque r\u00e9put\u00e9e pour la fiabilit\u00e9 de ses \u00e9quipements de test. La combinaison d'une tension \u00e9lev\u00e9e, d'une capacit\u00e9 de courant et d'une puissance nominale fait que l'IT8513B+ convient \u00e0 une gamme d'applications n\u00e9cessitant des conditions de charge CC stables et pr\u00e9cises.<\/p>","protected":false},"excerpt":{"rendered":"<p>DC E-load 500V\/30A\/600W, interface standard USB\/RS232<\/p>","protected":false},"featured_media":12101,"comment_status":"closed","ping_status":"closed","template":"","meta":{"_acf_changed":false,"slim_seo":{"title":"IT8513B+ - YOTAVIS AG","description":"DC E-load 500V\/30A\/600W, interface standard USB\/RS232"}},"product_brand":[822],"product_cat":[517,515],"product_tag":[],"class_list":{"0":"post-11059","1":"product","2":"type-product","3":"status-publish","4":"has-post-thumbnail","6":"product_brand-itech","7":"product_cat-dc-load-en","8":"product_cat-power-en","9":"pa_current-a-404","10":"pa_output-number-146","11":"pa_power-w-582","12":"pa_remote-control-yes","13":"pa_voltage-v-604","15":"first","16":"instock","17":"taxable","18":"shipping-taxable","19":"product-type-simple"},"acf":[],"_links":{"self":[{"href":"https:\/\/yotavis.ch\/fr\/wp-json\/wp\/v2\/product\/11059","targetHints":{"allow":["GET"]}}],"collection":[{"href":"https:\/\/yotavis.ch\/fr\/wp-json\/wp\/v2\/product"}],"about":[{"href":"https:\/\/yotavis.ch\/fr\/wp-json\/wp\/v2\/types\/product"}],"replies":[{"embeddable":true,"href":"https:\/\/yotavis.ch\/fr\/wp-json\/wp\/v2\/comments?post=11059"}],"wp:featuredmedia":[{"embeddable":true,"href":"https:\/\/yotavis.ch\/fr\/wp-json\/wp\/v2\/media\/12101"}],"wp:attachment":[{"href":"https:\/\/yotavis.ch\/fr\/wp-json\/wp\/v2\/media?parent=11059"}],"wp:term":[{"taxonomy":"product_brand","embeddable":true,"href":"https:\/\/yotavis.ch\/fr\/wp-json\/wp\/v2\/product_brand?post=11059"},{"taxonomy":"product_cat","embeddable":true,"href":"https:\/\/yotavis.ch\/fr\/wp-json\/wp\/v2\/product_cat?post=11059"},{"taxonomy":"product_tag","embeddable":true,"href":"https:\/\/yotavis.ch\/fr\/wp-json\/wp\/v2\/product_tag?post=11059"}],"curies":[{"name":"wp","href":"https:\/\/api.w.org\/{rel}","templated":true}]}}