{"id":11060,"date":"2025-10-09T00:00:00","date_gmt":"2025-10-08T22:00:00","guid":{"rendered":"https:\/\/yotavis.ch\/product\/it8513c\/"},"modified":"2026-04-24T13:48:34","modified_gmt":"2026-04-24T11:48:34","slug":"it8513c","status":"publish","type":"product","link":"https:\/\/yotavis.ch\/fr\/produit\/it8513c\/","title":{"rendered":"IT8513C+"},"content":{"rendered":"<p>L'IT8513C+ est une charge \u00e9lectronique CC capable de g\u00e9rer jusqu'\u00e0 120 volts et 120 amp\u00e8res, d\u00e9livrant une puissance maximale de 600 watts. Il dispose d'un seul canal de sortie et prend en charge la fonctionnalit\u00e9 de commande \u00e0 distance. L'appareil comprend une interface DB9 avec signalisation TTL et offre en option des interfaces USB, RS232 et RS485 pour une connectivit\u00e9 flexible. Con\u00e7u pour s'adapter \u00e0 diverses applications de test et de mesure, l'IT8513C+ offre des performances fiables dans les limites de tension et de courant sp\u00e9cifi\u00e9es. Sa configuration permet un contr\u00f4le et une surveillance pr\u00e9cis des charges DC, ce qui le rend adapt\u00e9 \u00e0 une utilisation en laboratoire et dans les environnements industriels. L'inclusion de multiples options d'interface am\u00e9liore son adaptabilit\u00e9 \u00e0 diff\u00e9rentes configurations de syst\u00e8mes et protocoles de communication.<\/p>","protected":false},"excerpt":{"rendered":"<p>DC E-load 120V\/120A\/600W, DB9 (TTL), interface USB\/RS232\/RS485 en option<\/p>","protected":false},"featured_media":12104,"comment_status":"closed","ping_status":"closed","template":"","meta":{"_acf_changed":false,"slim_seo":{"title":"IT8513C+ - YOTAVIS AG","description":"DC E-load 120V\/120A\/600W, DB9 (TTL), interface USB\/RS232\/RS485 en option"}},"product_brand":[822],"product_cat":[517,515],"product_tag":[],"class_list":{"0":"post-11060","1":"product","2":"type-product","3":"status-publish","4":"has-post-thumbnail","6":"product_brand-itech","7":"product_cat-dc-load-en","8":"product_cat-power-en","9":"pa_current-a-559","10":"pa_output-number-146","11":"pa_power-w-582","12":"pa_remote-control-yes","13":"pa_voltage-v-979","15":"first","16":"instock","17":"taxable","18":"shipping-taxable","19":"product-type-simple"},"acf":[],"_links":{"self":[{"href":"https:\/\/yotavis.ch\/fr\/wp-json\/wp\/v2\/product\/11060","targetHints":{"allow":["GET"]}}],"collection":[{"href":"https:\/\/yotavis.ch\/fr\/wp-json\/wp\/v2\/product"}],"about":[{"href":"https:\/\/yotavis.ch\/fr\/wp-json\/wp\/v2\/types\/product"}],"replies":[{"embeddable":true,"href":"https:\/\/yotavis.ch\/fr\/wp-json\/wp\/v2\/comments?post=11060"}],"wp:featuredmedia":[{"embeddable":true,"href":"https:\/\/yotavis.ch\/fr\/wp-json\/wp\/v2\/media\/12104"}],"wp:attachment":[{"href":"https:\/\/yotavis.ch\/fr\/wp-json\/wp\/v2\/media?parent=11060"}],"wp:term":[{"taxonomy":"product_brand","embeddable":true,"href":"https:\/\/yotavis.ch\/fr\/wp-json\/wp\/v2\/product_brand?post=11060"},{"taxonomy":"product_cat","embeddable":true,"href":"https:\/\/yotavis.ch\/fr\/wp-json\/wp\/v2\/product_cat?post=11060"},{"taxonomy":"product_tag","embeddable":true,"href":"https:\/\/yotavis.ch\/fr\/wp-json\/wp\/v2\/product_tag?post=11060"}],"curies":[{"name":"wp","href":"https:\/\/api.w.org\/{rel}","templated":true}]}}