{"id":11068,"date":"2025-10-09T00:00:00","date_gmt":"2025-10-08T22:00:00","guid":{"rendered":"https:\/\/yotavis.ch\/product\/it6862a\/"},"modified":"2026-04-24T13:48:38","modified_gmt":"2026-04-24T11:48:38","slug":"it6862a","status":"publish","type":"product","link":"https:\/\/yotavis.ch\/fr\/produit\/it6862a\/","title":{"rendered":"IT6862A"},"content":{"rendered":"<p>L'IT6862A est une unit\u00e9 d'alimentation en courant continu capable de fournir jusqu'\u00e0 32 volts et 3 amp\u00e8res, avec une puissance maximale de 96 watts. Il prend \u00e9galement en charge une sortie 12 volts \u00e0 6 amp\u00e8res, fournissant 72 watts de puissance. Con\u00e7ue dans un format demi-rack 2U, cette unit\u00e9 est \u00e9quip\u00e9e d'une interface RS232 et USB standard pour la connectivit\u00e9. Il dispose d'un seul canal de sortie et comprend une fonctionnalit\u00e9 de contr\u00f4le \u00e0 distance, permettant un fonctionnement pratique \u00e0 distance. L'alimentation est fabriqu\u00e9e par ITECH, ce qui garantit sa compatibilit\u00e9 avec divers environnements de test et de d\u00e9veloppement. Sa conception permet une alimentation stable et fiable pour les applications n\u00e9cessitant un contr\u00f4le pr\u00e9cis de la tension et du courant. La combinaison des sp\u00e9cifications de tension, de courant et de puissance la rend adapt\u00e9e \u00e0 une gamme de sc\u00e9narios de test \u00e9lectronique.<\/p>","protected":false},"excerpt":{"rendered":"<p>DC PSU 32V\/3A96W ;  12V\/6A\/72W, 2U half-rack, standard RS232\/USB interface<\/p>","protected":false},"featured_media":12125,"comment_status":"closed","ping_status":"closed","template":"","meta":{"_acf_changed":false,"slim_seo":{"title":"IT6862A - YOTAVIS AG","description":"Alimentation DC 32V\/3A96W ; 12V\/6A\/72W, demi-rack 2U, interface standard RS232\/USB"}},"product_brand":[822],"product_cat":[516,515],"product_tag":[],"class_list":{"0":"post-11068","1":"product","2":"type-product","3":"status-publish","4":"has-post-thumbnail","6":"product_brand-itech","7":"product_cat-dc-source-en","8":"product_cat-power-en","9":"pa_current-a-399","10":"pa_output-number-146","11":"pa_power-w-968","12":"pa_remote-control-yes","13":"pa_voltage-v-140","15":"first","16":"instock","17":"taxable","18":"shipping-taxable","19":"product-type-simple"},"acf":[],"_links":{"self":[{"href":"https:\/\/yotavis.ch\/fr\/wp-json\/wp\/v2\/product\/11068","targetHints":{"allow":["GET"]}}],"collection":[{"href":"https:\/\/yotavis.ch\/fr\/wp-json\/wp\/v2\/product"}],"about":[{"href":"https:\/\/yotavis.ch\/fr\/wp-json\/wp\/v2\/types\/product"}],"replies":[{"embeddable":true,"href":"https:\/\/yotavis.ch\/fr\/wp-json\/wp\/v2\/comments?post=11068"}],"wp:featuredmedia":[{"embeddable":true,"href":"https:\/\/yotavis.ch\/fr\/wp-json\/wp\/v2\/media\/12125"}],"wp:attachment":[{"href":"https:\/\/yotavis.ch\/fr\/wp-json\/wp\/v2\/media?parent=11068"}],"wp:term":[{"taxonomy":"product_brand","embeddable":true,"href":"https:\/\/yotavis.ch\/fr\/wp-json\/wp\/v2\/product_brand?post=11068"},{"taxonomy":"product_cat","embeddable":true,"href":"https:\/\/yotavis.ch\/fr\/wp-json\/wp\/v2\/product_cat?post=11068"},{"taxonomy":"product_tag","embeddable":true,"href":"https:\/\/yotavis.ch\/fr\/wp-json\/wp\/v2\/product_tag?post=11068"}],"curies":[{"name":"wp","href":"https:\/\/api.w.org\/{rel}","templated":true}]}}