{"id":11070,"date":"2025-10-09T00:00:00","date_gmt":"2025-10-08T22:00:00","guid":{"rendered":"https:\/\/yotavis.ch\/product\/it6872a\/"},"modified":"2026-04-24T13:48:39","modified_gmt":"2026-04-24T11:48:39","slug":"it6872a","status":"publish","type":"product","link":"https:\/\/yotavis.ch\/fr\/produit\/it6872a\/","title":{"rendered":"IT6872A"},"content":{"rendered":"<p>L'IT6872A est une unit\u00e9 d'alimentation en courant continu capable de fournir jusqu'\u00e0 35 volts et 4 amp\u00e8res, avec une puissance de sortie maximale de 140 watts. Il prend \u00e9galement en charge une configuration de sortie alternative de 15 volts et 7 amp\u00e8res, fournissant une puissance de 105 watts. Ce dispositif est con\u00e7u dans un facteur de forme demi-rack 2U, ce qui permet de l'int\u00e9grer dans des racks d'\u00e9quipement standard. Il est dot\u00e9 d'un seul canal de sortie et d'une fonction de contr\u00f4le \u00e0 distance pour une utilisation pratique. L'unit\u00e9 est \u00e9quip\u00e9e d'interfaces RS232 et USB standard, permettant une connectivit\u00e9 et une communication ais\u00e9es avec d'autres appareils. Fabriqu\u00e9 par ITECH, l'IT6872A combine des r\u00e9glages de tension et de courant polyvalents avec un design compact pour r\u00e9pondre \u00e0 divers besoins en mati\u00e8re d'alimentation.<\/p>","protected":false},"excerpt":{"rendered":"<p>Alimentation DC 35V\/4A\/140W ; 15V\/7A\/105W, demi-rack 2U, interface standard RS232\/USB<\/p>","protected":false},"featured_media":12126,"comment_status":"closed","ping_status":"closed","template":"","meta":{"_acf_changed":false,"slim_seo":{"title":"IT6872A - YOTAVIS AG","description":"Alimentation DC 35V\/4A\/140W ; 15V\/7A\/105W, demi-rack 2U, interface standard RS232\/USB"}},"product_brand":[822],"product_cat":[516,515],"product_tag":[],"class_list":{"0":"post-11070","1":"product","2":"type-product","3":"status-publish","4":"has-post-thumbnail","6":"product_brand-itech","7":"product_cat-dc-source-en","8":"product_cat-power-en","9":"pa_current-a-571","10":"pa_output-number-146","11":"pa_power-w-970","12":"pa_remote-control-yes","13":"pa_voltage-v-592","15":"first","16":"instock","17":"taxable","18":"shipping-taxable","19":"product-type-simple"},"acf":[],"_links":{"self":[{"href":"https:\/\/yotavis.ch\/fr\/wp-json\/wp\/v2\/product\/11070","targetHints":{"allow":["GET"]}}],"collection":[{"href":"https:\/\/yotavis.ch\/fr\/wp-json\/wp\/v2\/product"}],"about":[{"href":"https:\/\/yotavis.ch\/fr\/wp-json\/wp\/v2\/types\/product"}],"replies":[{"embeddable":true,"href":"https:\/\/yotavis.ch\/fr\/wp-json\/wp\/v2\/comments?post=11070"}],"wp:featuredmedia":[{"embeddable":true,"href":"https:\/\/yotavis.ch\/fr\/wp-json\/wp\/v2\/media\/12126"}],"wp:attachment":[{"href":"https:\/\/yotavis.ch\/fr\/wp-json\/wp\/v2\/media?parent=11070"}],"wp:term":[{"taxonomy":"product_brand","embeddable":true,"href":"https:\/\/yotavis.ch\/fr\/wp-json\/wp\/v2\/product_brand?post=11070"},{"taxonomy":"product_cat","embeddable":true,"href":"https:\/\/yotavis.ch\/fr\/wp-json\/wp\/v2\/product_cat?post=11070"},{"taxonomy":"product_tag","embeddable":true,"href":"https:\/\/yotavis.ch\/fr\/wp-json\/wp\/v2\/product_tag?post=11070"}],"curies":[{"name":"wp","href":"https:\/\/api.w.org\/{rel}","templated":true}]}}