{"id":11072,"date":"2025-10-09T00:00:00","date_gmt":"2025-10-08T22:00:00","guid":{"rendered":"https:\/\/yotavis.ch\/product\/it6874a\/"},"modified":"2026-04-24T13:48:39","modified_gmt":"2026-04-24T11:48:39","slug":"it6874a","status":"publish","type":"product","link":"https:\/\/yotavis.ch\/fr\/produit\/it6874a\/","title":{"rendered":"IT6874A"},"content":{"rendered":"<p>L'IT6874A est un bloc d'alimentation CC capable de fournir jusqu'\u00e0 150 volts et 1,2 amp\u00e8re, avec une puissance de sortie maximale de 180 watts. Il prend \u00e9galement en charge une configuration de sortie alternative de 60 volts \u00e0 2 amp\u00e8res, fournissant une puissance de 120 watts. L'appareil est con\u00e7u dans un facteur de forme demi-rack 2U, ce qui permet de l'int\u00e9grer dans des racks d'\u00e9quipement standard. Il est dot\u00e9 d'un seul canal de sortie et d'une fonction de contr\u00f4le \u00e0 distance pour une utilisation pratique. L'unit\u00e9 est \u00e9quip\u00e9e d'interfaces RS232 et USB standard, ce qui facilite la connectivit\u00e9 et la communication avec d'autres appareils. Fabriqu\u00e9e par ITECH, cette alimentation est destin\u00e9e aux applications n\u00e9cessitant une alimentation CC pr\u00e9cise avec des r\u00e9glages de tension et de courant flexibles.<\/p>","protected":false},"excerpt":{"rendered":"<p>Alimentation DC 150V\/1.2A\/180W ; 60V\/2A\/120W, demi-rack 2U, interface standard RS232\/USB<\/p>","protected":false},"featured_media":12126,"comment_status":"closed","ping_status":"closed","template":"","meta":{"_acf_changed":false,"slim_seo":{"title":"IT6874A - YOTAVIS AG","description":"Alimentation DC 150V\/1.2A\/180W ; 60V\/2A\/120W, demi-rack 2U, interface standard RS232\/USB"}},"product_brand":[822],"product_cat":[516,515],"product_tag":[],"class_list":{"0":"post-11072","1":"product","2":"type-product","3":"status-publish","4":"has-post-thumbnail","6":"product_brand-itech","7":"product_cat-dc-source-en","8":"product_cat-power-en","9":"pa_current-a-573","10":"pa_output-number-146","11":"pa_power-w-409","12":"pa_remote-control-yes","13":"pa_voltage-v-150","15":"first","16":"instock","17":"taxable","18":"shipping-taxable","19":"product-type-simple"},"acf":[],"_links":{"self":[{"href":"https:\/\/yotavis.ch\/fr\/wp-json\/wp\/v2\/product\/11072","targetHints":{"allow":["GET"]}}],"collection":[{"href":"https:\/\/yotavis.ch\/fr\/wp-json\/wp\/v2\/product"}],"about":[{"href":"https:\/\/yotavis.ch\/fr\/wp-json\/wp\/v2\/types\/product"}],"replies":[{"embeddable":true,"href":"https:\/\/yotavis.ch\/fr\/wp-json\/wp\/v2\/comments?post=11072"}],"wp:featuredmedia":[{"embeddable":true,"href":"https:\/\/yotavis.ch\/fr\/wp-json\/wp\/v2\/media\/12126"}],"wp:attachment":[{"href":"https:\/\/yotavis.ch\/fr\/wp-json\/wp\/v2\/media?parent=11072"}],"wp:term":[{"taxonomy":"product_brand","embeddable":true,"href":"https:\/\/yotavis.ch\/fr\/wp-json\/wp\/v2\/product_brand?post=11072"},{"taxonomy":"product_cat","embeddable":true,"href":"https:\/\/yotavis.ch\/fr\/wp-json\/wp\/v2\/product_cat?post=11072"},{"taxonomy":"product_tag","embeddable":true,"href":"https:\/\/yotavis.ch\/fr\/wp-json\/wp\/v2\/product_tag?post=11072"}],"curies":[{"name":"wp","href":"https:\/\/api.w.org\/{rel}","templated":true}]}}