{"id":11074,"date":"2025-10-09T00:00:00","date_gmt":"2025-10-08T22:00:00","guid":{"rendered":"https:\/\/yotavis.ch\/product\/it8514b\/"},"modified":"2026-04-24T13:48:40","modified_gmt":"2026-04-24T11:48:40","slug":"it8514b","status":"publish","type":"product","link":"https:\/\/yotavis.ch\/fr\/produit\/it8514b\/","title":{"rendered":"IT8514B+"},"content":{"rendered":"<p>L'IT8514B+ est une charge \u00e9lectronique CC capable de g\u00e9rer jusqu'\u00e0 500 volts et 60 amp\u00e8res, avec une puissance maximale de 1500 watts. Il est dot\u00e9 d'un seul canal de sortie con\u00e7u pour des applications de test de charge pr\u00e9cises. L'appareil est dot\u00e9 d'une fonction de commande \u00e0 distance, ce qui facilite son utilisation et son int\u00e9gration dans des syst\u00e8mes d'essai automatis\u00e9s. Les options de connectivit\u00e9 comprennent des interfaces USB et RS232 standard, facilitant la communication avec diverses plates-formes de contr\u00f4le. Cette charge \u00e9lectronique est fabriqu\u00e9e par ITECH, une marque connue pour ses \u00e9quipements de test et de mesure. La combinaison d'une tension \u00e9lev\u00e9e, d'une capacit\u00e9 de courant et d'une puissance nominale fait de l'IT8514B+ un outil adapt\u00e9 \u00e0 toute une s\u00e9rie de sc\u00e9narios de test \u00e9lectrique exigeants.<\/p>","protected":false},"excerpt":{"rendered":"<p>DC E-load 500V\/60A\/1500W, interface standard USB\/RS232<\/p>","protected":false},"featured_media":12101,"comment_status":"closed","ping_status":"closed","template":"","meta":{"_acf_changed":false,"slim_seo":{"title":"IT8514B+ - YOTAVIS AG","description":"DC E-load 500V\/60A\/1500W, interface standard USB\/RS232"}},"product_brand":[822],"product_cat":[517,515],"product_tag":[],"class_list":{"0":"post-11074","1":"product","2":"type-product","3":"status-publish","4":"has-post-thumbnail","6":"product_brand-itech","7":"product_cat-dc-load-en","8":"product_cat-power-en","9":"pa_current-a-406","10":"pa_output-number-146","11":"pa_power-w-400","12":"pa_remote-control-yes","13":"pa_voltage-v-604","15":"first","16":"instock","17":"taxable","18":"shipping-taxable","19":"product-type-simple"},"acf":[],"_links":{"self":[{"href":"https:\/\/yotavis.ch\/fr\/wp-json\/wp\/v2\/product\/11074","targetHints":{"allow":["GET"]}}],"collection":[{"href":"https:\/\/yotavis.ch\/fr\/wp-json\/wp\/v2\/product"}],"about":[{"href":"https:\/\/yotavis.ch\/fr\/wp-json\/wp\/v2\/types\/product"}],"replies":[{"embeddable":true,"href":"https:\/\/yotavis.ch\/fr\/wp-json\/wp\/v2\/comments?post=11074"}],"wp:featuredmedia":[{"embeddable":true,"href":"https:\/\/yotavis.ch\/fr\/wp-json\/wp\/v2\/media\/12101"}],"wp:attachment":[{"href":"https:\/\/yotavis.ch\/fr\/wp-json\/wp\/v2\/media?parent=11074"}],"wp:term":[{"taxonomy":"product_brand","embeddable":true,"href":"https:\/\/yotavis.ch\/fr\/wp-json\/wp\/v2\/product_brand?post=11074"},{"taxonomy":"product_cat","embeddable":true,"href":"https:\/\/yotavis.ch\/fr\/wp-json\/wp\/v2\/product_cat?post=11074"},{"taxonomy":"product_tag","embeddable":true,"href":"https:\/\/yotavis.ch\/fr\/wp-json\/wp\/v2\/product_tag?post=11074"}],"curies":[{"name":"wp","href":"https:\/\/api.w.org\/{rel}","templated":true}]}}