{"id":11075,"date":"2025-10-09T00:00:00","date_gmt":"2025-10-08T22:00:00","guid":{"rendered":"https:\/\/yotavis.ch\/product\/it8516c\/"},"modified":"2026-04-24T13:48:41","modified_gmt":"2026-04-24T11:48:41","slug":"it8516c","status":"publish","type":"product","link":"https:\/\/yotavis.ch\/fr\/produit\/it8516c\/","title":{"rendered":"IT8516C+"},"content":{"rendered":"<p>L'IT8516C+ est une charge \u00e9lectronique DC con\u00e7ue pour fonctionner \u00e0 une tension de 120V et un courant de 240A, d\u00e9livrant une puissance maximale de 3000W. Il est dot\u00e9 d'un seul canal de sortie, ce qui permet d'effectuer des tests de charge cibl\u00e9s et pr\u00e9cis. L'appareil est dot\u00e9 d'une fonction de t\u00e9l\u00e9commande, ce qui permet aux utilisateurs de l'utiliser \u00e0 distance pour des raisons de commodit\u00e9 et de s\u00e9curit\u00e9. Les options de connectivit\u00e9 comprennent des interfaces USB et RS232 standard, facilitant l'int\u00e9gration avec divers syst\u00e8mes de contr\u00f4le et d'acquisition de donn\u00e9es. Cette charge \u00e9lectronique convient aux applications n\u00e9cessitant un test de charge DC stable et fiable dans les plages de tension et de courant sp\u00e9cifi\u00e9es. Sa conception met l'accent sur la compatibilit\u00e9 et la flexibilit\u00e9 de contr\u00f4le gr\u00e2ce \u00e0 ses options d'interface. L'IT8516C+ est fabriqu\u00e9 par ITECH, une marque connue pour la production d'\u00e9quipements de test \u00e9lectroniques.<\/p>","protected":false},"excerpt":{"rendered":"<p>DC E-load 120V\/240A\/3000W, interface standard USB\/RS232<\/p>","protected":false},"featured_media":12130,"comment_status":"closed","ping_status":"closed","template":"","meta":{"_acf_changed":false,"slim_seo":{"title":"IT8516C+ - YOTAVIS AG","description":"DC E-load 120V\/240A\/3000W, interface standard USB\/RS232"}},"product_brand":[822],"product_cat":[516,515],"product_tag":[],"class_list":{"0":"post-11075","1":"product","2":"type-product","3":"status-publish","4":"has-post-thumbnail","6":"product_brand-itech","7":"product_cat-dc-source-en","8":"product_cat-power-en","9":"pa_current-a-634","10":"pa_output-number-146","11":"pa_power-w-632","12":"pa_remote-control-yes","13":"pa_voltage-v-979","15":"first","16":"instock","17":"taxable","18":"shipping-taxable","19":"product-type-simple"},"acf":[],"_links":{"self":[{"href":"https:\/\/yotavis.ch\/fr\/wp-json\/wp\/v2\/product\/11075","targetHints":{"allow":["GET"]}}],"collection":[{"href":"https:\/\/yotavis.ch\/fr\/wp-json\/wp\/v2\/product"}],"about":[{"href":"https:\/\/yotavis.ch\/fr\/wp-json\/wp\/v2\/types\/product"}],"replies":[{"embeddable":true,"href":"https:\/\/yotavis.ch\/fr\/wp-json\/wp\/v2\/comments?post=11075"}],"wp:featuredmedia":[{"embeddable":true,"href":"https:\/\/yotavis.ch\/fr\/wp-json\/wp\/v2\/media\/12130"}],"wp:attachment":[{"href":"https:\/\/yotavis.ch\/fr\/wp-json\/wp\/v2\/media?parent=11075"}],"wp:term":[{"taxonomy":"product_brand","embeddable":true,"href":"https:\/\/yotavis.ch\/fr\/wp-json\/wp\/v2\/product_brand?post=11075"},{"taxonomy":"product_cat","embeddable":true,"href":"https:\/\/yotavis.ch\/fr\/wp-json\/wp\/v2\/product_cat?post=11075"},{"taxonomy":"product_tag","embeddable":true,"href":"https:\/\/yotavis.ch\/fr\/wp-json\/wp\/v2\/product_tag?post=11075"}],"curies":[{"name":"wp","href":"https:\/\/api.w.org\/{rel}","templated":true}]}}