{"id":11078,"date":"2025-10-09T00:00:00","date_gmt":"2025-10-08T22:00:00","guid":{"rendered":"https:\/\/yotavis.ch\/product\/it6333a\/"},"modified":"2026-04-24T13:48:41","modified_gmt":"2026-04-24T11:48:41","slug":"it6333a","status":"publish","type":"product","link":"https:\/\/yotavis.ch\/fr\/produit\/it6333a\/","title":{"rendered":"IT6333A"},"content":{"rendered":"<p>L'ITECH IT6333A est une source de courant continu con\u00e7ue pour offrir des performances fiables. Dot\u00e9e d'une capacit\u00e9 de sortie de 375 watts, elle fonctionne \u00e0 des tensions allant jusqu'\u00e0 60 volts et \u00e0 des courants atteignant 3 amp\u00e8res. L'appareil comprend trois canaux de sortie ind\u00e9pendants, ce qui permet une distribution polyvalente de la puissance. Id\u00e9al pour les applications n\u00e9cessitant une alimentation en courant continu stable et r\u00e9glable, il r\u00e9pond \u00e0 toute une s\u00e9rie de besoins en mati\u00e8re de tests et de d\u00e9veloppement. Ses caract\u00e9ristiques avanc\u00e9es garantissent un contr\u00f4le pr\u00e9cis et un fonctionnement efficace sur plusieurs sorties.<\/p>","protected":false},"excerpt":{"rendered":"<p>Alimentation DC Triple sortie 60V\/3A\/180W*2CH ; 5V\/3A\/15W*1CH, interface standard RS232\/USB<\/p>","protected":false},"featured_media":12142,"comment_status":"closed","ping_status":"closed","template":"","meta":{"_acf_changed":false,"slim_seo":{"title":"IT6333A - YOTAVIS AG","description":"Alimentation DC Triple sortie 60V\/3A\/180W*2CH ; 5V\/3A\/15W*1CH, interface standard RS232\/USB"}},"product_brand":[822],"product_cat":[516,515],"product_tag":[],"class_list":{"0":"post-11078","1":"product","2":"type-product","3":"status-publish","4":"has-post-thumbnail","6":"product_brand-itech","7":"product_cat-dc-source-en","8":"product_cat-power-en","9":"pa_current-a-485","10":"pa_output-number-141","11":"pa_power-w-492","12":"pa_voltage-v-314","14":"first","15":"instock","16":"taxable","17":"shipping-taxable","18":"product-type-simple"},"acf":[],"_links":{"self":[{"href":"https:\/\/yotavis.ch\/fr\/wp-json\/wp\/v2\/product\/11078","targetHints":{"allow":["GET"]}}],"collection":[{"href":"https:\/\/yotavis.ch\/fr\/wp-json\/wp\/v2\/product"}],"about":[{"href":"https:\/\/yotavis.ch\/fr\/wp-json\/wp\/v2\/types\/product"}],"replies":[{"embeddable":true,"href":"https:\/\/yotavis.ch\/fr\/wp-json\/wp\/v2\/comments?post=11078"}],"wp:featuredmedia":[{"embeddable":true,"href":"https:\/\/yotavis.ch\/fr\/wp-json\/wp\/v2\/media\/12142"}],"wp:attachment":[{"href":"https:\/\/yotavis.ch\/fr\/wp-json\/wp\/v2\/media?parent=11078"}],"wp:term":[{"taxonomy":"product_brand","embeddable":true,"href":"https:\/\/yotavis.ch\/fr\/wp-json\/wp\/v2\/product_brand?post=11078"},{"taxonomy":"product_cat","embeddable":true,"href":"https:\/\/yotavis.ch\/fr\/wp-json\/wp\/v2\/product_cat?post=11078"},{"taxonomy":"product_tag","embeddable":true,"href":"https:\/\/yotavis.ch\/fr\/wp-json\/wp\/v2\/product_tag?post=11078"}],"curies":[{"name":"wp","href":"https:\/\/api.w.org\/{rel}","templated":true}]}}