{"id":11081,"date":"2025-10-09T00:00:00","date_gmt":"2025-10-08T22:00:00","guid":{"rendered":"https:\/\/yotavis.ch\/product\/it6121b\/"},"modified":"2026-04-24T13:48:43","modified_gmt":"2026-04-24T11:48:43","slug":"it6121b","status":"publish","type":"product","link":"https:\/\/yotavis.ch\/fr\/produit\/it6121b\/","title":{"rendered":"IT6121B"},"content":{"rendered":"<p>L'IT6121B est un bloc d'alimentation DC d'une puissance de 100 watts, d\u00e9livrant une tension de 20 volts et un courant de 5 amp\u00e8res. Il est dot\u00e9 d'un seul canal de sortie, ce qui le rend adapt\u00e9 aux applications n\u00e9cessitant une source d'alimentation stable et pr\u00e9cise. L'appareil est dot\u00e9 d'une fonction de commande \u00e0 distance, ce qui permet aux utilisateurs de l'utiliser \u00e0 distance pour plus de commodit\u00e9 et de flexibilit\u00e9. Les options de connectivit\u00e9 comprennent les interfaces standard RS232 et USB, permettant une int\u00e9gration facile avec divers syst\u00e8mes de contr\u00f4le et ordinateurs. Cette alimentation est con\u00e7ue pour fournir des performances fiables et constantes, ses sp\u00e9cifications \u00e9tant clairement d\u00e9finies pour r\u00e9pondre \u00e0 des besoins sp\u00e9cifiques en mati\u00e8re d'alimentation. La combinaison de ses valeurs nominales de tension, de courant et de puissance garantit qu'elle peut prendre en charge toute une s\u00e9rie de t\u00e2ches de test et de d\u00e9veloppement \u00e9lectroniques. La marque ITECH est associ\u00e9e \u00e0 ce mod\u00e8le, indiquant le fabricant responsable de sa conception et de sa production.<\/p>","protected":false},"excerpt":{"rendered":"<p>Alimentation DC 20V\/5A\/100W, interface standard RS232\/USB<\/p>","protected":false},"featured_media":11544,"comment_status":"closed","ping_status":"closed","template":"","meta":{"_acf_changed":false,"slim_seo":{"title":"IT6121B - YOTAVIS AG","description":"Alimentation DC 20V\/5A\/100W, interface standard RS232\/USB"}},"product_brand":[822],"product_cat":[516,515],"product_tag":[],"class_list":{"0":"post-11081","1":"product","2":"type-product","3":"status-publish","4":"has-post-thumbnail","6":"product_brand-itech","7":"product_cat-dc-source-en","8":"product_cat-power-en","9":"pa_current-a-392","10":"pa_output-number-146","11":"pa_power-w-481","12":"pa_remote-control-yes","13":"pa_voltage-v-315","15":"first","16":"instock","17":"taxable","18":"shipping-taxable","19":"product-type-simple"},"acf":[],"_links":{"self":[{"href":"https:\/\/yotavis.ch\/fr\/wp-json\/wp\/v2\/product\/11081","targetHints":{"allow":["GET"]}}],"collection":[{"href":"https:\/\/yotavis.ch\/fr\/wp-json\/wp\/v2\/product"}],"about":[{"href":"https:\/\/yotavis.ch\/fr\/wp-json\/wp\/v2\/types\/product"}],"replies":[{"embeddable":true,"href":"https:\/\/yotavis.ch\/fr\/wp-json\/wp\/v2\/comments?post=11081"}],"wp:featuredmedia":[{"embeddable":true,"href":"https:\/\/yotavis.ch\/fr\/wp-json\/wp\/v2\/media\/11544"}],"wp:attachment":[{"href":"https:\/\/yotavis.ch\/fr\/wp-json\/wp\/v2\/media?parent=11081"}],"wp:term":[{"taxonomy":"product_brand","embeddable":true,"href":"https:\/\/yotavis.ch\/fr\/wp-json\/wp\/v2\/product_brand?post=11081"},{"taxonomy":"product_cat","embeddable":true,"href":"https:\/\/yotavis.ch\/fr\/wp-json\/wp\/v2\/product_cat?post=11081"},{"taxonomy":"product_tag","embeddable":true,"href":"https:\/\/yotavis.ch\/fr\/wp-json\/wp\/v2\/product_tag?post=11081"}],"curies":[{"name":"wp","href":"https:\/\/api.w.org\/{rel}","templated":true}]}}